{"id":22959,"date":"2025-07-25T12:03:23","date_gmt":"2025-07-25T12:03:23","guid":{"rendered":"https:\/\/boreait.com\/hr\/?post_type=product&#038;p=22959"},"modified":"2026-01-19T09:52:42","modified_gmt":"2026-01-19T09:52:42","slug":"samsung-r60-plus-video-kabel-kabel-zaslona-ba39-00658a-zamjenski-oem-dio","status":"publish","type":"product","link":"https:\/\/boreait.com\/hr\/product\/samsung-r60-plus-video-kabel-kabel-zaslona-ba39-00658a-zamjenski-oem-dio\/","title":{"rendered":"Samsung R60 Plus Video kabel Kabel zaslona BA39-00658A Zamjenski OEM dio"},"content":{"rendered":"<p>Do\u017eivite jasne i \u017eivopisne slike na svom prijenosnom ra\u010dunalu Samsung R60 Plus s originalnim Samsung video kabelom BA39-00658A. Ovaj OEM zamjenski dio osigurava besprijekornu povezanost izme\u0111u mati\u010dne plo\u010de va\u0161eg prijenosnog ra\u010dunala i zaslona, isporu\u010duju\u0107i video izlaz visoke kvalitete za impresivno iskustvo gledanja. Izra\u0111en s precizno\u0161\u0107u i izdr\u017eljivo\u0161\u0107u, ovaj video kabel je dizajniran da zadovolji Samsungove stroge standarde kvalitete, jam\u010de\u0107i optimalnu izvedbu i pouzdanost. Recite zbogom treperenju zaslona i izobli\u010denoj slici &#8211; nadogradite na Samsung Video Cable Display Cable BA39-00658A danas i u\u017eivajte u kristalno \u010distom prikazu kao nikada prije!<\/p>\n","protected":false},"excerpt":{"rendered":"<p>Pobolj\u0161ajte svoje iskustvo gledanja na prijenosnom ra\u010dunalu Samsung R60 Plus s OEM Samsung video kabelom Display Cable BA39-00658A. U\u017eivajte u visokokvalitetnom video izlazu i pouzdanoj povezanosti izme\u0111u mati\u010dne plo\u010de i zaslona va\u0161eg prijenosnog ra\u010dunala. Nadogradite sada za kristalno jasan prikaz!<\/p>\n","protected":false},"featured_media":23015,"template":"","meta":[],"product_brand":[],"product_cat":[55],"product_tag":[83],"class_list":{"0":"post-22959","1":"product","2":"type-product","3":"status-publish","4":"has-post-thumbnail","6":"product_cat-cables","7":"product_tag-samsung","9":"first","10":"instock","11":"taxable","12":"shipping-taxable","13":"purchasable","14":"product-type-simple"},"_links":{"self":[{"href":"https:\/\/boreait.com\/hr\/wp-json\/wp\/v2\/product\/22959","targetHints":{"allow":["GET"]}}],"collection":[{"href":"https:\/\/boreait.com\/hr\/wp-json\/wp\/v2\/product"}],"about":[{"href":"https:\/\/boreait.com\/hr\/wp-json\/wp\/v2\/types\/product"}],"wp:featuredmedia":[{"embeddable":true,"href":"https:\/\/boreait.com\/hr\/wp-json\/wp\/v2\/media\/23015"}],"wp:attachment":[{"href":"https:\/\/boreait.com\/hr\/wp-json\/wp\/v2\/media?parent=22959"}],"wp:term":[{"taxonomy":"product_brand","embeddable":true,"href":"https:\/\/boreait.com\/hr\/wp-json\/wp\/v2\/product_brand?post=22959"},{"taxonomy":"product_cat","embeddable":true,"href":"https:\/\/boreait.com\/hr\/wp-json\/wp\/v2\/product_cat?post=22959"},{"taxonomy":"product_tag","embeddable":true,"href":"https:\/\/boreait.com\/hr\/wp-json\/wp\/v2\/product_tag?post=22959"}],"curies":[{"name":"wp","href":"https:\/\/api.w.org\/{rel}","templated":true}]}}