{"id":22956,"date":"2025-07-25T12:03:22","date_gmt":"2025-07-25T12:03:22","guid":{"rendered":"https:\/\/boreait.com\/hr\/?post_type=product&#038;p=22956"},"modified":"2025-07-25T12:04:21","modified_gmt":"2025-07-25T12:04:21","slug":"lcd-sarke-za-samsung-np-r60s-r60plus-sarke-zaslon-monitor-video-zaslon","status":"publish","type":"product","link":"https:\/\/boreait.com\/hr\/product\/lcd-sarke-za-samsung-np-r60s-r60plus-sarke-zaslon-monitor-video-zaslon\/","title":{"rendered":"LCD \u0161arke za Samsung NP-R60S &#8211; R60plus \u0161arke Zaslon Monitor Video Zaslon"},"content":{"rendered":"<p>Pobolj\u0161ajte stabilnost i funkcionalnost svog prijenosnog ra\u010dunala Samsung NP-R60S ili R60plus pomo\u0107u ovih LCD \u0161arki dizajniranih za podr\u0161ku monitora. Izra\u0111ene imaju\u0107i na umu preciznost i izdr\u017eljivost, ove \u0161arke nude besprijekoran rad, omogu\u0107uju\u0107i vam da s lako\u0107om otvorite i zatvorite poklopac prijenosnog ra\u010dunala. Izra\u0111ene od vrhunskih materijala, ove su \u0161arke napravljene da izdr\u017ee svakodnevnu upotrebu i pru\u017eaju dugotrajnu izvedbu. Bilo da ste student, profesionalac ili povremeni korisnik, mo\u017eete se osloniti na ove \u0161arke kako bi va\u0161 zaslon sigurno ostao na mjestu dok radite, gledate videozapise ili pregledavate web. Kompatibilne s modelima Samsung NP-R60S i R60plus, ove \u0161arke osiguravaju savr\u0161eno pristajanje i instalaciju bez muke. Jednostavno uklonite svoje stare \u0161arke i zamijenite ih ovim novima kako biste povratili funkcionalnost i izgled prijenosnog ra\u010dunala. Ulo\u017eite u ove LCD \u0161arke ve\u0107 danas i u\u017eivajte u pobolj\u0161anoj stabilnosti, funkcionalnosti i estetici svog prijenosnog ra\u010dunala Samsung. Bilo da mijenjate dotrajale \u0161arke ili nadogra\u0111ujete radi pobolj\u0161anja performansi, ove su \u0161arke idealno rje\u0161enje za potrebe dijelova va\u0161eg prijenosnog ra\u010dunala.<\/p>\n","protected":false},"excerpt":{"rendered":"<p>Nadogradite svoje prijenosno ra\u010dunalo Samsung NP-R60S ili R60plus ovim izdr\u017eljivim \u0161arkama za LCD, dizajniranim da pru\u017ee pouzdanu potporu va\u0161em monitoru. Osigurajte glatko otvaranje i zatvaranje poklopca prijenosnog ra\u010dunala s ovim visokokvalitetnim \u0161arkama, pobolj\u0161avaju\u0107i i funkcionalnost i estetiku. Jednostavne za ugradnju i napravljene da traju, ove su \u0161arke savr\u0161ena zamjena za istro\u0161ene ili o\u0161te\u0107ene. Nabavite svoje danas i vratite svoje prijenosno ra\u010dunalo u optimalno stanje!<\/p>\n","protected":false},"featured_media":23011,"template":"","meta":[],"product_brand":[],"product_cat":[54],"product_tag":[83],"class_list":{"0":"post-22956","1":"product","2":"type-product","3":"status-publish","4":"has-post-thumbnail","6":"product_cat-screen-hinge","7":"product_tag-samsung","9":"first","10":"instock","11":"taxable","12":"shipping-taxable","13":"purchasable","14":"product-type-simple"},"_links":{"self":[{"href":"https:\/\/boreait.com\/hr\/wp-json\/wp\/v2\/product\/22956","targetHints":{"allow":["GET"]}}],"collection":[{"href":"https:\/\/boreait.com\/hr\/wp-json\/wp\/v2\/product"}],"about":[{"href":"https:\/\/boreait.com\/hr\/wp-json\/wp\/v2\/types\/product"}],"wp:featuredmedia":[{"embeddable":true,"href":"https:\/\/boreait.com\/hr\/wp-json\/wp\/v2\/media\/23011"}],"wp:attachment":[{"href":"https:\/\/boreait.com\/hr\/wp-json\/wp\/v2\/media?parent=22956"}],"wp:term":[{"taxonomy":"product_brand","embeddable":true,"href":"https:\/\/boreait.com\/hr\/wp-json\/wp\/v2\/product_brand?post=22956"},{"taxonomy":"product_cat","embeddable":true,"href":"https:\/\/boreait.com\/hr\/wp-json\/wp\/v2\/product_cat?post=22956"},{"taxonomy":"product_tag","embeddable":true,"href":"https:\/\/boreait.com\/hr\/wp-json\/wp\/v2\/product_tag?post=22956"}],"curies":[{"name":"wp","href":"https:\/\/api.w.org\/{rel}","templated":true}]}}