{"id":22943,"date":"2025-07-25T12:02:59","date_gmt":"2025-07-25T12:02:59","guid":{"rendered":"https:\/\/boreait.com\/hr\/?post_type=product&#038;p=22943"},"modified":"2025-07-25T12:04:17","modified_gmt":"2025-07-25T12:04:17","slug":"dell-dw1702-atheros-ar5b195-bezicna-wifi-n-bluetooth-wlan-kartica-za-14r-n4110-n4120","status":"publish","type":"product","link":"https:\/\/boreait.com\/hr\/product\/dell-dw1702-atheros-ar5b195-bezicna-wifi-n-bluetooth-wlan-kartica-za-14r-n4110-n4120\/","title":{"rendered":"Dell DW1702 Atheros AR5B195 be\u017ei\u010dna WiFi N Bluetooth WLAN kartica za 14R N4110 N4120"},"content":{"rendered":"<p>Pobolj\u0161ajte performanse svog prijenosnog ra\u010dunala Dell 14R N4110 N4120 s Dell DW1702 Atheros AR5B195 be\u017ei\u010dnom WiFi N Bluetooth WLAN karticom. Ovaj originalni Dell dio osigurava besprijekornu kompatibilnost, jam\u010de\u0107i optimalnu funkcionalnost.<\/p>\n<p><strong>Klju\u010dne zna\u010dajke:<\/strong><\/p>\n<ul>\n<li><strong>Be\u017ei\u010dna povezivost:<\/strong> Iskusite munjevito brze WiFi N brzine za glatko online pregledavanje, strujanje i preuzimanja.<\/li>\n<li><strong>Bluetooth mogu\u0107nost:<\/strong> Pove\u017eite svoje omiljene periferne ure\u0111aje be\u017ei\u010dno s integriranom Bluetooth zna\u010dajkom.<\/li>\n<li><strong>Kompatibilnost:<\/strong> Dizajnirano posebno za model Dell 14R N4110 N4120, osigurava savr\u0161eno pristajanje i jednostavnu instalaciju.<\/li>\n<li><strong>Prave fotografije proizvoda:<\/strong> Ono \u0161to vidite to i dobivate. Prave fotografije stvarnog proizvoda, tako da to\u010dno znate \u0161to mo\u017eete o\u010dekivati.<\/li>\n<\/ul>\n<p><strong>Upute za instalaciju:<\/strong> Ova je kartica dizajnirana za jednostavnu instalaciju. Me\u0111utim, ako trebate pomo\u0107, slobodno nam po\u0161aljite poruku. Iako ne pru\u017eamo upute korak po korak, tu smo da vam pomognemo voditi kroz sva pitanja koja mo\u017eda imate.<\/p>\n<p><strong>Podaci o dostavi:<\/strong> Nudimo dostavu \u0161irom svijeta, a slike proizvoda prikazuju stvarni artikl koji \u0107ete dobiti. Budite sigurni, va\u0161a \u0107e narud\u017eba biti pa\u017eljivo zapakirana i dostavljena na ku\u0107ni prag.<\/p>\n<p>Nadogradite be\u017ei\u010dne mogu\u0107nosti svog prijenosnog ra\u010dunala ve\u0107 danas s Dell DW1702 Atheros AR5B195 karticom. Iskusite pogodnost brze WiFi i Bluetooth veze, potpomognute pouzdano\u0161\u0107u originalnih Dell komponenti. Naru\u010dite sada i pobolj\u0161ajte svoje ra\u010dunalno iskustvo!<\/p>\n","protected":false},"excerpt":{"rendered":"<p>Nadogradite svoj Dell 14R N4110 N4120 s Dell DW1702 Atheros AR5B195 be\u017ei\u010dnom WiFi N Bluetooth WLAN karticom. Originalni Dell dio za besprijekornu kompatibilnost. Pobolj\u0161ajte povezivost prijenosnog ra\u010dunala i u\u017eivajte u brzim WiFi i Bluetooth mogu\u0107nostima. Jednostavna instalacija sa stvarnim fotografijama stvarnog proizvoda koji \u0107ete dobiti. Dostupna dostava diljem svijeta.<\/p>\n","protected":false},"featured_media":23008,"template":"","meta":[],"product_brand":[],"product_cat":[62],"product_tag":[52],"class_list":{"0":"post-22943","1":"product","2":"type-product","3":"status-publish","4":"has-post-thumbnail","6":"product_cat-motherboards-board-parts","7":"product_tag-dell","9":"first","10":"instock","11":"taxable","12":"shipping-taxable","13":"purchasable","14":"product-type-simple"},"_links":{"self":[{"href":"https:\/\/boreait.com\/hr\/wp-json\/wp\/v2\/product\/22943","targetHints":{"allow":["GET"]}}],"collection":[{"href":"https:\/\/boreait.com\/hr\/wp-json\/wp\/v2\/product"}],"about":[{"href":"https:\/\/boreait.com\/hr\/wp-json\/wp\/v2\/types\/product"}],"wp:featuredmedia":[{"embeddable":true,"href":"https:\/\/boreait.com\/hr\/wp-json\/wp\/v2\/media\/23008"}],"wp:attachment":[{"href":"https:\/\/boreait.com\/hr\/wp-json\/wp\/v2\/media?parent=22943"}],"wp:term":[{"taxonomy":"product_brand","embeddable":true,"href":"https:\/\/boreait.com\/hr\/wp-json\/wp\/v2\/product_brand?post=22943"},{"taxonomy":"product_cat","embeddable":true,"href":"https:\/\/boreait.com\/hr\/wp-json\/wp\/v2\/product_cat?post=22943"},{"taxonomy":"product_tag","embeddable":true,"href":"https:\/\/boreait.com\/hr\/wp-json\/wp\/v2\/product_tag?post=22943"}],"curies":[{"name":"wp","href":"https:\/\/api.w.org\/{rel}","templated":true}]}}