{"id":22938,"date":"2025-07-25T12:02:59","date_gmt":"2025-07-25T12:02:59","guid":{"rendered":"https:\/\/boreait.com\/hr\/?post_type=product&#038;p=22938"},"modified":"2025-07-25T12:04:10","modified_gmt":"2025-07-25T12:04:10","slug":"originalni-acer-e5-571-dc301000q-j00-konektor-napajanja-dc-jack-dijelovi-za-prijenosna-racunala","status":"publish","type":"product","link":"https:\/\/boreait.com\/hr\/product\/originalni-acer-e5-571-dc301000q-j00-konektor-napajanja-dc-jack-dijelovi-za-prijenosna-racunala\/","title":{"rendered":"Originalni Acer E5 571 DC301000Q J00 konektor napajanja DC JACK &#8211; dijelovi za prijenosna ra\u010dunala"},"content":{"rendered":"<p>Ulo\u017eite u dugovje\u010dnost svog prijenosnog ra\u010dunala Acer E5 571 s originalnim Acer E5 571 DC301000Q J00 Power DC JACK konektorom, dostupnim isklju\u010divo u Siggmu. Ovaj izvorni konektor za napajanje dizajniran je kako bi osigurao sigurno i u\u010dinkovito napajanje va\u0161eg prijenosnog ra\u010dunala, sprje\u010davaju\u0107i smetnje u radu.<\/p>\n<p><strong>Klju\u010dne zna\u010dajke:<\/strong><\/p>\n<ul>\n<li><strong>Kompatibilnost:<\/strong> Posebno dizajnirano za modele Acer E5 571, osiguravaju\u0107i savr\u0161eno pristajanje.<\/li>\n<li><strong>Originalni Acer dio:<\/strong> Budite mirni znaju\u0107i da kupujete autenti\u010dni Acer dio za prijenosno ra\u010dunalo.<\/li>\n<li><strong>Pouzdano napajanje:<\/strong> Smanjite rizik od prekida napajanja ovim visokokvalitetnim DC JACK priklju\u010dkom.<\/li>\n<\/ul>\n<p>Bez obzira jeste li zaljubljenik u tehnologiju, ljubitelj DIY popravka prijenosnih ra\u010dunala ili profesionalac, ovaj Acer E5 571 DC JACK konektor bitna je komponenta za odr\u017eavanje funkcionalnosti va\u0161eg prijenosnog ra\u010dunala.<\/p>\n<p><strong>Napomena:<\/strong><\/p>\n<ul>\n<li>Pomo\u0107 pri instalaciji nije uklju\u010dena, ali mi smo tu da vam pomognemo. Slobodno nam po\u0161aljite poruku za sve dodatne informacije ili podr\u0161ku koja vam mo\u017ee zatrebati.<\/li>\n<li>Prikazane slike proizvoda stvarne su fotografije dijela koji \u0107ete dobiti, pokazuju\u0107i na\u0161u predanost transparentnosti i kvaliteti.<\/li>\n<\/ul>\n<p>Nadogradite svoj Acer E5 571 s ovim originalnim Acer E5 571 DC301000Q J00 Power DC JACK konektorom i do\u017eivite neprekidno napajanje va\u0161eg prijenosnog ra\u010dunala. Vjerujte Siggmu za autenti\u010dne dijelove prijenosnih ra\u010dunala, isporu\u010dene \u0161irom svijeta.<\/p>\n","protected":false},"excerpt":{"rendered":"<p>Osigurajte besprijekorno povezivanje napajanja s originalnim Acer E5 571 DC301000Q J00 konektorom napajanja DC JACK. Kompatibilan s modelima Acer E5 571, ovaj originalni dio jam\u010di pouzdano napajanje. Pouzdajte se u kvalitetu svog prijenosnog ra\u010dunala \u2013 kupite autenti\u010dne dijelove prijenosnog ra\u010dunala Acer na Siggmo.com.<\/p>\n","protected":false},"featured_media":23003,"template":"","meta":[],"product_brand":[],"product_cat":[55],"product_tag":[64],"class_list":{"0":"post-22938","1":"product","2":"type-product","3":"status-publish","4":"has-post-thumbnail","6":"product_cat-cables","7":"product_tag-acer","9":"first","10":"instock","11":"taxable","12":"shipping-taxable","13":"purchasable","14":"product-type-simple"},"_links":{"self":[{"href":"https:\/\/boreait.com\/hr\/wp-json\/wp\/v2\/product\/22938","targetHints":{"allow":["GET"]}}],"collection":[{"href":"https:\/\/boreait.com\/hr\/wp-json\/wp\/v2\/product"}],"about":[{"href":"https:\/\/boreait.com\/hr\/wp-json\/wp\/v2\/types\/product"}],"wp:featuredmedia":[{"embeddable":true,"href":"https:\/\/boreait.com\/hr\/wp-json\/wp\/v2\/media\/23003"}],"wp:attachment":[{"href":"https:\/\/boreait.com\/hr\/wp-json\/wp\/v2\/media?parent=22938"}],"wp:term":[{"taxonomy":"product_brand","embeddable":true,"href":"https:\/\/boreait.com\/hr\/wp-json\/wp\/v2\/product_brand?post=22938"},{"taxonomy":"product_cat","embeddable":true,"href":"https:\/\/boreait.com\/hr\/wp-json\/wp\/v2\/product_cat?post=22938"},{"taxonomy":"product_tag","embeddable":true,"href":"https:\/\/boreait.com\/hr\/wp-json\/wp\/v2\/product_tag?post=22938"}],"curies":[{"name":"wp","href":"https:\/\/api.w.org\/{rel}","templated":true}]}}