{"id":22903,"date":"2025-07-25T12:02:15","date_gmt":"2025-07-25T12:02:15","guid":{"rendered":"https:\/\/boreait.com\/hr\/?post_type=product&#038;p=22903"},"modified":"2025-07-25T12:03:34","modified_gmt":"2025-07-25T12:03:34","slug":"originalni-okvir-okvira-lcd-zaslona-lenovo-v130-15ikb-460-0db05-0005-dijelovi-za-prijenosna-racunala","status":"publish","type":"product","link":"https:\/\/boreait.com\/hr\/product\/originalni-okvir-okvira-lcd-zaslona-lenovo-v130-15ikb-460-0db05-0005-dijelovi-za-prijenosna-racunala\/","title":{"rendered":"Originalni okvir okvira LCD zaslona Lenovo V130-15IKB 460.0DB05.0005 &#8211; dijelovi za prijenosna ra\u010dunala"},"content":{"rendered":"<p>Nadogradite svoje prijenosno ra\u010dunalo Lenovo V130-15IKB s autenti\u010dnim okru\u017euju\u0107im okvirom s okvirom LCD zaslona (dio: 460.0DB05.0005) tvrtke Siggmo. Ovaj originalni Lenovo dio osigurava precizno pristajanje i besprijekorno nadopunjuje cjelokupni dizajn va\u0161eg prijenosnog ra\u010dunala.<\/p>\n<p><strong>Kompatibilnost:<\/strong> Ovaj okvir je posebno dizajniran za model Lenovo V130-15IKB. Prije kupnje provjerite kompatibilnost.<\/p>\n<p><strong>Pobolj\u0161ajte estetiku:<\/strong> O\u017eivite izgled svog prijenosnog ra\u010dunala ovim visokokvalitetnim okvirom. Izra\u0111en s precizno\u0161\u0107u, dodaje da\u0161ak sofisticiranosti, daju\u0107i va\u0161em ure\u0111aju moderan i profinjen izgled.<\/p>\n<p><strong>Jednostavna instalacija:<\/strong> Zamjena okvira je jednostavan postupak i nema posebnih uputa. Me\u0111utim, ako trebate pomo\u0107, slobodno nam po\u0161aljite poruku. Ovdje smo da pomognemo.<\/p>\n<p><strong>Jamstvo kvalitete:<\/strong> Budite uvjereni da dobivate autenti\u010dan Lenovo proizvod. Kvaliteta dijela (460.0DB05.0005) pa\u017eljivo je provjerena, osiguravaju\u0107i da zadovoljava standarde proizvodnje Lenova.<\/p>\n<p><strong>Dostava diljem svijeta:<\/strong> Nudimo dostavu diljem svijeta, \u0161to korisnicima Lenova \u0161irom Europe i \u0161ire olak\u0161ava pristup originalnim dijelovima prijenosnog ra\u010dunala.<\/p>\n<p><strong>Fotografije stvarnih proizvoda:<\/strong> Fotografije u ovom popisu stvarne su slike dijela koji \u0107ete dobiti. U kvalitetu i stanje uvjerite se sami.<\/p>\n<p>Unaprijedite stil i funkcionalnost svog prijenosnog ra\u010dunala s okvirom obruba LCD zaslona Lenovo V130-15IKB. Nadogradite s povjerenjem, a ako imate bilo kakvih pitanja, ne ustru\u010davajte se kontaktirati nas. Siggmo &#8211; Va\u0161 pouzdani izvor za dijelove prijenosnih ra\u010dunala.<\/p>\n","protected":false},"excerpt":{"rendered":"<p>Podignite estetiku svog prijenosnog ra\u010dunala s originalnim okvirom okvira LCD zaslona Lenovo V130-15IKB (dio: 460.0DB05.0005). Izra\u0111en za savr\u0161eno pristajanje, ovaj okvir s okvirom dodaje elegantan dodir va\u0161em ure\u0111aju. Zamijenite ga bez napora i dajte svom prijenosnom ra\u010dunalu svje\u017e, novi izgled.<\/p>\n","protected":false},"featured_media":22967,"template":"","meta":[],"product_brand":[],"product_cat":[51],"product_tag":[],"class_list":{"0":"post-22903","1":"product","2":"type-product","3":"status-publish","4":"has-post-thumbnail","6":"product_cat-laptop-housing","8":"first","9":"instock","10":"taxable","11":"shipping-taxable","12":"purchasable","13":"product-type-simple"},"_links":{"self":[{"href":"https:\/\/boreait.com\/hr\/wp-json\/wp\/v2\/product\/22903","targetHints":{"allow":["GET"]}}],"collection":[{"href":"https:\/\/boreait.com\/hr\/wp-json\/wp\/v2\/product"}],"about":[{"href":"https:\/\/boreait.com\/hr\/wp-json\/wp\/v2\/types\/product"}],"wp:featuredmedia":[{"embeddable":true,"href":"https:\/\/boreait.com\/hr\/wp-json\/wp\/v2\/media\/22967"}],"wp:attachment":[{"href":"https:\/\/boreait.com\/hr\/wp-json\/wp\/v2\/media?parent=22903"}],"wp:term":[{"taxonomy":"product_brand","embeddable":true,"href":"https:\/\/boreait.com\/hr\/wp-json\/wp\/v2\/product_brand?post=22903"},{"taxonomy":"product_cat","embeddable":true,"href":"https:\/\/boreait.com\/hr\/wp-json\/wp\/v2\/product_cat?post=22903"},{"taxonomy":"product_tag","embeddable":true,"href":"https:\/\/boreait.com\/hr\/wp-json\/wp\/v2\/product_tag?post=22903"}],"curies":[{"name":"wp","href":"https:\/\/api.w.org\/{rel}","templated":true}]}}