{"id":22897,"date":"2025-07-25T12:02:13","date_gmt":"2025-07-25T12:02:13","guid":{"rendered":"https:\/\/boreait.com\/hr\/?post_type=product&#038;p=22897"},"modified":"2025-07-25T12:03:12","modified_gmt":"2025-07-25T12:03:12","slug":"originalna-interna-web-kamera-dell-inspiron-15r-n5110-n7110-m4110-m5110-dijelovi-za-prijenosna-racunala","status":"publish","type":"product","link":"https:\/\/boreait.com\/hr\/product\/originalna-interna-web-kamera-dell-inspiron-15r-n5110-n7110-m4110-m5110-dijelovi-za-prijenosna-racunala\/","title":{"rendered":"Originalna interna web kamera Dell Inspiron 15R N5110 N7110 M4110 M5110 &#8211; dijelovi za prijenosna ra\u010dunala"},"content":{"rendered":"<p>Unaprijedite svoje prijenosno ra\u010dunalo Dell Inspiron 15R N5110 N7110 M4110 M5110 s na\u0161om originalnom internom web kamerom. Savr\u0161ena za videokonferencije, online predavanja ili bilje\u017eenje uspomena, ova web kamera osigurava da vas vide i \u010duju u visokoj razlu\u010divosti.<\/p>\n<p><strong>Klju\u010dne zna\u010dajke:<\/strong><\/p>\n<ul>\n<li>Originalni dio Dell: Dizajniran posebno za prijenosna ra\u010dunala Dell Inspiron 15R N5110 N7110 M4110 M5110, jam\u010di kompatibilnost i performanse.<\/li>\n<li>Kristalno \u010dista slika: u\u017eivajte u o\u0161trim i \u017eivopisnim videopozivima, mre\u017enim sastancima i stvaranju sadr\u017eaja s ovom web kamerom visoke kvalitete.<\/li>\n<li>Jednostavna instalacija: Nadogradite svoje prijenosno ra\u010dunalo bez napora pomo\u0107u na\u0161eg jednostavnog postupka instalacije. Nema potrebe za kompliciranim uputama \u2013 jednostavno priklju\u010di i pusti.<\/li>\n<li>Kompatibilnost u cijelom svijetu: bilo da se nalazite u Europi ili bilo gdje drugdje u svijetu, ova se web-kamera prilago\u0111ava va\u0161im potrebama.<\/li>\n<li>Stru\u010dno testirano: na\u0161a interna web-kamera podvrgava se rigoroznom testiranju kako bi zadovoljila Dellove standarde kvalitete, osiguravaju\u0107i dugotrajnu izdr\u017eljivost.<\/li>\n<\/ul>\n<p><strong>Napomena:<\/strong> razumijemo da mo\u017eda ne dajete upute za zamjenu dijela. Me\u0111utim, ako imate pitanja ili trebate pomo\u0107, slobodno nam po\u0161aljite poruku. Ovdje smo da vam pomognemo da najbolje iskoristite svoju kupnju.<\/p>\n<p><em>Prave fotografije u popisu prikazuju stvarne dijelove koje \u0107ete dobiti. Investirajte u autenti\u010dnost i pouzdanost originalnih dijelova prijenosnih ra\u010dunala Dell. Nadogradite svoj Dell Inspiron ve\u0107 danas s na\u0161om internom web kamerom.<\/em><\/p>\n","protected":false},"excerpt":{"rendered":"<p>Pobolj\u0161ajte svoje Dell Inspiron iskustvo s na\u0161om originalnom internom web kamerom. Dizajnirana za prijenosna ra\u010dunala Dell Inspiron 15R N5110 N7110 M4110 M5110, ova web kamera visoke kvalitete osigurava kristalno jasne video pozive i o\u0161tru sliku. Autenti\u010dan Dell dio za besprijekornu kompatibilnost. Nadogradite svoje prijenosno ra\u010dunalo ovom pouzdanom web kamerom danas.<\/p>\n","protected":false},"featured_media":22950,"template":"","meta":[],"product_brand":[],"product_cat":[55],"product_tag":[52],"class_list":{"0":"post-22897","1":"product","2":"type-product","3":"status-publish","4":"has-post-thumbnail","6":"product_cat-cables","7":"product_tag-dell","9":"first","10":"instock","11":"taxable","12":"shipping-taxable","13":"purchasable","14":"product-type-simple"},"_links":{"self":[{"href":"https:\/\/boreait.com\/hr\/wp-json\/wp\/v2\/product\/22897","targetHints":{"allow":["GET"]}}],"collection":[{"href":"https:\/\/boreait.com\/hr\/wp-json\/wp\/v2\/product"}],"about":[{"href":"https:\/\/boreait.com\/hr\/wp-json\/wp\/v2\/types\/product"}],"wp:featuredmedia":[{"embeddable":true,"href":"https:\/\/boreait.com\/hr\/wp-json\/wp\/v2\/media\/22950"}],"wp:attachment":[{"href":"https:\/\/boreait.com\/hr\/wp-json\/wp\/v2\/media?parent=22897"}],"wp:term":[{"taxonomy":"product_brand","embeddable":true,"href":"https:\/\/boreait.com\/hr\/wp-json\/wp\/v2\/product_brand?post=22897"},{"taxonomy":"product_cat","embeddable":true,"href":"https:\/\/boreait.com\/hr\/wp-json\/wp\/v2\/product_cat?post=22897"},{"taxonomy":"product_tag","embeddable":true,"href":"https:\/\/boreait.com\/hr\/wp-json\/wp\/v2\/product_tag?post=22897"}],"curies":[{"name":"wp","href":"https:\/\/api.w.org\/{rel}","templated":true}]}}