{"id":22831,"date":"2025-07-25T12:00:37","date_gmt":"2025-07-25T12:00:37","guid":{"rendered":"https:\/\/boreait.com\/hr\/?post_type=product&#038;p=22831"},"modified":"2025-07-25T12:01:58","modified_gmt":"2025-07-25T12:01:58","slug":"originalni-ventilator-hladnjak-za-dell-latitude-e5440-e5540-087xfx-at0wr0020cl-04tdcf-hladenje-visokih-performansi","status":"publish","type":"product","link":"https:\/\/boreait.com\/hr\/product\/originalni-ventilator-hladnjak-za-dell-latitude-e5440-e5540-087xfx-at0wr0020cl-04tdcf-hladenje-visokih-performansi\/","title":{"rendered":"Originalni ventilator + hladnjak za Dell Latitude E5440 E5540 087XFX + at0wr0020cl &#8211; 04TDCF- Hla\u0111enje visokih performansi"},"content":{"rendered":"<p>Nadogradite rashladni sustav va\u0161eg prijenosnog ra\u010dunala s originalnim at0wr0020cl hladnjakom i ventilatorom kompatibilnim s Dell Latitude E5440 i E5540. Ovaj hladnjak visokih performansi dizajniran je za u\u010dinkovito raspr\u0161ivanje topline, osiguravaju\u0107i glatki rad va\u0161eg prijenosnog ra\u010dunala \u010dak i tijekom zahtjevnih zadataka.<\/p>\n<p><strong>Klju\u010dne zna\u010dajke:<\/strong><\/p>\n<ul>\n<li><strong>Kompatibilnost:<\/strong> Ovaj FAN + hladnjak je kompatibilan s Dell Latitude E5440 E5540, uklju\u010duju\u0107i modele CN-04TDCF-41362-4C3-7130-A00.<\/li>\n<li><strong>Performanse:<\/strong> U\u017eivajte u u\u010dinkovitom hla\u0111enju kako biste sprije\u010dili pregrijavanje i odr\u017eali optimalne performanse.<\/li>\n<li><strong>Originalni proizvod:<\/strong> Na\u0161 hladnjak at0wr0020cl originalna je i pouzdana zamjena za potrebe hla\u0111enja va\u0161eg prijenosnog ra\u010dunala.<\/li>\n<li><strong>Dostava diljem svijeta:<\/strong> Nudimo dostavu diljem svijeta, tako da bez obzira gdje se nalazite, mo\u017eete imati koristi od pobolj\u0161anog hla\u0111enja.<\/li>\n<\/ul>\n<p>Nadogradite rashladni sustav svog prijenosnog ra\u010dunala danas i osjetite razliku u performansama. Imajte na umu da ne dajemo upute za zamjenu dijelova, ali slobodno se obratite ako imate pitanja ili trebate pomo\u0107. Slike proizvoda su autenti\u010dne i prikazuju stvarne dijelove koje \u0107ete dobiti.<\/p>\n<p>Osje\u0107ajte se sigurni u svoju kupnju uz na\u0161e originalne dijelove za prijenosna ra\u010dunala u siggmo. Ako imate bilo kakvih pitanja ili trebate dodatnu pomo\u0107, slobodno nas kontaktirajte. Va\u0161e zadovoljstvo na\u0161 je prioritet.<\/p>\n","protected":false},"excerpt":{"rendered":"<p>Originalni ventilator + hladnjak za Dell Latitude E5440 E5540 087XFX + at0wr0020cl &#8211; 04TDCF- Hla\u0111enje visokih performansi<\/p>\n","protected":false},"featured_media":22886,"template":"","meta":[],"product_brand":[],"product_cat":[68],"product_tag":[52],"class_list":{"0":"post-22831","1":"product","2":"type-product","3":"status-publish","4":"has-post-thumbnail","6":"product_cat-cpu-fans-heatsinks","7":"product_tag-dell","9":"first","10":"instock","11":"taxable","12":"shipping-taxable","13":"purchasable","14":"product-type-simple"},"_links":{"self":[{"href":"https:\/\/boreait.com\/hr\/wp-json\/wp\/v2\/product\/22831","targetHints":{"allow":["GET"]}}],"collection":[{"href":"https:\/\/boreait.com\/hr\/wp-json\/wp\/v2\/product"}],"about":[{"href":"https:\/\/boreait.com\/hr\/wp-json\/wp\/v2\/types\/product"}],"wp:featuredmedia":[{"embeddable":true,"href":"https:\/\/boreait.com\/hr\/wp-json\/wp\/v2\/media\/22886"}],"wp:attachment":[{"href":"https:\/\/boreait.com\/hr\/wp-json\/wp\/v2\/media?parent=22831"}],"wp:term":[{"taxonomy":"product_brand","embeddable":true,"href":"https:\/\/boreait.com\/hr\/wp-json\/wp\/v2\/product_brand?post=22831"},{"taxonomy":"product_cat","embeddable":true,"href":"https:\/\/boreait.com\/hr\/wp-json\/wp\/v2\/product_cat?post=22831"},{"taxonomy":"product_tag","embeddable":true,"href":"https:\/\/boreait.com\/hr\/wp-json\/wp\/v2\/product_tag?post=22831"}],"curies":[{"name":"wp","href":"https:\/\/api.w.org\/{rel}","templated":true}]}}