{"id":22759,"date":"2025-07-25T11:59:25","date_gmt":"2025-07-25T11:59:25","guid":{"rendered":"https:\/\/boreait.com\/hr\/?post_type=product&#038;p=22759"},"modified":"2025-07-25T12:00:21","modified_gmt":"2025-07-25T12:00:21","slug":"originalni-naslon-za-dlan-lenovo-thinkpad-t480s-am16q000a00-originalni-dijelovi-za-prijenosna-racunala","status":"publish","type":"product","link":"https:\/\/boreait.com\/hr\/product\/originalni-naslon-za-dlan-lenovo-thinkpad-t480s-am16q000a00-originalni-dijelovi-za-prijenosna-racunala\/","title":{"rendered":"Originalni naslon za dlan Lenovo Thinkpad T480s AM16Q000A00 | Originalni dijelovi za prijenosna ra\u010dunala"},"content":{"rendered":"<p>Brojevi dijelova: 20SM10R44327 &#8211; 2001YN986<\/p>\n<p>Nadogradite svoj Lenovo Thinkpad T480s s na\u0161im originalnim Lenovo naslonom za ruku (Broj dijela: AM16Q000A00). Ovaj originalni dio prijenosnog ra\u010dunala pomno je izra\u0111en kako bi zadovoljio visoke standarde tvrtke Lenovo za kvalitetu i izdr\u017eljivost.<\/p>\n<p><strong>Kompatibilnost:<\/strong> Ovaj oslonac za dlan posebno je dizajniran za model Lenovo Thinkpad T480s, osiguravaju\u0107i savr\u0161eno pristajanje i instalaciju bez muke.<\/p>\n<p><strong>Jamstvo kvalitete:<\/strong> Budite uvjereni da ula\u017eete u originalni dio prijenosnog ra\u010dunala Lenovo. Na\u0161i oslonci za dlanove prolaze rigorozna testiranja kako bi zadovoljili specifikacije proizvo\u0111a\u010da, pru\u017eaju\u0107i vam pouzdanu i izdr\u017eljivu komponentu.<\/p>\n<p><strong>Pobolj\u0161ajte svoje prijenosno ra\u010dunalo:<\/strong> Dajte svom Thinkpad T480s svje\u017e izgled i pobolj\u0161anu funkcionalnost s ovim autenti\u010dnim osloncem za dlan. Bilo da mijenjate o\u0161te\u0107eni dio ili nadogra\u0111ujete estetiku prijenosnog ra\u010dunala, ova je komponenta savr\u0161en izbor.<\/p>\n<p><strong>Jednostavna instalacija:<\/strong> Iako ne pru\u017eamo upute korak po korak, zamjena oslonca za dlan jednostavan je postupak. Ako nai\u0111ete na probleme ili imate pitanja, slobodno nam po\u0161aljite poruku za pomo\u0107. Ovdje smo da pomognemo!<\/p>\n<p><strong>Globalna dostava:<\/strong> Na siggmo.com nudimo dostavu diljem svijeta kako bismo kupcima diljem svijeta donijeli kvalitetne dijelove prijenosnih ra\u010dunala. Naru\u010dite s povjerenjem, znaju\u0107i da prave fotografije u popisu prikazuju to\u010dno onaj dio koji \u0107ete dobiti.<\/p>\n<p>Nadogradite svoj Lenovo Thinkpad T480s najboljim \u2013 naru\u010dite svoj originalni Lenovo oslonac za ruku sa siggmo.com ve\u0107 danas!<\/p>\n","protected":false},"excerpt":{"rendered":"<p>Podignite svoj Lenovo Thinkpad T480s uz ovaj originalni oslonac za dlanove, broj dijela AM16Q000A00. Izra\u0111en za preciznost i izdr\u017eljivost, na\u0161 autenti\u010dni dio prijenosnog ra\u010dunala Lenovo dizajniran je da neprimjetno zamijeni va\u0161 postoje\u0107i oslonac za dlan. Pobolj\u0161ajte estetiku i funkcionalnost svog prijenosnog ra\u010dunala ovom komponentom vrhunske kvalitete. Kupujte s povjerenjem na siggmo.com \u2013 Va\u0161em pouzdanom izvoru dijelova za prijenosna ra\u010dunala u Europi i \u0161irom svijeta.<\/p>\n","protected":false},"featured_media":22819,"template":"","meta":[],"product_brand":[],"product_cat":[51],"product_tag":[],"class_list":{"0":"post-22759","1":"product","2":"type-product","3":"status-publish","4":"has-post-thumbnail","6":"product_cat-laptop-housing","8":"first","9":"instock","10":"taxable","11":"shipping-taxable","12":"purchasable","13":"product-type-simple"},"_links":{"self":[{"href":"https:\/\/boreait.com\/hr\/wp-json\/wp\/v2\/product\/22759","targetHints":{"allow":["GET"]}}],"collection":[{"href":"https:\/\/boreait.com\/hr\/wp-json\/wp\/v2\/product"}],"about":[{"href":"https:\/\/boreait.com\/hr\/wp-json\/wp\/v2\/types\/product"}],"wp:featuredmedia":[{"embeddable":true,"href":"https:\/\/boreait.com\/hr\/wp-json\/wp\/v2\/media\/22819"}],"wp:attachment":[{"href":"https:\/\/boreait.com\/hr\/wp-json\/wp\/v2\/media?parent=22759"}],"wp:term":[{"taxonomy":"product_brand","embeddable":true,"href":"https:\/\/boreait.com\/hr\/wp-json\/wp\/v2\/product_brand?post=22759"},{"taxonomy":"product_cat","embeddable":true,"href":"https:\/\/boreait.com\/hr\/wp-json\/wp\/v2\/product_cat?post=22759"},{"taxonomy":"product_tag","embeddable":true,"href":"https:\/\/boreait.com\/hr\/wp-json\/wp\/v2\/product_tag?post=22759"}],"curies":[{"name":"wp","href":"https:\/\/api.w.org\/{rel}","templated":true}]}}