{"id":22738,"date":"2025-07-25T11:59:04","date_gmt":"2025-07-25T11:59:04","guid":{"rendered":"https:\/\/boreait.com\/hr\/?post_type=product&#038;p=22738"},"modified":"2025-07-25T11:59:52","modified_gmt":"2025-07-25T11:59:52","slug":"originalna-ploca-za-stolno-racunalo-lenovo-thinkpad-t480s-nm-b471-intel-i5-8250u-8gb-01lv626-01yu144","status":"publish","type":"product","link":"https:\/\/boreait.com\/hr\/product\/originalna-ploca-za-stolno-racunalo-lenovo-thinkpad-t480s-nm-b471-intel-i5-8250u-8gb-01lv626-01yu144\/","title":{"rendered":"Originalna plo\u010da za stolno ra\u010dunalo Lenovo ThinkPad T480S NM-B471 Intel i5-8250U 8GB 01LV626 01YU144"},"content":{"rendered":"<p>Pobolj\u0161ajte performanse va\u0161eg Lenovo ThinkPad T480S s na\u0161om originalnom plo\u010dom za stolno ra\u010dunalo Lenovo ThinkPad T480S NM-B471. Ova stolna plo\u010da opremljena je mo\u0107nim Intel i7-8650U procesorom i 8 GB RAM-a (01LV626, 01YU144), pru\u017eaju\u0107i neusporedivu brzinu i u\u010dinkovitost.<\/p>\n<p><strong>Klju\u010dne zna\u010dajke:<\/strong><\/p>\n<ul>\n<li><strong>Procesor:<\/strong> Intel i5-8250U<\/li>\n<li><strong>RAM:<\/strong> 8 GB (01LV626, 01YU144)<\/li>\n<li><strong>Kompatibilnost:<\/strong> Autenti\u010dni Lenovo dio za besprijekornu integraciju s va\u0161im ThinkPad T480S<\/li>\n<li><strong>Pobolj\u0161ana izvedba:<\/strong> Iskusite br\u017ei multitasking, glatkije tijekove rada i pobolj\u0161anu cjelokupnu reakciju sustava.<\/li>\n<\/ul>\n<p><strong>Za\u0161to odabrati na\u0161u plo\u010du za stolna ra\u010dunala:<\/strong><\/p>\n<ul>\n<li><strong>Originalni Lenovo dio:<\/strong> Osigurajte kompatibilnost i pouzdanost s autenti\u010dnim Lenovo proizvodom.<\/li>\n<li><strong>Jednostavna nadogradnja:<\/strong> Pove\u0107ajte mogu\u0107nosti prijenosnog ra\u010dunala bez potrebe za slo\u017eenim uputama za instalaciju.<\/li>\n<li><strong>Globalna kompatibilnost:<\/strong> isporu\u010duje se diljem svijeta kako bi se zadovoljile potrebe korisnika Lenova posvuda.<\/li>\n<li><strong>Prave fotografije:<\/strong> Slike koje vidite stvarne su fotografije stolne plo\u010de koju \u0107ete dobiti.<\/li>\n<\/ul>\n<p>Bez obzira jeste li zaljubljenik u tehnologiju ili profesionalac kojem su potrebne pouzdane performanse, ova plo\u010da za stolno ra\u010dunalo Lenovo ThinkPad T480S savr\u0161en je izbor. Predajte svoju narud\u017ebu sada i napravite prvi korak prema otklju\u010davanju punog potencijala va\u0161eg prijenosnog ra\u010dunala.<\/p>\n<p><em>Napomena: Ako vam je potrebna pomo\u0107 ili imate pitanja o procesu instalacije, slobodno nam po\u0161aljite poruku. Ovdje smo da vam pomognemo!<\/em><\/p>\n","protected":false},"excerpt":{"rendered":"<p>Nadogradite svoj Lenovo ThinkPad T480S ovom originalnom stolnom plo\u010dom (NM-B471). Pokre\u0107e ga Intel i5-8250U procesor i 8 GB RAM-a (01LV626, 01YU144), ova plo\u010da osigurava optimalne performanse. Autenti\u010dni Lenovo dio za besprijekornu kompatibilnost. Naru\u010dite sada i pobolj\u0161ajte mogu\u0107nosti svog prijenosnog ra\u010dunala!<\/p>\n","protected":false},"featured_media":22803,"template":"","meta":[],"product_brand":[],"product_cat":[62],"product_tag":[61],"class_list":{"0":"post-22738","1":"product","2":"type-product","3":"status-publish","4":"has-post-thumbnail","6":"product_cat-motherboards-board-parts","7":"product_tag-lenovo","9":"first","10":"instock","11":"taxable","12":"shipping-taxable","13":"purchasable","14":"product-type-simple"},"_links":{"self":[{"href":"https:\/\/boreait.com\/hr\/wp-json\/wp\/v2\/product\/22738","targetHints":{"allow":["GET"]}}],"collection":[{"href":"https:\/\/boreait.com\/hr\/wp-json\/wp\/v2\/product"}],"about":[{"href":"https:\/\/boreait.com\/hr\/wp-json\/wp\/v2\/types\/product"}],"wp:featuredmedia":[{"embeddable":true,"href":"https:\/\/boreait.com\/hr\/wp-json\/wp\/v2\/media\/22803"}],"wp:attachment":[{"href":"https:\/\/boreait.com\/hr\/wp-json\/wp\/v2\/media?parent=22738"}],"wp:term":[{"taxonomy":"product_brand","embeddable":true,"href":"https:\/\/boreait.com\/hr\/wp-json\/wp\/v2\/product_brand?post=22738"},{"taxonomy":"product_cat","embeddable":true,"href":"https:\/\/boreait.com\/hr\/wp-json\/wp\/v2\/product_cat?post=22738"},{"taxonomy":"product_tag","embeddable":true,"href":"https:\/\/boreait.com\/hr\/wp-json\/wp\/v2\/product_tag?post=22738"}],"curies":[{"name":"wp","href":"https:\/\/api.w.org\/{rel}","templated":true}]}}