{"id":22736,"date":"2025-07-25T11:59:03","date_gmt":"2025-07-25T11:59:03","guid":{"rendered":"https:\/\/boreait.com\/hr\/?post_type=product&#038;p=22736"},"modified":"2025-07-25T11:59:43","modified_gmt":"2025-07-25T11:59:43","slug":"dell-precision-3520-ploca-s-indikatorskim-svjetlom-za-prijenosna-racunala-ls-e091p-cdm80-originalni-oem-dijelovi-za-prijenosna-racunala","status":"publish","type":"product","link":"https:\/\/boreait.com\/hr\/product\/dell-precision-3520-ploca-s-indikatorskim-svjetlom-za-prijenosna-racunala-ls-e091p-cdm80-originalni-oem-dijelovi-za-prijenosna-racunala\/","title":{"rendered":"Dell Precision 3520 plo\u010da s indikatorskim svjetlom za prijenosna ra\u010dunala LS-E091P CDM80 &#8211; originalni OEM dijelovi za prijenosna ra\u010dunala"},"content":{"rendered":"<p>Pobolj\u0161ajte funkcionalnost svog prijenosnog ra\u010dunala Dell Precision 3520 s plo\u010dom svjetlosnih indikatora LS-E091P CDM80, originalnim OEM dijelom prijenosnog ra\u010dunala koji je dostupan isklju\u010divo na Siggmo.com. Izra\u0111ena s precizno\u0161\u0107u, ova plo\u010da sa svjetlosnim indikatorima dizajnirana je da neprimjetno zamijeni postoje\u0107u komponentu u va\u0161em prijenosnom ra\u010dunalu.<\/p>\n<p><strong>Kompatibilnost:<\/strong> Ova je plo\u010da posebno dizajnirana za model Dell Precision 3520, osiguravaju\u0107i savr\u0161eno pristajanje i optimalne performanse. Bilo da ste zaljubljenik u tehnologiju ili profesionalac kojem su potrebni pouzdani dijelovi za prijenosno ra\u010dunalo, na\u0161a plo\u010da sa svjetlosnim indikatorima idealan je izbor.<\/p>\n<p><strong>Jamstvo kvalitete:<\/strong> Na Siggmo.com dajemo prednost kvaliteti i autenti\u010dnosti. Na\u0161a plo\u010da sa svjetlosnim indikatorima je originalni OEM, jam\u010di istu kvalitetu kao i originalni dio. Budite uvjereni da ula\u017eete u komponentu koja zadovoljava visoke standarde prijenosnih ra\u010dunala Dell.<\/p>\n<p><strong>Jednostavna zamjena:<\/strong> Shva\u0107amo va\u017enost zamjena bez ikakvih problema. Iako ne dajemo posebne upute, svjetlosna plo\u010da indikatora LS-E091P CDM80 dizajnirana je za jednostavnu instalaciju. Ako trebate dodatnu pomo\u0107, slobodno nam po\u0161aljite poruku.<\/p>\n<p><strong>Dostava \u0161irom svijeta:<\/strong> Siggmo.com ne slu\u017ei samo kupcima u Europi, ve\u0107 tako\u0111er opslu\u017euje globalnu publiku. Gdje god da se nalazite, na\u0161a pouzdana dostava \u0161irom svijeta osigurava da mo\u017eete s lako\u0107om pristupiti originalnim dijelovima prijenosnog ra\u010dunala Dell.<\/p>\n<p><strong>Prave fotografije, stvarni dijelovi:<\/strong> Fotografije u ovom popisu autenti\u010dni su prikazi svjetlosne plo\u010de indikatora koju \u0107ete dobiti. Vjerujemo u transparentnost, a ono \u0161to vidite to i dobivate \u2013 dio prijenosnog ra\u010dunala Dell vrhunske kvalitete.<\/p>\n<p>Pobolj\u0161ajte performanse svog prijenosnog ra\u010dunala Dell Precision 3520 s plo\u010dom sa svjetlosnim indikatorima LS-E091P CDM80. Naru\u010dite sada kako biste iskusili besprijekornu funkcionalnost i pouzdanost pri svakom pritisku tipke. Ako imate bilo kakvih pitanja ili trebate dodatnu pomo\u0107, ne ustru\u010davajte se obratiti. Siggmo.com je va\u0161 izvor od povjerenja za originalne dijelove prijenosnog ra\u010dunala.<\/p>\n","protected":false},"excerpt":{"rendered":"<p>Pobolj\u0161ajte performanse svog prijenosnog ra\u010dunala Dell Precision 3520 s plo\u010dom sa svjetlosnim indikatorima LS-E091P CDM80. Ovaj originalni OEM dio prijenosnog ra\u010dunala osigurava savr\u0161eno pristajanje i funkcionalnost, nude\u0107i besprijekornu zamjenu za va\u0161u originalnu komponentu. Vjerujte u kvalitetu i pouzdanost va\u0161eg prijenosnog ra\u010dunala \u2013 naru\u010dite sada!<\/p>\n","protected":false},"featured_media":22782,"template":"","meta":[],"product_brand":[],"product_cat":[62],"product_tag":[52],"class_list":{"0":"post-22736","1":"product","2":"type-product","3":"status-publish","4":"has-post-thumbnail","6":"product_cat-motherboards-board-parts","7":"product_tag-dell","9":"first","10":"instock","11":"taxable","12":"shipping-taxable","13":"purchasable","14":"product-type-simple"},"_links":{"self":[{"href":"https:\/\/boreait.com\/hr\/wp-json\/wp\/v2\/product\/22736","targetHints":{"allow":["GET"]}}],"collection":[{"href":"https:\/\/boreait.com\/hr\/wp-json\/wp\/v2\/product"}],"about":[{"href":"https:\/\/boreait.com\/hr\/wp-json\/wp\/v2\/types\/product"}],"wp:featuredmedia":[{"embeddable":true,"href":"https:\/\/boreait.com\/hr\/wp-json\/wp\/v2\/media\/22782"}],"wp:attachment":[{"href":"https:\/\/boreait.com\/hr\/wp-json\/wp\/v2\/media?parent=22736"}],"wp:term":[{"taxonomy":"product_brand","embeddable":true,"href":"https:\/\/boreait.com\/hr\/wp-json\/wp\/v2\/product_brand?post=22736"},{"taxonomy":"product_cat","embeddable":true,"href":"https:\/\/boreait.com\/hr\/wp-json\/wp\/v2\/product_cat?post=22736"},{"taxonomy":"product_tag","embeddable":true,"href":"https:\/\/boreait.com\/hr\/wp-json\/wp\/v2\/product_tag?post=22736"}],"curies":[{"name":"wp","href":"https:\/\/api.w.org\/{rel}","templated":true}]}}