{"id":22734,"date":"2025-07-25T11:59:03","date_gmt":"2025-07-25T11:59:03","guid":{"rendered":"https:\/\/boreait.com\/hr\/?post_type=product&#038;p=22734"},"modified":"2025-07-25T11:59:41","modified_gmt":"2025-07-25T11:59:41","slug":"senzorska-kartica-ns-b474-za-lenovo-thinkpad-t480s-francuska-tva-originalni-dijelovi-za-prijenosna-racunala","status":"publish","type":"product","link":"https:\/\/boreait.com\/hr\/product\/senzorska-kartica-ns-b474-za-lenovo-thinkpad-t480s-francuska-tva-originalni-dijelovi-za-prijenosna-racunala\/","title":{"rendered":"Senzorska kartica NS-B474 za Lenovo Thinkpad T480s &#8211; FRANCUSKA \/ TVA &#8211; Originalni dijelovi za prijenosna ra\u010dunala"},"content":{"rendered":"<p>Nadogradite svoj Lenovo Thinkpad T480s s NS-B474 senzorskom karticom \u2013 bitnom komponentom za pobolj\u0161anu funkcionalnost. Ovaj originalni dio prijenosnog ra\u010dunala osigurava optimalne performanse i besprijekornu kompatibilnost s va\u0161im ure\u0111ajem. Izra\u0111ena s precizno\u0161\u0107u, senzorska kartica je dizajnirana da zadovolji najvi\u0161e standarde kvalitete.<\/p>\n<p><strong>Klju\u010dne zna\u010dajke:<\/strong><\/p>\n<ul>\n<li><strong>Kompatibilnost:<\/strong> Ova senzorska kartica je posebno dizajnirana za Lenovo Thinkpad T480s, osiguravaju\u0107i savr\u0161eno pristajanje.<\/li>\n<li><strong>Izvorna kvaliteta:<\/strong> Budite uvjereni u autenti\u010dnost ovog originalnog dijela prijenosnog ra\u010dunala, izra\u0111enog u skladu sa standardima proizvo\u0111a\u010da.<\/li>\n<li><strong>Brza dostava iz Francuske:<\/strong> \u0160aljemo izravno iz Francuske, nude\u0107i brzu dostavu na ku\u0107ni prag. TVA je uklju\u010den radi va\u0161e udobnosti.<\/li>\n<li><strong>Jednostavna instalacija:<\/strong> Iako ne dajemo posebne upute za zamjenu, slobodno se obratite ako trebate pomo\u0107. Senzorska kartica dizajnirana je za jednostavnu instalaciju.<\/li>\n<li><strong>Pravi proizvod, stvarne fotografije:<\/strong> Slike u popisu prikazuju stvarnu senzorsku karticu koju \u0107ete dobiti. Vjerujemo u transparentnost i pru\u017eanje to\u010dnog predstavljanja na\u0161ih proizvoda.<\/li>\n<\/ul>\n<p>Nadogradite svoje prijenosno ra\u010dunalo s povjerenjem i do\u017eivite razliku s NS-B474 senzorskom karticom. Ako imate bilo kakvih pitanja ili vam je potrebna dodatna pomo\u0107, ne ustru\u010davajte se poslati nam poruku. Unaprijedite svoje iskustvo s Lenovo Thinkpad T480s ve\u0107 danas s originalnim dijelovima prijenosnog ra\u010dunala iz Siggma.<\/p>\n","protected":false},"excerpt":{"rendered":"<p>Pobolj\u0161ajte funkcionalnost va\u0161eg Lenovo Thinkpad T480s sa senzorskom karticom NS-B474. Ovaj originalni dio prijenosnog ra\u010dunala dizajniran je za pru\u017eanje optimalnih performansi i kompatibilnosti. Dostavljeno iz Francuske s uklju\u010denom TVA. Nadogradite svoje prijenosno ra\u010dunalo s povjerenjem.<\/p>\n","protected":false},"featured_media":22780,"template":"","meta":[],"product_brand":[],"product_cat":[62],"product_tag":[],"class_list":{"0":"post-22734","1":"product","2":"type-product","3":"status-publish","4":"has-post-thumbnail","6":"product_cat-motherboards-board-parts","8":"first","9":"instock","10":"taxable","11":"shipping-taxable","12":"purchasable","13":"product-type-simple"},"_links":{"self":[{"href":"https:\/\/boreait.com\/hr\/wp-json\/wp\/v2\/product\/22734","targetHints":{"allow":["GET"]}}],"collection":[{"href":"https:\/\/boreait.com\/hr\/wp-json\/wp\/v2\/product"}],"about":[{"href":"https:\/\/boreait.com\/hr\/wp-json\/wp\/v2\/types\/product"}],"wp:featuredmedia":[{"embeddable":true,"href":"https:\/\/boreait.com\/hr\/wp-json\/wp\/v2\/media\/22780"}],"wp:attachment":[{"href":"https:\/\/boreait.com\/hr\/wp-json\/wp\/v2\/media?parent=22734"}],"wp:term":[{"taxonomy":"product_brand","embeddable":true,"href":"https:\/\/boreait.com\/hr\/wp-json\/wp\/v2\/product_brand?post=22734"},{"taxonomy":"product_cat","embeddable":true,"href":"https:\/\/boreait.com\/hr\/wp-json\/wp\/v2\/product_cat?post=22734"},{"taxonomy":"product_tag","embeddable":true,"href":"https:\/\/boreait.com\/hr\/wp-json\/wp\/v2\/product_tag?post=22734"}],"curies":[{"name":"wp","href":"https:\/\/api.w.org\/{rel}","templated":true}]}}