{"id":22690,"date":"2025-07-25T11:58:16","date_gmt":"2025-07-25T11:58:16","guid":{"rendered":"https:\/\/boreait.com\/hr\/?post_type=product&#038;p=22690"},"modified":"2025-07-25T11:59:24","modified_gmt":"2025-07-25T11:59:24","slug":"lenovo-thinkpad-t480s-sarke-rl-01en970-01en971-originalni-oem-dijelovi-za-prijenosna-racunala","status":"publish","type":"product","link":"https:\/\/boreait.com\/hr\/product\/lenovo-thinkpad-t480s-sarke-rl-01en970-01en971-originalni-oem-dijelovi-za-prijenosna-racunala\/","title":{"rendered":"LENOVO Thinkpad T480S \u0160ARKE R+L 01EN970 01EN971 Originalni OEM dijelovi za prijenosna ra\u010dunala"},"content":{"rendered":"<p>am16q000b10<\/p>\n<p>Nadogradite i pobolj\u0161ajte funkcionalnost va\u0161eg LENOVO Thinkpad T480S s na\u0161im originalnim OEM \u0161arkama (R+L) &#8211; brojevi dijelova 01EN970 i 01EN971. Izra\u0111ene s precizno\u0161\u0107u, ove \u0161arke osiguravaju dugotrajnost i stabilnost zaslona va\u0161eg prijenosnog ra\u010dunala.<\/p>\n<p><strong>Kompatibilnost:<\/strong> Osmi\u0161ljene posebno za modele LENOVO Thinkpad T480S, ove \u0161arke jam\u010de savr\u0161eno pristajanje, vra\u0107aju\u0107i puni raspon pokreta va\u0161eg prijenosnog ra\u010dunala.<\/p>\n<p><strong>Kvaliteta kojoj mo\u017eete vjerovati:<\/strong> Na\u0161e \u0161arke su originalni OEM dijelovi, koji pru\u017eaju istu kvalitetu i pouzdanost kao i originalne komponente. GTSZ je marka od povjerenja u dijelovima za prijenosna ra\u010dunala i ponosni smo na isporuku proizvoda koji zadovoljavaju ili prema\u0161uju OEM standarde.<\/p>\n<p><strong>Jednostavna instalacija:<\/strong> Iako ne dajemo posebne upute za zamjenu, na\u0161e su \u0161arke dizajnirane za jednostavnu instalaciju. Ako nai\u0111ete na bilo kakve probleme ili imate pitanja tijekom procesa, slobodno nam po\u0161aljite poruku za pomo\u0107.<\/p>\n<p><strong>Dostava diljem svijeta:<\/strong> Bez obzira gdje se nalazite, nudimo dostavu diljem svijeta kako bismo osigurali da imate pristup kvalitetnim dijelovima prijenosnog ra\u010dunala. Pouzdajte se u na\u0161u pouzdanu uslugu za brzu isporuku va\u0161ih originalnih OEM \u0161arki.<\/p>\n<p><strong>Prave fotografije, stvarni dijelovi:<\/strong> Fotografije u ovom popisu autenti\u010dne su slike \u0161arki koje \u0107ete dobiti. Vjerujemo u transparentnost, a ono \u0161to vidite je ono \u0161to dobivate \u2013 visokokvalitetne, originalne OEM dijelove za prijenosna ra\u010dunala.<\/p>\n<p>Unaprijedite iskustvo prijenosnog ra\u010dunala s na\u0161im originalnim OEM \u0161arkama. Nadogra\u0111ujte s povjerenjem, znaju\u0107i da imate najbolje dijelove prijenosnog ra\u010dunala. Naru\u010dite sada i osjetite GTSZ razliku. Ako imate bilo kakvih pitanja ili vam je potrebna dodatna pomo\u0107, ne ustru\u010davajte se poslati nam poruku.<\/p>\n","protected":false},"excerpt":{"rendered":"<p>Unaprijedite svoj LENOVO Thinkpad T480S s na\u0161im originalnim OEM \u0161arkama (R+L) &#8211; brojevi dijelova 01EN970 i 01EN971. Osigurajte glatku, izdr\u017eljivu zamjenu \u0161arki za svoje prijenosno ra\u010dunalo. Vjerujte kvaliteti marke GTSZ. Kompatibilan s modelima LENOVO Thinkpad T480S. Dostupna dostava diljem svijeta.<\/p>\n","protected":false},"featured_media":22754,"template":"","meta":[],"product_brand":[],"product_cat":[54],"product_tag":[61],"class_list":{"0":"post-22690","1":"product","2":"type-product","3":"status-publish","4":"has-post-thumbnail","6":"product_cat-screen-hinge","7":"product_tag-lenovo","9":"first","10":"instock","11":"taxable","12":"shipping-taxable","13":"purchasable","14":"product-type-simple"},"_links":{"self":[{"href":"https:\/\/boreait.com\/hr\/wp-json\/wp\/v2\/product\/22690","targetHints":{"allow":["GET"]}}],"collection":[{"href":"https:\/\/boreait.com\/hr\/wp-json\/wp\/v2\/product"}],"about":[{"href":"https:\/\/boreait.com\/hr\/wp-json\/wp\/v2\/types\/product"}],"wp:featuredmedia":[{"embeddable":true,"href":"https:\/\/boreait.com\/hr\/wp-json\/wp\/v2\/media\/22754"}],"wp:attachment":[{"href":"https:\/\/boreait.com\/hr\/wp-json\/wp\/v2\/media?parent=22690"}],"wp:term":[{"taxonomy":"product_brand","embeddable":true,"href":"https:\/\/boreait.com\/hr\/wp-json\/wp\/v2\/product_brand?post=22690"},{"taxonomy":"product_cat","embeddable":true,"href":"https:\/\/boreait.com\/hr\/wp-json\/wp\/v2\/product_cat?post=22690"},{"taxonomy":"product_tag","embeddable":true,"href":"https:\/\/boreait.com\/hr\/wp-json\/wp\/v2\/product_tag?post=22690"}],"curies":[{"name":"wp","href":"https:\/\/api.w.org\/{rel}","templated":true}]}}