{"id":22684,"date":"2025-07-25T11:58:15","date_gmt":"2025-07-25T11:58:15","guid":{"rendered":"https:\/\/boreait.com\/hr\/?post_type=product&#038;p=22684"},"modified":"2025-07-25T11:59:16","modified_gmt":"2025-07-25T11:59:16","slug":"originalni-lenovo-thinkpad-x240-x250-x260-x270-kabel-01av932-dc02c008v00-sc10k88292-dijelovi-prijenosnog-racunala","status":"publish","type":"product","link":"https:\/\/boreait.com\/hr\/product\/originalni-lenovo-thinkpad-x240-x250-x260-x270-kabel-01av932-dc02c008v00-sc10k88292-dijelovi-prijenosnog-racunala\/","title":{"rendered":"Originalni Lenovo Thinkpad X240 X250 X260 X270 kabel 01AV932 DC02C008V00 SC10K88292 dijelovi prijenosnog ra\u010dunala"},"content":{"rendered":"<p>Pobolj\u0161ajte performanse svog prijenosnog ra\u010dunala Lenovo Thinkpad X240, X250, X260 ili X270 s originalnim Lenovo kabelom 01AV932 DC02C008V00 SC10K88292. Izra\u0111en da zadovolji stroge standarde kvalitete tvrtke Lenovo, ovaj kabel je savr\u0161ena zamjena ili nadogradnja za va\u0161 postoje\u0107i.<\/p>\n<p>Dizajniran za kompatibilnost s navedenim modelima prijenosnih ra\u010dunala, ovaj kabel osigurava sigurnu i u\u010dinkovitu vezu, olak\u0161avaju\u0107i nesmetan rad va\u0161eg prijenosnog ra\u010dunala. Bilo da mijenjate istro\u0161eni kabel ili tra\u017eite nadogradnju za bolje performanse, vjerujte autenti\u010dnosti i kvaliteti originalnih dijelova prijenosnog ra\u010dunala Lenovo.<\/p>\n<p>U Siggmu prioritet dajemo autenti\u010dnosti, a na\u0161e prave fotografije pokazuju upravo ono \u0161to \u0107ete dobiti. Nema iznena\u0111enja, samo originalna Lenovo kvaliteta. Imajte na umu da, iako ne dajemo posebne upute za zamjenu, na\u0161 je tim spreman pomo\u0107i s bilo kakvim upitima ili nedoumicama koje mo\u017eda imate.<\/p>\n<p>Ula\u017eite u pouzdanost autenti\u010dnih dijelova prijenosnog ra\u010dunala za besprijekoran ra\u010dunalni do\u017eivljaj. Naru\u010dite svoj originalni kabel Lenovo Thinkpad X240 X250 X260 X270 (01AV932 DC02C008V00 SC10K88292) sada i u\u017eivajte u povjerenju koje dolazi s kori\u0161tenjem originalnih dijelova. Nadogradite svoje prijenosno ra\u010dunalo uz Siggmo danas!<\/p>\n","protected":false},"excerpt":{"rendered":"<p>Nadogradite ili zamijenite kabel prijenosnog ra\u010dunala ovim originalnim kabelom Lenovo Thinkpad X240 X250 X260 X270. Dizajniran za optimalnu kompatibilnost i izvedbu, ovaj kabel (01AV932 DC02C008V00 SC10K88292) osigurava besprijekornu vezu u va\u0161em prijenosnom ra\u010dunalu. Vjerujte u pouzdanost originalnih Lenovo dijelova za glatko i u\u010dinkovito iskustvo prijenosnog ra\u010dunala.<\/p>\n","protected":false},"featured_media":22748,"template":"","meta":[],"product_brand":[],"product_cat":[55],"product_tag":[61],"class_list":{"0":"post-22684","1":"product","2":"type-product","3":"status-publish","4":"has-post-thumbnail","6":"product_cat-cables","7":"product_tag-lenovo","9":"first","10":"instock","11":"taxable","12":"shipping-taxable","13":"purchasable","14":"product-type-simple"},"_links":{"self":[{"href":"https:\/\/boreait.com\/hr\/wp-json\/wp\/v2\/product\/22684","targetHints":{"allow":["GET"]}}],"collection":[{"href":"https:\/\/boreait.com\/hr\/wp-json\/wp\/v2\/product"}],"about":[{"href":"https:\/\/boreait.com\/hr\/wp-json\/wp\/v2\/types\/product"}],"wp:featuredmedia":[{"embeddable":true,"href":"https:\/\/boreait.com\/hr\/wp-json\/wp\/v2\/media\/22748"}],"wp:attachment":[{"href":"https:\/\/boreait.com\/hr\/wp-json\/wp\/v2\/media?parent=22684"}],"wp:term":[{"taxonomy":"product_brand","embeddable":true,"href":"https:\/\/boreait.com\/hr\/wp-json\/wp\/v2\/product_brand?post=22684"},{"taxonomy":"product_cat","embeddable":true,"href":"https:\/\/boreait.com\/hr\/wp-json\/wp\/v2\/product_cat?post=22684"},{"taxonomy":"product_tag","embeddable":true,"href":"https:\/\/boreait.com\/hr\/wp-json\/wp\/v2\/product_tag?post=22684"}],"curies":[{"name":"wp","href":"https:\/\/api.w.org\/{rel}","templated":true}]}}