{"id":22682,"date":"2025-07-25T11:58:15","date_gmt":"2025-07-25T11:58:15","guid":{"rendered":"https:\/\/boreait.com\/hr\/?post_type=product&#038;p=22682"},"modified":"2025-07-25T11:59:14","modified_gmt":"2025-07-25T11:59:14","slug":"originalni-lcd-straznji-poklopac-lenovo-thinkpad-x260-zaslon-bez-dodira-scbok88291-ap0zj000600","status":"publish","type":"product","link":"https:\/\/boreait.com\/hr\/product\/originalni-lcd-straznji-poklopac-lenovo-thinkpad-x260-zaslon-bez-dodira-scbok88291-ap0zj000600\/","title":{"rendered":"Originalni LCD stra\u017enji poklopac Lenovo Thinkpad X260 &#8211; zaslon bez dodira | SCBOK88291 AP0ZJ000600"},"content":{"rendered":"<p>Pobolj\u0161ajte estetiku i funkcionalnost svog Lenovo Thinkpada X260 s na\u0161im originalnim LCD stra\u017enjim poklopcem dizajniranim za modele bez zaslona osjetljivog na dodir. Izra\u0111ena s precizno\u0161\u0107u, ova navlaka za gornji poklopac nosi broj dijela SCBOK88291 AP0ZJ000600, jam\u010de\u0107i kompatibilnost i besprijekorno pristajanje.<\/p>\n<p><strong>Klju\u010dne zna\u010dajke:<\/strong><\/p>\n<ul>\n<li><strong>Kompatibilnost:<\/strong> Posebno dizajnirano za modele Lenovo Thinkpad X260 bez zaslona osjetljivog na dodir.<\/li>\n<li><strong>Prava kvaliteta:<\/strong> Autenti\u010dni Lenovo proizvod koji osigurava izdr\u017eljivost i pouzdanost.<\/li>\n<li><strong>Jednostavna zamjena:<\/strong> Nadogradite svoje prijenosno ra\u010dunalo bez napora s ovim gornjim poklopcem.<\/li>\n<li><strong>Elegantan dizajn:<\/strong> Vratite izvorni izgled i dojam svom prijenosnom ra\u010dunalu.<\/li>\n<li><strong>Dostava diljem svijeta:<\/strong> Nudimo brzu i sigurnu dostavu u Europu i diljem svijeta.<\/li>\n<\/ul>\n<p><strong>Napomena:<\/strong><\/p>\n<ul>\n<li>Nema uputa za zamjenu, ali tu smo da vam pomognemo. Slobodno nam po\u0161aljite poruku ako trebate daljnje upute.<\/li>\n<\/ul>\n<p>Nadogradite svoj Lenovo Thinkpad X260 s povjerenjem. Fotografije u popisu stvarne su slike dijela koji \u0107ete dobiti, \u010dime se osigurava transparentnost i povjerenje u va\u0161u kupnju.<\/p>\n","protected":false},"excerpt":{"rendered":"<p>Nadogradite svoj Lenovo Thinkpad X260 ovim originalnim LCD stra\u017enjim poklopcem. Dizajniran za modele bez zaslona osjetljivog na dodir, ovaj poklopac za gornji poklopac, s brojem dijela SCBOK88291 AP0ZJ000600, osigurava savr\u0161eno pristajanje. Vratite svom prijenosnom ra\u010dunalu elegantan izgled s ovim visokokvalitetnim zamjenskim dijelom. Dostupna dostava diljem svijeta.<\/p>\n","protected":false},"featured_media":22744,"template":"","meta":[],"product_brand":[],"product_cat":[51],"product_tag":[61],"class_list":{"0":"post-22682","1":"product","2":"type-product","3":"status-publish","4":"has-post-thumbnail","6":"product_cat-laptop-housing","7":"product_tag-lenovo","9":"first","10":"instock","11":"taxable","12":"shipping-taxable","13":"purchasable","14":"product-type-simple"},"_links":{"self":[{"href":"https:\/\/boreait.com\/hr\/wp-json\/wp\/v2\/product\/22682","targetHints":{"allow":["GET"]}}],"collection":[{"href":"https:\/\/boreait.com\/hr\/wp-json\/wp\/v2\/product"}],"about":[{"href":"https:\/\/boreait.com\/hr\/wp-json\/wp\/v2\/types\/product"}],"wp:featuredmedia":[{"embeddable":true,"href":"https:\/\/boreait.com\/hr\/wp-json\/wp\/v2\/media\/22744"}],"wp:attachment":[{"href":"https:\/\/boreait.com\/hr\/wp-json\/wp\/v2\/media?parent=22682"}],"wp:term":[{"taxonomy":"product_brand","embeddable":true,"href":"https:\/\/boreait.com\/hr\/wp-json\/wp\/v2\/product_brand?post=22682"},{"taxonomy":"product_cat","embeddable":true,"href":"https:\/\/boreait.com\/hr\/wp-json\/wp\/v2\/product_cat?post=22682"},{"taxonomy":"product_tag","embeddable":true,"href":"https:\/\/boreait.com\/hr\/wp-json\/wp\/v2\/product_tag?post=22682"}],"curies":[{"name":"wp","href":"https:\/\/api.w.org\/{rel}","templated":true}]}}