{"id":22681,"date":"2025-07-25T11:58:15","date_gmt":"2025-07-25T11:58:15","guid":{"rendered":"https:\/\/boreait.com\/hr\/?post_type=product&#038;p=22681"},"modified":"2025-07-25T11:59:09","modified_gmt":"2025-07-25T11:59:09","slug":"originalni-okvir-za-lcd-zaslon-lenovo-thinkpad-x260-20hm-sb30k41916-fa0zj000200","status":"publish","type":"product","link":"https:\/\/boreait.com\/hr\/product\/originalni-okvir-za-lcd-zaslon-lenovo-thinkpad-x260-20hm-sb30k41916-fa0zj000200\/","title":{"rendered":"Originalni okvir za LCD zaslon Lenovo Thinkpad X260 20HM SB30K41916 FA0ZJ000200"},"content":{"rendered":"<p>Pobolj\u0161ajte vizualnu privla\u010dnost i za\u0161titu va\u0161eg Lenovo Thinkpada X260 20HM s originalnim okru\u017euju\u0107im okvirom LCD zaslona. Ovaj okvir, s brojem dijela SB30K41916 i FA0ZJ000200, izra\u0111en je za precizno pristajanje, osiguravaju\u0107i da va\u0161e prijenosno ra\u010dunalo ne samo da izgleda elegantno, ve\u0107 je i za\u0161ti\u0107eno od mogu\u0107ih o\u0161te\u0107enja.<\/p>\n<p><strong>Klju\u010dne zna\u010dajke:<\/strong><\/p>\n<ul>\n<li>Originalni Lenovo proizvod: Budite mirni znaju\u0107i da dobivate autenti\u010dni Lenovo zamjenski dio.<\/li>\n<li>Kompatibilnost modela: Dizajnirano posebno za model Lenovo Thinkpad X260 20HM.<\/li>\n<li>Jednostavna instalacija: nadogradite svoje prijenosno ra\u010dunalo bez napora okvirom koji savr\u0161eno pristaje.<\/li>\n<li>Estetsko pobolj\u0161anje: okvir ne samo da \u0161titi va\u0161 LCD zaslon, ve\u0107 i dodaje da\u0161ak sofisticiranosti va\u0161em prijenosnom ra\u010dunalu.<\/li>\n<\/ul>\n<p><strong>Kompatibilnost:<\/strong> Ovaj okru\u017euju\u0107i okvir LCD zaslona kompatibilan je s modelom Lenovo Thinkpad X260 20HM. Prije kupnje provjerite kompatibilnost.<\/p>\n<p><strong>Paket uklju\u010duje:<\/strong><\/p>\n<ul>\n<li>1x originalni okvir za LCD zaslon Lenovo Thinkpad X260 20HM (SB30K41916, FA0ZJ000200)<\/li>\n<\/ul>\n<p><strong>Va\u017ena napomena:<\/strong><\/p>\n<ul>\n<li>Uradi sam instalacija: osiguravamo originalni dio; me\u0111utim, upute za zamjenu nisu uklju\u010dene. Ako trebate pomo\u0107 ili imate pitanja, slobodno nam po\u0161aljite poruku.<\/li>\n<li>Prave fotografije proizvoda: Slike u popisu originalne su fotografije dijela koji \u0107ete dobiti. Vjerujte u to\u010dnost i kvalitetu onoga \u0161to vidite.<\/li>\n<\/ul>\n<p>Nadogradite svoje prijenosno ra\u010dunalo s povjerenjem. Kupujte u Siggmu autenti\u010dne dijelove prijenosnog ra\u010dunala i unaprijedite estetiku i za\u0161titu svog Lenovo Thinkpada X260 20HM ve\u0107 danas.<\/p>\n","protected":false},"excerpt":{"rendered":"<p>Nadogradite svoj Lenovo Thinkpad X260 20HM ovim originalnim okru\u017euju\u0107im okvirom LCD zaslona. Dizajniran za savr\u0161eno pristajanje, ovaj okvir (broj dijela SB30K41916, FA0ZJ000200) pobolj\u0161ava estetsku privla\u010dnost va\u0161eg prijenosnog ra\u010dunala dok istovremeno \u0161titi LCD zaslon. Vjerujte kvaliteti i autenti\u010dnosti za svoje potrebe za dijelovima prijenosnog ra\u010dunala na Siggmo.com.<\/p>\n","protected":false},"featured_media":22741,"template":"","meta":[],"product_brand":[],"product_cat":[51],"product_tag":[61],"class_list":{"0":"post-22681","1":"product","2":"type-product","3":"status-publish","4":"has-post-thumbnail","6":"product_cat-laptop-housing","7":"product_tag-lenovo","9":"first","10":"instock","11":"taxable","12":"shipping-taxable","13":"purchasable","14":"product-type-simple"},"_links":{"self":[{"href":"https:\/\/boreait.com\/hr\/wp-json\/wp\/v2\/product\/22681","targetHints":{"allow":["GET"]}}],"collection":[{"href":"https:\/\/boreait.com\/hr\/wp-json\/wp\/v2\/product"}],"about":[{"href":"https:\/\/boreait.com\/hr\/wp-json\/wp\/v2\/types\/product"}],"wp:featuredmedia":[{"embeddable":true,"href":"https:\/\/boreait.com\/hr\/wp-json\/wp\/v2\/media\/22741"}],"wp:attachment":[{"href":"https:\/\/boreait.com\/hr\/wp-json\/wp\/v2\/media?parent=22681"}],"wp:term":[{"taxonomy":"product_brand","embeddable":true,"href":"https:\/\/boreait.com\/hr\/wp-json\/wp\/v2\/product_brand?post=22681"},{"taxonomy":"product_cat","embeddable":true,"href":"https:\/\/boreait.com\/hr\/wp-json\/wp\/v2\/product_cat?post=22681"},{"taxonomy":"product_tag","embeddable":true,"href":"https:\/\/boreait.com\/hr\/wp-json\/wp\/v2\/product_tag?post=22681"}],"curies":[{"name":"wp","href":"https:\/\/api.w.org\/{rel}","templated":true}]}}