{"id":22680,"date":"2025-07-25T11:58:15","date_gmt":"2025-07-25T11:58:15","guid":{"rendered":"https:\/\/boreait.com\/hr\/?post_type=product&#038;p=22680"},"modified":"2025-07-25T11:59:05","modified_gmt":"2025-07-25T11:59:05","slug":"originalna-maticna-ploca-lenovo-thinkpad-x260-i5-6200u-00up190-01yt037-01hx027-01en193","status":"publish","type":"product","link":"https:\/\/boreait.com\/hr\/product\/originalna-maticna-ploca-lenovo-thinkpad-x260-i5-6200u-00up190-01yt037-01hx027-01en193\/","title":{"rendered":"Originalna mati\u010dna plo\u010da Lenovo ThinkPad X260 I5-6200U 00UP190 01YT037 01HX027 01EN193"},"content":{"rendered":"<p>Pobolj\u0161ajte mogu\u0107nosti svog Lenovo ThinkPad X260 s na\u0161om autenti\u010dnom mati\u010dnom plo\u010dom, pouzdanom zamjenom ili nadogradnjom za va\u0161e prijenosno ra\u010dunalo. Pokretana Intel Core i5-6200U procesorom, ova mati\u010dna plo\u010da jam\u010di besprijekorne performanse, \u0161to je \u010dini idealnom za razne ra\u010dunalne zadatke.<\/p>\n<p><strong>Kompatibilnost kojoj mo\u017eete vjerovati:<\/strong> Ova mati\u010dna plo\u010da, identificirana brojevima modela 00UP190, 01YT037, 01HX027 i 01EN193, projektirana je za besprijekornu integraciju s va\u0161im Lenovo ThinkPad X260. Osigurajte kompatibilnost i u\u017eivajte u procesu instalacije bez muke.<\/p>\n<p><strong>Kvaliteta koju zaslu\u017eujete:<\/strong> u [Naziv va\u0161e web-lokacije] dajemo prednost kvaliteti kako bismo vam pru\u017eili najbolje dijelove za prijenosna ra\u010dunala na tr\u017ei\u0161tu. Na\u0161e mati\u010dne plo\u010de prolaze rigorozna testiranja kako bi zadovoljile industrijske standarde, osiguravaju\u0107i pouzdanost i dugovje\u010dnost va\u0161eg ure\u0111aja.<\/p>\n<p><strong>Jednostavna instalacija:<\/strong> Iako ne dajemo posebne upute za zamjenu, na\u0161a je mati\u010dna plo\u010da dizajnirana za jednostavnu instalaciju. Ako trebate pomo\u0107, slobodno nam po\u0161aljite poruku i rado \u0107emo vas voditi kroz postupak.<\/p>\n<p><strong>Prave fotografije, stvarni dijelovi:<\/strong> Slike u ovom popisu prikazuju stvarnu mati\u010dnu plo\u010du koju \u0107ete dobiti. Vjerujemo u transparentnost, a ove fotografije pokazuju kvalitetu i autenti\u010dnost na\u0161ih proizvoda.<\/p>\n<p>Nadogradite svoj Lenovo ThinkPad X260 danas snagom i pouzdano\u0161\u0107u na\u0161e originalne mati\u010dne plo\u010de. Vjerujte [Your Website Name] za sve potrebe za dijelovima va\u0161eg prijenosnog ra\u010dunala i do\u017eivite ra\u010dunalstvo u najboljem izdanju.<\/p>\n","protected":false},"excerpt":{"rendered":"<p>Nadogradite svoj Lenovo ThinkPad X260 ovom originalnom mati\u010dnom plo\u010dom koja sadr\u017ei Intel Core i5-6200U procesor. Brojevi modela 00UP190, 01YT037, 01HX027 i 01EN193 osiguravaju kompatibilnost. Pouzdajte se u kvalitetu i performanse za potrebe dijelova va\u0161eg prijenosnog ra\u010dunala.<\/p>\n","protected":false},"featured_media":22740,"template":"","meta":[],"product_brand":[],"product_cat":[62],"product_tag":[61],"class_list":{"0":"post-22680","1":"product","2":"type-product","3":"status-publish","4":"has-post-thumbnail","6":"product_cat-motherboards-board-parts","7":"product_tag-lenovo","9":"first","10":"instock","11":"taxable","12":"shipping-taxable","13":"purchasable","14":"product-type-simple"},"_links":{"self":[{"href":"https:\/\/boreait.com\/hr\/wp-json\/wp\/v2\/product\/22680","targetHints":{"allow":["GET"]}}],"collection":[{"href":"https:\/\/boreait.com\/hr\/wp-json\/wp\/v2\/product"}],"about":[{"href":"https:\/\/boreait.com\/hr\/wp-json\/wp\/v2\/types\/product"}],"wp:featuredmedia":[{"embeddable":true,"href":"https:\/\/boreait.com\/hr\/wp-json\/wp\/v2\/media\/22740"}],"wp:attachment":[{"href":"https:\/\/boreait.com\/hr\/wp-json\/wp\/v2\/media?parent=22680"}],"wp:term":[{"taxonomy":"product_brand","embeddable":true,"href":"https:\/\/boreait.com\/hr\/wp-json\/wp\/v2\/product_brand?post=22680"},{"taxonomy":"product_cat","embeddable":true,"href":"https:\/\/boreait.com\/hr\/wp-json\/wp\/v2\/product_cat?post=22680"},{"taxonomy":"product_tag","embeddable":true,"href":"https:\/\/boreait.com\/hr\/wp-json\/wp\/v2\/product_tag?post=22680"}],"curies":[{"name":"wp","href":"https:\/\/api.w.org\/{rel}","templated":true}]}}