{"id":22679,"date":"2025-07-25T11:58:15","date_gmt":"2025-07-25T11:58:15","guid":{"rendered":"https:\/\/boreait.com\/hr\/?post_type=product&#038;p=22679"},"modified":"2025-07-25T11:59:02","modified_gmt":"2025-07-25T11:59:02","slug":"originalni-dijelovi-prijenosnog-racunala-s-okvirom-lenovo-thinkpad-x260-za-dlanove-ap0zk000200","status":"publish","type":"product","link":"https:\/\/boreait.com\/hr\/product\/originalni-dijelovi-prijenosnog-racunala-s-okvirom-lenovo-thinkpad-x260-za-dlanove-ap0zk000200\/","title":{"rendered":"Originalni dijelovi prijenosnog ra\u010dunala s okvirom Lenovo ThinkPad X260 za dlanove AP0ZK000200"},"content":{"rendered":"<p>Pobolj\u0161ajte performanse i izgled va\u0161eg Lenovo ThinkPad X260 s autenti\u010dnim okvirom za dlanove AP0ZK000200. Ovaj originalni dio prijenosnog ra\u010dunala Lenovo pomno je izra\u0111en kako bi osigurao savr\u0161eno pristajanje, pru\u017eaju\u0107i i izdr\u017eljivost i elegantan dizajn.<\/p>\n<p><strong>Kompatibilnost:<\/strong><\/p>\n<ul>\n<li>Dizajniran posebno za prijenosna ra\u010dunala Lenovo ThinkPad X260.<\/li>\n<\/ul>\n<p><strong>Zna\u010dajke:<\/strong><\/p>\n<ul>\n<li>Originalni Lenovo proizvod za pouzdano i sigurno pristajanje.<\/li>\n<li>Pobolj\u0161ava cjelokupnu estetiku va\u0161eg prijenosnog ra\u010dunala.<\/li>\n<li>Izra\u0111en s precizno\u0161\u0107u za dugotrajnu izdr\u017eljivost.<\/li>\n<li>Dostupna dostava diljem svijeta radi va\u0161e udobnosti.<\/li>\n<\/ul>\n<p><strong>Instalacija:<\/strong><\/p>\n<ul>\n<li>Jednostavan za instalaciju uz minimalno tehni\u010dko znanje.<\/li>\n<li>Iako ne pru\u017eamo upute korak po korak, slobodno nam se obratite ako imate pitanja ili trebate pomo\u0107.<\/li>\n<\/ul>\n<p><strong>Napomena:<\/strong><\/p>\n<ul>\n<li>Ovaj popis je samo za okvir naslona za ruku AP0ZK000200. Ostale komponente prikazane na fotografijama slu\u017ee u ilustrativne svrhe.<\/li>\n<li>Prave fotografije osiguravaju transparentnost &#8211; ono \u0161to vidite to i dobijete.<\/li>\n<\/ul>\n<p>Nadogradite svoje prijenosno ra\u010dunalo danas s okvirom Lenovo ThinkPad X260 Palmrest AP0ZK000200 Frame \u2013 bitnom komponentom za besprijekornu funkcionalnost i dotjeran izgled. Ako imate bilo kakvih upita ili trebate dodatnu pomo\u0107, slobodno nas kontaktirajte. Ovdje smo da vam pomognemo da izvu\u010dete maksimum iz svog prijenosnog ra\u010dunala.<\/p>\n","protected":false},"excerpt":{"rendered":"<p>Nadogradite svoj Lenovo ThinkPad X260 ovim originalnim okvirom oslonca za dlan (broj dijela AP0ZK000200). Izra\u0111en do savr\u0161enstva, ovaj visokokvalitetni okvir je autenti\u010dni Lenovo proizvod dizajniran za besprijekorno pristajanje. Pobolj\u0161ajte estetiku i funkcionalnost svog prijenosnog ra\u010dunala s ovim originalnim zamjenskim dijelom. Dostupna dostava diljem svijeta.<\/p>\n","protected":false},"featured_media":22725,"template":"","meta":[],"product_brand":[],"product_cat":[51],"product_tag":[61],"class_list":{"0":"post-22679","1":"product","2":"type-product","3":"status-publish","4":"has-post-thumbnail","6":"product_cat-laptop-housing","7":"product_tag-lenovo","9":"first","10":"instock","11":"taxable","12":"shipping-taxable","13":"purchasable","14":"product-type-simple"},"_links":{"self":[{"href":"https:\/\/boreait.com\/hr\/wp-json\/wp\/v2\/product\/22679","targetHints":{"allow":["GET"]}}],"collection":[{"href":"https:\/\/boreait.com\/hr\/wp-json\/wp\/v2\/product"}],"about":[{"href":"https:\/\/boreait.com\/hr\/wp-json\/wp\/v2\/types\/product"}],"wp:featuredmedia":[{"embeddable":true,"href":"https:\/\/boreait.com\/hr\/wp-json\/wp\/v2\/media\/22725"}],"wp:attachment":[{"href":"https:\/\/boreait.com\/hr\/wp-json\/wp\/v2\/media?parent=22679"}],"wp:term":[{"taxonomy":"product_brand","embeddable":true,"href":"https:\/\/boreait.com\/hr\/wp-json\/wp\/v2\/product_brand?post=22679"},{"taxonomy":"product_cat","embeddable":true,"href":"https:\/\/boreait.com\/hr\/wp-json\/wp\/v2\/product_cat?post=22679"},{"taxonomy":"product_tag","embeddable":true,"href":"https:\/\/boreait.com\/hr\/wp-json\/wp\/v2\/product_tag?post=22679"}],"curies":[{"name":"wp","href":"https:\/\/api.w.org\/{rel}","templated":true}]}}