{"id":22659,"date":"2025-07-25T11:57:52","date_gmt":"2025-07-25T11:57:52","guid":{"rendered":"https:\/\/boreait.com\/hr\/?post_type=product&#038;p=22659"},"modified":"2025-07-25T11:58:53","modified_gmt":"2025-07-25T11:58:53","slug":"lenovo-15iil05-set-zvucnika-lr-pk23000sy0-originalni-rabljeni-dijelovi-za-prijenosna-racunala","status":"publish","type":"product","link":"https:\/\/boreait.com\/hr\/product\/lenovo-15iil05-set-zvucnika-lr-pk23000sy0-originalni-rabljeni-dijelovi-za-prijenosna-racunala\/","title":{"rendered":"Lenovo 15IIL05 Set zvu\u010dnika L+R PK23000SY0 &#8211; Originalni rabljeni dijelovi za prijenosna ra\u010dunala"},"content":{"rendered":"<p>Nadogradite audio performanse svog prijenosnog ra\u010dunala Lenovo 15IIL05 s ovim originalnim setom zvu\u010dnika koji sadr\u017ei i lijeve i desne zvu\u010dnike (PK23000SY0). Ovi rabljeni zvu\u010dnici koje je izradio Lenovo, pa\u017eljivo su testirani na kvalitetu i kompatibilnost, \u010dime se osigurava da zadovoljavaju visoke standarde koje o\u010dekujete od originalnih dijelova za prijenosna ra\u010dunala.<\/p>\n<p><strong>Klju\u010dne zna\u010dajke:<\/strong><\/p>\n<ul>\n<li><strong>Kompatibilnost:<\/strong> Dizajnirano posebno za prijenosna ra\u010dunala Lenovo 15IIL05.<\/li>\n<li><strong>Jamstvo kvalitete:<\/strong> Svaki zvu\u010dnik prolazi rigorozno testiranje kako bi se osigurala pouzdana i autenti\u010dna audio izvedba.<\/li>\n<li><strong>Originalni dijelovi:<\/strong> Autenti\u010dni Lenovo zvu\u010dnici za originalno i besprijekorno pristajanje.<\/li>\n<li><strong>Rabljeno stanje:<\/strong> Ovi su zvu\u010dnici ve\u0107 kori\u0161teni, \u0161to vam jam\u010di pristupa\u010dnu i ekolo\u0161ki prihvatljivu opciju bez kompromisa u kvaliteti.<\/li>\n<li><strong>Plug and Play:<\/strong> Jednostavna instalacija\u2014jednostavno uklju\u010di i koristi. Nema slo\u017eenih uputa, ali slobodno nam se obratite ako trebate pomo\u0107.<\/li>\n<li><strong>Dostava diljem svijeta:<\/strong> Dostupna za isporuku unutar Europe i diljem svijeta.<\/li>\n<\/ul>\n<p>Nadogradite audio mogu\u0107nosti svog prijenosnog ra\u010dunala ovim setom zvu\u010dnika Lenovo 15IIL05. Uronite u bogatije zvu\u010dno iskustvo znaju\u0107i da ste ulo\u017eili u originalne dijelove prijenosnog ra\u010dunala provjerene kvalitete. Za sve upite ili pomo\u0107, ne ustru\u010davajte se poslati nam poruku.<\/p>\n","protected":false},"excerpt":{"rendered":"<p>Pobolj\u0161ajte zvuk svog laptopa Lenovo 15IIL05 ovim originalnim setom zvu\u010dnika. Uklju\u010deni lijevi i desni zvu\u010dnici (PK23000SY0). Ispitana kvaliteta i kori\u0161teni, ovi originalni Lenovo dijelovi osiguravaju autenti\u010dno audio iskustvo. Nadogradite svoje prijenosno ra\u010dunalo danas ovim pouzdanim zvu\u010dnicima!<\/p>\n","protected":false},"featured_media":22722,"template":"","meta":[],"product_brand":[],"product_cat":[62],"product_tag":[61],"class_list":{"0":"post-22659","1":"product","2":"type-product","3":"status-publish","4":"has-post-thumbnail","6":"product_cat-motherboards-board-parts","7":"product_tag-lenovo","9":"first","10":"instock","11":"taxable","12":"shipping-taxable","13":"purchasable","14":"product-type-simple"},"_links":{"self":[{"href":"https:\/\/boreait.com\/hr\/wp-json\/wp\/v2\/product\/22659","targetHints":{"allow":["GET"]}}],"collection":[{"href":"https:\/\/boreait.com\/hr\/wp-json\/wp\/v2\/product"}],"about":[{"href":"https:\/\/boreait.com\/hr\/wp-json\/wp\/v2\/types\/product"}],"wp:featuredmedia":[{"embeddable":true,"href":"https:\/\/boreait.com\/hr\/wp-json\/wp\/v2\/media\/22722"}],"wp:attachment":[{"href":"https:\/\/boreait.com\/hr\/wp-json\/wp\/v2\/media?parent=22659"}],"wp:term":[{"taxonomy":"product_brand","embeddable":true,"href":"https:\/\/boreait.com\/hr\/wp-json\/wp\/v2\/product_brand?post=22659"},{"taxonomy":"product_cat","embeddable":true,"href":"https:\/\/boreait.com\/hr\/wp-json\/wp\/v2\/product_cat?post=22659"},{"taxonomy":"product_tag","embeddable":true,"href":"https:\/\/boreait.com\/hr\/wp-json\/wp\/v2\/product_tag?post=22659"}],"curies":[{"name":"wp","href":"https:\/\/api.w.org\/{rel}","templated":true}]}}