{"id":22656,"date":"2025-07-25T11:57:52","date_gmt":"2025-07-25T11:57:52","guid":{"rendered":"https:\/\/boreait.com\/hr\/?post_type=product&#038;p=22656"},"modified":"2025-07-25T11:58:50","modified_gmt":"2025-07-25T11:58:50","slug":"veliko-3-x-seagate-250-gb-sata-iii-35-tvrdi-disk","status":"publish","type":"product","link":"https:\/\/boreait.com\/hr\/product\/veliko-3-x-seagate-250-gb-sata-iii-35-tvrdi-disk\/","title":{"rendered":"VELIKO 3 x Seagate 250 GB SATA III 3,5&#8243; tvrdi disk"},"content":{"rendered":"<p><strong>Sav tvrdi disk Sentinel 100% ispravan<\/strong><\/p>\n<p>Nadogradite kapacitet pohrane va\u0161eg ra\u010dunala s autenti\u010dnim Seagate 250GB SATA III 3,5&#8243; tvrdim diskom<\/p>\n<p><strong>Klju\u010dne zna\u010dajke:<\/strong><\/p>\n<ul>\n<li><strong>Kapacitet:<\/strong> 250 GB<\/li>\n<li><strong>Su\u010delje:<\/strong> SATA III<\/li>\n<li><strong>Faktor oblika:<\/strong> 3,5 in\u010da<\/li>\n<\/ul>\n<p><strong>Brza i sigurna dostava:<\/strong> Razumijemo hitnost vra\u0107anja va\u0161eg prijenosnog ra\u010dunala u pogon. Iskoristite na\u0161e brze i sigurne mogu\u0107nosti dostave u Europu i diljem svijeta.<\/p>\n","protected":false},"excerpt":{"rendered":"<p>Pove\u0107ajte prostor za pohranu va\u0161eg prijenosnog ra\u010dunala s originalnim Seagate 250GB SATA III 3,5&#8243; tvrdim diskom. Dostupna je brza i sigurna dostava.<\/p>\n","protected":false},"featured_media":22719,"template":"","meta":[],"product_brand":[],"product_cat":[88,66],"product_tag":[],"class_list":{"0":"post-22656","1":"product","2":"type-product","3":"status-publish","4":"has-post-thumbnail","6":"product_cat-3-5-hdd","7":"product_cat-ssd-hdd-drives","9":"first","10":"instock","11":"taxable","12":"shipping-taxable","13":"purchasable","14":"product-type-simple"},"_links":{"self":[{"href":"https:\/\/boreait.com\/hr\/wp-json\/wp\/v2\/product\/22656","targetHints":{"allow":["GET"]}}],"collection":[{"href":"https:\/\/boreait.com\/hr\/wp-json\/wp\/v2\/product"}],"about":[{"href":"https:\/\/boreait.com\/hr\/wp-json\/wp\/v2\/types\/product"}],"wp:featuredmedia":[{"embeddable":true,"href":"https:\/\/boreait.com\/hr\/wp-json\/wp\/v2\/media\/22719"}],"wp:attachment":[{"href":"https:\/\/boreait.com\/hr\/wp-json\/wp\/v2\/media?parent=22656"}],"wp:term":[{"taxonomy":"product_brand","embeddable":true,"href":"https:\/\/boreait.com\/hr\/wp-json\/wp\/v2\/product_brand?post=22656"},{"taxonomy":"product_cat","embeddable":true,"href":"https:\/\/boreait.com\/hr\/wp-json\/wp\/v2\/product_cat?post=22656"},{"taxonomy":"product_tag","embeddable":true,"href":"https:\/\/boreait.com\/hr\/wp-json\/wp\/v2\/product_tag?post=22656"}],"curies":[{"name":"wp","href":"https:\/\/api.w.org\/{rel}","templated":true}]}}