{"id":22582,"date":"2025-07-25T11:56:45","date_gmt":"2025-07-25T11:56:45","guid":{"rendered":"https:\/\/boreait.com\/hr\/?post_type=product&#038;p=22582"},"modified":"2026-01-19T09:18:54","modified_gmt":"2026-01-19T09:18:54","slug":"originalni-drzaci-za-lcd-zaslon-hp-elitebook-8560-originalni-zamjenski-dijelovi","status":"publish","type":"product","link":"https:\/\/boreait.com\/hr\/product\/originalni-drzaci-za-lcd-zaslon-hp-elitebook-8560-originalni-zamjenski-dijelovi\/","title":{"rendered":"Originalni dr\u017ea\u010di za LCD zaslon HP EliteBook 8560 &#8211; originalni zamjenski dijelovi"},"content":{"rendered":"<p>Pobolj\u0161ajte vizualnu privla\u010dnost i funkcionalnost svog HP EliteBook 8560 s na\u0161im originalnim dr\u017ea\u010dima za LCD zaslon. Precizno izra\u0111eni, ovi originalni zamjenski dijelovi jam\u010de besprijekorno pristajanje, odr\u017eavaju\u0107i estetiku i strukturni integritet va\u0161eg prijenosnog ra\u010dunala.<\/p>\n<p><strong>Kompatibilnost:<\/strong> Osmi\u0161ljeni posebno za HP EliteBook 8560, ovi dr\u017ea\u010di LCD zaslona pru\u017eaju sigurno dr\u017eanje, osiguravaju\u0107i da va\u0161 zaslon ostane na mjestu. Neka va\u0161e prijenosno ra\u010dunalo izgleda elegantno i profesionalno.<\/p>\n<p><strong>Jamstvo kvalitete:<\/strong> Na\u0161i dr\u017ea\u010di LCD zaslona originalni su HP dijelovi koji vam jam\u010de najvi\u0161u kvalitetu. Svaki je komad pa\u017eljivo izra\u0111en kako bi zadovoljio HP-ove stroge standarde, nude\u0107i izdr\u017eljivost i pouzdanost.<\/p>\n<p><strong>Jednostavna instalacija:<\/strong> Zamijenite dr\u017ea\u010de bez napora, bez potrebe za posebnim alatima. Iako ne dajemo upute, slobodno nam se obratite ako trebate pomo\u0107. Proces je jednostavan, \u0161to ga \u010dini pristupa\u010dnim onima s osnovnim tehni\u010dkim vje\u0161tinama.<\/p>\n<p><strong>Dostava \u0161irom svijeta:<\/strong> Shva\u0107amo va\u017enost brze usluge. U\u017eivajte u otpremi \u0161irom svijeta, osiguravaju\u0107i da va\u0161i zamjenski dijelovi stignu do vas gdje god se nalazili.<\/p>\n<p><strong>Poruka za kupce:<\/strong> Ako imate bilo kakvih pitanja ili trebate dodatnu pomo\u0107, ne ustru\u010davajte se obratiti. Cijenimo va\u0161e zadovoljstvo i tu smo da vam pomognemo.<\/p>\n<p>Nadogradite svoj HP EliteBook 8560 s povjerenjem pomo\u0107u ovih originalnih dr\u017ea\u010da LCD zaslona. Naru\u010dite sada kako biste iskusili besprijekoran postupak zamjene i u\u017eivali u prijenosnom ra\u010dunalu koje izgleda i funkcionira kao novo.<\/p>\n","protected":false},"excerpt":{"rendered":"<p>Nadogradite svoj HP EliteBook 8560 ovim originalnim dr\u017ea\u010dima LCD zaslona. Osigurajte savr\u0161eno pristajanje i zadr\u017eite elegantan dizajn va\u0161eg prijenosnog ra\u010dunala. Originalni zamjenski dijelovi za siguran i dugotrajan popravak.<\/p>\n","protected":false},"featured_media":22647,"template":"","meta":[],"product_brand":[],"product_cat":[51],"product_tag":[60],"class_list":{"0":"post-22582","1":"product","2":"type-product","3":"status-publish","4":"has-post-thumbnail","6":"product_cat-laptop-housing","7":"product_tag-hp","9":"first","10":"instock","11":"taxable","12":"shipping-taxable","13":"purchasable","14":"product-type-simple"},"_links":{"self":[{"href":"https:\/\/boreait.com\/hr\/wp-json\/wp\/v2\/product\/22582","targetHints":{"allow":["GET"]}}],"collection":[{"href":"https:\/\/boreait.com\/hr\/wp-json\/wp\/v2\/product"}],"about":[{"href":"https:\/\/boreait.com\/hr\/wp-json\/wp\/v2\/types\/product"}],"wp:featuredmedia":[{"embeddable":true,"href":"https:\/\/boreait.com\/hr\/wp-json\/wp\/v2\/media\/22647"}],"wp:attachment":[{"href":"https:\/\/boreait.com\/hr\/wp-json\/wp\/v2\/media?parent=22582"}],"wp:term":[{"taxonomy":"product_brand","embeddable":true,"href":"https:\/\/boreait.com\/hr\/wp-json\/wp\/v2\/product_brand?post=22582"},{"taxonomy":"product_cat","embeddable":true,"href":"https:\/\/boreait.com\/hr\/wp-json\/wp\/v2\/product_cat?post=22582"},{"taxonomy":"product_tag","embeddable":true,"href":"https:\/\/boreait.com\/hr\/wp-json\/wp\/v2\/product_tag?post=22582"}],"curies":[{"name":"wp","href":"https:\/\/api.w.org\/{rel}","templated":true}]}}