{"id":22576,"date":"2025-07-25T11:56:45","date_gmt":"2025-07-25T11:56:45","guid":{"rendered":"https:\/\/boreait.com\/hr\/?post_type=product&#038;p=22576"},"modified":"2025-07-25T11:57:35","modified_gmt":"2025-07-25T11:57:35","slug":"originalni-poklopac-donje-baze-kucista-lenovo-x230-30-4ra02-xxx-zamjena-dijelova-prijenosnog-racunala","status":"publish","type":"product","link":"https:\/\/boreait.com\/hr\/product\/originalni-poklopac-donje-baze-kucista-lenovo-x230-30-4ra02-xxx-zamjena-dijelova-prijenosnog-racunala\/","title":{"rendered":"Originalni poklopac donje baze ku\u0107i\u0161ta Lenovo X230 30.4RA02.XXX &#8211; Zamjena dijelova prijenosnog ra\u010dunala"},"content":{"rendered":"<p>Nadogradite i za\u0161titite svoj Lenovo X230 s na\u0161im originalnim poklopcem donjeg ku\u0107i\u0161ta, s brojem dijela 30.4RA02.XXX. Posebno dizajniran za besprijekorno pristajanje, ova visokokvalitetna zamjena dodaje izdr\u017eljivost i \u0161titi unutarnje komponente va\u0161eg prijenosnog ra\u010dunala.<\/p>\n<p><strong>Zna\u010dajke proizvoda:<\/strong><\/p>\n<ul>\n<li>Autenti\u010dna maska donje baze za Lenovo X230<\/li>\n<li>Broj dijela: 30.4RA02.XXX<\/li>\n<li>Pouzdana i \u010dvrsta konstrukcija<\/li>\n<li>Savr\u0161eno odgovara prijenosnim ra\u010dunalima Lenovo X230<\/li>\n<li>Pove\u0107ajte dugovje\u010dnost svog ure\u0111aja<\/li>\n<\/ul>\n<p><strong>Za\u0161to odabrati Siggmo?<\/strong> U Siggmu razumijemo va\u017enost originalnih dijelova za prijenosna ra\u010dunala. Na\u0161 poklopac donjeg ku\u0107i\u0161ta dolazi izravno od provjerenih proizvo\u0111a\u010da kako bi se osigurala autenti\u010dnost i kvaliteta. Proizvod koji vidite je proizvod koji dobivate, jer su sve fotografije stvarne slike dijelova koje \u0107ete dobiti.<\/p>\n<p><strong>Jednostavna instalacija:<\/strong> Iako ne dajemo posebne upute za zamjenu, postupak zamjene poklopca donjeg ku\u0107i\u0161ta je jednostavan. Ako trebate pomo\u0107, slobodno nam po\u0161aljite poruku.<\/p>\n<p>Dajte svom Lenovo X230 novi \u017eivot. Nadogradite s povjerenjem\u2014odaberite Siggmo za potrebe dijelova prijenosnog ra\u010dunala.<\/p>\n","protected":false},"excerpt":{"rendered":"<p>Pove\u0107ajte izdr\u017eljivost svog Lenovo X230 s na\u0161im originalnim poklopcem donjeg ku\u0107i\u0161ta, broj dijela 30.4RA02.XXX. Izra\u0111ena do savr\u0161enstva, ova zamjena osigurava dobro pristajanje i za\u0161titu vitalnih komponenti. Vjerujte Siggmu za autenti\u010dne dijelove prijenosnog ra\u010dunala.<\/p>\n","protected":false},"featured_media":22637,"template":"","meta":[],"product_brand":[],"product_cat":[51],"product_tag":[61],"class_list":{"0":"post-22576","1":"product","2":"type-product","3":"status-publish","4":"has-post-thumbnail","6":"product_cat-laptop-housing","7":"product_tag-lenovo","9":"first","10":"instock","11":"taxable","12":"shipping-taxable","13":"purchasable","14":"product-type-simple"},"_links":{"self":[{"href":"https:\/\/boreait.com\/hr\/wp-json\/wp\/v2\/product\/22576","targetHints":{"allow":["GET"]}}],"collection":[{"href":"https:\/\/boreait.com\/hr\/wp-json\/wp\/v2\/product"}],"about":[{"href":"https:\/\/boreait.com\/hr\/wp-json\/wp\/v2\/types\/product"}],"wp:featuredmedia":[{"embeddable":true,"href":"https:\/\/boreait.com\/hr\/wp-json\/wp\/v2\/media\/22637"}],"wp:attachment":[{"href":"https:\/\/boreait.com\/hr\/wp-json\/wp\/v2\/media?parent=22576"}],"wp:term":[{"taxonomy":"product_brand","embeddable":true,"href":"https:\/\/boreait.com\/hr\/wp-json\/wp\/v2\/product_brand?post=22576"},{"taxonomy":"product_cat","embeddable":true,"href":"https:\/\/boreait.com\/hr\/wp-json\/wp\/v2\/product_cat?post=22576"},{"taxonomy":"product_tag","embeddable":true,"href":"https:\/\/boreait.com\/hr\/wp-json\/wp\/v2\/product_tag?post=22576"}],"curies":[{"name":"wp","href":"https:\/\/api.w.org\/{rel}","templated":true}]}}