{"id":22575,"date":"2025-07-25T11:56:45","date_gmt":"2025-07-25T11:56:45","guid":{"rendered":"https:\/\/boreait.com\/hr\/?post_type=product&#038;p=22575"},"modified":"2026-01-19T09:18:37","modified_gmt":"2026-01-19T09:18:37","slug":"originalni-zvucnik-23-40861-001-za-lenovo-thinkpad-x230-zamjena-dijelova-prijenosnog-racunala","status":"publish","type":"product","link":"https:\/\/boreait.com\/hr\/product\/originalni-zvucnik-23-40861-001-za-lenovo-thinkpad-x230-zamjena-dijelova-prijenosnog-racunala\/","title":{"rendered":"Originalni zvu\u010dnik 23.40861.001 za Lenovo Thinkpad X230 &#8211; Zamjena dijelova prijenosnog ra\u010dunala"},"content":{"rendered":"<p>Nadogradite audio sustav va\u0161eg Lenovo Thinkpad X230 s originalnim zvu\u010dnikom 23.40861.001 \u2013 autenti\u010dnim zamjenskim dijelovima prijenosnog ra\u010dunala dizajniranim za vra\u0107anje i podizanje kvalitete zvuka va\u0161eg prijenosnog ra\u010dunala. Izra\u0111en za kompatibilnost i performanse, ovaj zvu\u010dnik jam\u010di jednostavnu instalaciju, \u0161to ga \u010dini idealnim i za ljubitelje tehnologije i za obi\u010dne korisnike.<\/p>\n<p><strong>Klju\u010dne zna\u010dajke:<\/strong><\/p>\n<ul>\n<li><strong>Originalni dio:<\/strong> Ovaj zvu\u010dnik je autenti\u010dna komponenta za prijenosna ra\u010dunala Lenovo Thinkpad X230, \u010dime se osigurava kompatibilnost i pouzdanost.<\/li>\n<li><strong>Pobolj\u0161ani zvuk:<\/strong> U\u017eivajte u pobolj\u0161anoj kvaliteti zvuka za svoje prijenosno ra\u010dunalo, pobolj\u0161avaju\u0107i svoje multimedijsko i zabavno iskustvo.<\/li>\n<li><strong>Jednostavna zamjena:<\/strong> Dizajniran za jednostavnu instalaciju, \u0161to ga \u010dini dostupnim korisnicima svih tehni\u010dkih razina.<\/li>\n<li><strong>Kompatibilnost:<\/strong> Savr\u0161eno odgovara za Lenovo Thinkpad X230, pru\u017ea besprijekorno pristajanje i optimalne performanse.<\/li>\n<li><strong>Globalna dostava:<\/strong> Nudimo dostavu diljem svijeta, osiguravaju\u0107i vam pristup visokokvalitetnim dijelovima prijenosnog ra\u010dunala gdje god se nalazili.<\/li>\n<\/ul>\n<p><strong>Napomena:<\/strong> Iako ne dajemo posebne upute za zamjenu, na\u0161e fotografije proizvoda prikazuju to\u010dno onaj dio koji \u0107ete dobiti. Ako imate bilo kakvih pitanja ili trebate pomo\u0107 tijekom postupka zamjene, slobodno nam po\u0161aljite poruku. Vjerujte Siggmu za autenti\u010dne dijelove prijenosnog ra\u010dunala i pobolj\u0161ano iskustvo rada s ra\u010dunalom. Naru\u010dite svoj originalni zvu\u010dnik 23.40861.001 sada!<\/p>\n","protected":false},"excerpt":{"rendered":"<p>Pobolj\u0161ajte audio performanse va\u0161eg Lenovo Thinkpada X230 s na\u0161im originalnim zvu\u010dnikom 23.40861.001. Dizajniran za jednostavnu zamjenu, ovaj visokokvalitetni zvu\u010dnik za prijenosno ra\u010dunalo osigurava o\u0161tar i \u010dist zvuk. Savr\u0161eno za o\u017eivljavanje audio mogu\u0107nosti va\u0161eg prijenosnog ra\u010dunala. Kupite sada i do\u017eivite besprijekornu nadogradnju!<\/p>\n","protected":false},"featured_media":22636,"template":"","meta":[],"product_brand":[],"product_cat":[53],"product_tag":[61],"class_list":{"0":"post-22575","1":"product","2":"type-product","3":"status-publish","4":"has-post-thumbnail","6":"product_cat-laptop-speakers","7":"product_tag-lenovo","9":"first","10":"instock","11":"taxable","12":"shipping-taxable","13":"purchasable","14":"product-type-simple"},"_links":{"self":[{"href":"https:\/\/boreait.com\/hr\/wp-json\/wp\/v2\/product\/22575","targetHints":{"allow":["GET"]}}],"collection":[{"href":"https:\/\/boreait.com\/hr\/wp-json\/wp\/v2\/product"}],"about":[{"href":"https:\/\/boreait.com\/hr\/wp-json\/wp\/v2\/types\/product"}],"wp:featuredmedia":[{"embeddable":true,"href":"https:\/\/boreait.com\/hr\/wp-json\/wp\/v2\/media\/22636"}],"wp:attachment":[{"href":"https:\/\/boreait.com\/hr\/wp-json\/wp\/v2\/media?parent=22575"}],"wp:term":[{"taxonomy":"product_brand","embeddable":true,"href":"https:\/\/boreait.com\/hr\/wp-json\/wp\/v2\/product_brand?post=22575"},{"taxonomy":"product_cat","embeddable":true,"href":"https:\/\/boreait.com\/hr\/wp-json\/wp\/v2\/product_cat?post=22575"},{"taxonomy":"product_tag","embeddable":true,"href":"https:\/\/boreait.com\/hr\/wp-json\/wp\/v2\/product_tag?post=22575"}],"curies":[{"name":"wp","href":"https:\/\/api.w.org\/{rel}","templated":true}]}}