{"id":22562,"date":"2025-07-25T11:56:24","date_gmt":"2025-07-25T11:56:24","guid":{"rendered":"https:\/\/boreait.com\/hr\/?post_type=product&#038;p=22562"},"modified":"2025-07-25T11:57:31","modified_gmt":"2025-07-25T11:57:31","slug":"originalni-lenovo-t430-dc-in-kabel-04w6889-04w6888-0b38958-dijelovi-prijenosnog-racunala","status":"publish","type":"product","link":"https:\/\/boreait.com\/hr\/product\/originalni-lenovo-t430-dc-in-kabel-04w6889-04w6888-0b38958-dijelovi-prijenosnog-racunala\/","title":{"rendered":"Originalni Lenovo T430 DC-in kabel 04W6889 04W6888 0B38958 dijelovi prijenosnog ra\u010dunala"},"content":{"rendered":"<p>Pobolj\u0161ajte povezivost napajanja va\u0161eg Lenovo T430 s originalnim Lenovo DC-in kabelom. Ovaj visokokvalitetni kabel, brojevi modela 04W6889, 04W6888, 0B38958, dizajniran je za besprijekorno i pouzdano povezivanje napajanja kako bi va\u0161e prijenosno ra\u010dunalo radilo glatko.<\/p>\n<p><strong>Kompatibilnost:<\/strong><\/p>\n<ul>\n<li>Dizajniran posebno za prijenosna ra\u010dunala Lenovo T430.<\/li>\n<\/ul>\n<p><strong>Zna\u010dajke:<\/strong><\/p>\n<ul>\n<li>Originalni Lenovo proizvod za zajam\u010denu kompatibilnost.<\/li>\n<li>Brojevi modela: 04W6889, 04W6888, 0B38958.<\/li>\n<li>Pouzdano napajanje kako bi se osigurala optimalna izvedba prijenosnog ra\u010dunala.<\/li>\n<li>Brza i sigurna dostava dostupna unutar Europe i diljem svijeta.<\/li>\n<\/ul>\n<p><strong>Napomena:<\/strong><\/p>\n<ul>\n<li>Upute za instalaciju nisu uklju\u010dene. Ako trebate pomo\u0107, slobodno nam po\u0161aljite poruku.<\/li>\n<\/ul>\n<p><strong>Jamstvo kvalitete:<\/strong> Budite sigurni da proizvod koji dobijete odgovara stvarnim fotografijama navedenim u popisu. Ponosni smo \u0161to na\u0161im klijentima nudimo originalne, visokokvalitetne dijelove za prijenosna ra\u010dunala.<\/p>\n<p>Nadogradite svoje prijenosno ra\u010dunalo s povjerenjem. Naru\u010dite sada svoj originalni Lenovo T430 DC-in kabel za pouzdanu i u\u010dinkovitu strujnu vezu.<\/p>\n<p>Za sve upite ili pomo\u0107 slobodno nam po\u0161aljite poruku. Ovdje smo da pomognemo!<\/p>\n","protected":false},"excerpt":{"rendered":"<p>Nadogradite svoj Lenovo T430 ovim originalnim DC-in kabelom. Model: 04W6889, 04W6888, 0B38958. Osigurajte pouzdanu strujnu vezu za prijenosno ra\u010dunalo. Brza i sigurna dostava unutar Europe i svijeta.<\/p>\n","protected":false},"featured_media":22635,"template":"","meta":[],"product_brand":[],"product_cat":[55],"product_tag":[61],"class_list":{"0":"post-22562","1":"product","2":"type-product","3":"status-publish","4":"has-post-thumbnail","6":"product_cat-cables","7":"product_tag-lenovo","9":"first","10":"instock","11":"taxable","12":"shipping-taxable","13":"purchasable","14":"product-type-simple"},"_links":{"self":[{"href":"https:\/\/boreait.com\/hr\/wp-json\/wp\/v2\/product\/22562","targetHints":{"allow":["GET"]}}],"collection":[{"href":"https:\/\/boreait.com\/hr\/wp-json\/wp\/v2\/product"}],"about":[{"href":"https:\/\/boreait.com\/hr\/wp-json\/wp\/v2\/types\/product"}],"wp:featuredmedia":[{"embeddable":true,"href":"https:\/\/boreait.com\/hr\/wp-json\/wp\/v2\/media\/22635"}],"wp:attachment":[{"href":"https:\/\/boreait.com\/hr\/wp-json\/wp\/v2\/media?parent=22562"}],"wp:term":[{"taxonomy":"product_brand","embeddable":true,"href":"https:\/\/boreait.com\/hr\/wp-json\/wp\/v2\/product_brand?post=22562"},{"taxonomy":"product_cat","embeddable":true,"href":"https:\/\/boreait.com\/hr\/wp-json\/wp\/v2\/product_cat?post=22562"},{"taxonomy":"product_tag","embeddable":true,"href":"https:\/\/boreait.com\/hr\/wp-json\/wp\/v2\/product_tag?post=22562"}],"curies":[{"name":"wp","href":"https:\/\/api.w.org\/{rel}","templated":true}]}}