{"id":22531,"date":"2025-07-25T11:55:58","date_gmt":"2025-07-25T11:55:58","guid":{"rendered":"https:\/\/boreait.com\/hr\/?post_type=product&#038;p=22531"},"modified":"2025-07-25T11:56:54","modified_gmt":"2025-07-25T11:56:54","slug":"okvir-lcd-zaslona-dell-latitude-5420-prikljucak-za-web-kameru-0gy37d-gy37d-originalni-zamjenski-dijelovi-za-prijenosno-racunalo","status":"publish","type":"product","link":"https:\/\/boreait.com\/hr\/product\/okvir-lcd-zaslona-dell-latitude-5420-prikljucak-za-web-kameru-0gy37d-gy37d-originalni-zamjenski-dijelovi-za-prijenosno-racunalo\/","title":{"rendered":"Okvir LCD zaslona Dell Latitude 5420 + priklju\u010dak za web kameru 0GY37D GY37D &#8211; originalni zamjenski dijelovi za prijenosno ra\u010dunalo"},"content":{"rendered":"<p>Nadogradite svoje prijenosno ra\u010dunalo Dell Latitude 5420 s na\u0161im originalnim okvirom okvira LCD zaslona, zajedno s priklju\u010dkom za web kameru (Broj dijela: 0GY37D GY37D). Izra\u0111en za preciznost i kompatibilnost, ovaj zamjenski dio ne samo da vra\u0107a elegantnu estetiku va\u0161eg prijenosnog ra\u010dunala, ve\u0107 tako\u0111er osigurava besprijekorno pristajanje za instalaciju bez muke.<\/p>\n<p><strong>Klju\u010dne zna\u010dajke:<\/strong><\/p>\n<ul>\n<li><strong>Originalna zamjena:<\/strong> autenti\u010dni okvir za LCD zaslon Dell Latitude 5420 s priklju\u010dkom za web kameru.<\/li>\n<li><strong>Pobolj\u0161ana estetika:<\/strong> Revitalizirajte izgled svog prijenosnog ra\u010dunala i u\u010dinite ga potpuno novim.<\/li>\n<li><strong>Besprijekorno pristajanje:<\/strong> Precizna izrada za jednostavnu ugradnju bez ikakvih izmjena.<\/li>\n<li><strong>Priklju\u010dak za web-kameru:<\/strong> Dizajniran s priklju\u010dkom za web-kameru za dodatnu funkcionalnost.<\/li>\n<li><strong>Jamstvo kvalitete:<\/strong> Budite mirni uz na\u0161u predanost pru\u017eanju visokokvalitetnih i pouzdanih dijelova za prijenosna ra\u010dunala.<\/li>\n<\/ul>\n<p>Bilo da se bavite tro\u0161enjem ili \u017eelite nadogradnju, Siggmo je va\u0161 pouzdan izvor za autenti\u010dne dijelove prijenosnog ra\u010dunala. Na\u0161e fotografije proizvoda prikazuju to\u010dan artikl koji \u0107ete dobiti, osiguravaju\u0107i transparentnost i povjerenje u va\u0161u kupnju. Imajte na umu da, iako ne pru\u017eamo detaljne upute za zamjenu, slobodno nam se obratite ako imate pitanja ili trebate dodatnu pomo\u0107.<\/p>\n<p>Ulo\u017eite u dugotrajnost i performanse svog prijenosnog ra\u010dunala Dell Latitude 5420 s na\u0161im originalnim okvirom okvira LCD zaslona. Naru\u010dite sada i do\u017eivite razliku uz Siggmo &#8211; va\u0161e odredi\u0161te za kvalitetne dijelove prijenosnih ra\u010dunala u Europi i diljem svijeta.<\/p>\n","protected":false},"excerpt":{"rendered":"<p>Pobolj\u0161ajte estetiku svog prijenosnog ra\u010dunala Dell Latitude 5420 s na\u0161im originalnim okvirom okvira LCD zaslona. Ovaj zamjenski dio, s priklju\u010dkom za web kameru (0GY37D GY37D), osigurava besprijekorno pristajanje i optimalne performanse. Pobolj\u0161ajte vizualnu privla\u010dnost svog prijenosnog ra\u010dunala s autenti\u010dnim, visokokvalitetnim komponentama sa Siggmo.com.<\/p>\n","protected":false},"featured_media":22587,"template":"","meta":[],"product_brand":[],"product_cat":[51],"product_tag":[52],"class_list":{"0":"post-22531","1":"product","2":"type-product","3":"status-publish","4":"has-post-thumbnail","6":"product_cat-laptop-housing","7":"product_tag-dell","9":"first","10":"instock","11":"taxable","12":"shipping-taxable","13":"purchasable","14":"product-type-simple"},"_links":{"self":[{"href":"https:\/\/boreait.com\/hr\/wp-json\/wp\/v2\/product\/22531","targetHints":{"allow":["GET"]}}],"collection":[{"href":"https:\/\/boreait.com\/hr\/wp-json\/wp\/v2\/product"}],"about":[{"href":"https:\/\/boreait.com\/hr\/wp-json\/wp\/v2\/types\/product"}],"wp:featuredmedia":[{"embeddable":true,"href":"https:\/\/boreait.com\/hr\/wp-json\/wp\/v2\/media\/22587"}],"wp:attachment":[{"href":"https:\/\/boreait.com\/hr\/wp-json\/wp\/v2\/media?parent=22531"}],"wp:term":[{"taxonomy":"product_brand","embeddable":true,"href":"https:\/\/boreait.com\/hr\/wp-json\/wp\/v2\/product_brand?post=22531"},{"taxonomy":"product_cat","embeddable":true,"href":"https:\/\/boreait.com\/hr\/wp-json\/wp\/v2\/product_cat?post=22531"},{"taxonomy":"product_tag","embeddable":true,"href":"https:\/\/boreait.com\/hr\/wp-json\/wp\/v2\/product_tag?post=22531"}],"curies":[{"name":"wp","href":"https:\/\/api.w.org\/{rel}","templated":true}]}}