{"id":22511,"date":"2025-07-25T11:55:38","date_gmt":"2025-07-25T11:55:38","guid":{"rendered":"https:\/\/boreait.com\/hr\/?post_type=product&#038;p=22511"},"modified":"2025-07-25T11:56:44","modified_gmt":"2025-07-25T11:56:44","slug":"originalni-hp-506601-001-506601-002-z600-z800-nosac-hdd-nosaca-nosaca-radne-stanice","status":"publish","type":"product","link":"https:\/\/boreait.com\/hr\/product\/originalni-hp-506601-001-506601-002-z600-z800-nosac-hdd-nosaca-nosaca-radne-stanice\/","title":{"rendered":"Originalni HP 506601-001 506601-002 Z600 Z800 nosa\u010d HDD nosa\u010da nosa\u010da radne stanice"},"content":{"rendered":"<p>Pove\u0107ajte kapacitet pohrane svoje HP Z600 ili Z800 radne stanice s originalnim HP 506601-001 506601-002 tvrdim diskom za dr\u017ea\u010d nosa\u010da ladice. Izra\u0111ena da zadovolji HP-ove stroge standarde, ova ladica nudi precizno pristajanje va\u0161em tvrdom disku, osiguravaju\u0107i stabilnost i dugotrajnost. Dizajniran za jednostavnu upotrebu, ovaj nosa\u010d je originalni zamjenski dio kompatibilan s modelima HP Z600 i Z800, pru\u017eaju\u0107i nadogradnju bez muke.<\/p>\n<p><strong>Klju\u010dne zna\u010dajke:<\/strong><\/p>\n<ul>\n<li>Originalna HP zamjena: vjerujte autenti\u010dnosti i kvaliteti ovog HP zamjenskog dijela.<\/li>\n<li>Kompatibilnost: posebno dizajnirano za HP Z600 i Z800 radne stanice, osiguravaju\u0107i savr\u0161eno pristajanje.<\/li>\n<li>Robusna konstrukcija: izdr\u017eljivi materijali jam\u010de \u010dvrsto i pouzdano rje\u0161enje za monta\u017eu va\u0161eg tvrdog diska.<\/li>\n<li>Jednostavna instalacija: nadogradite pohranu svoje radne stanice bez napora jednostavnim i sigurnim postupkom instalacije.<\/li>\n<\/ul>\n<p>Bilo da zamjenjujete dotrajali nosa\u010d ili pro\u0161irujete svoje mogu\u0107nosti pohrane, originalni HP 506601-001 nosa\u010d nosa\u010da nosa\u010da tvrdog diska pouzdan je izbor. Imajte na umu da ovaj popis uklju\u010duje prave fotografije, tako da mo\u017eete vidjeti to\u010dno \u0161to \u0107ete dobiti. Za bilo kakvu dodatnu pomo\u0107, slobodno nam se obratite. Nadogradite svoju HP radnu stanicu s povjerenjem i optimizirajte svoj tijek rada s ovim originalnim HP HDD nosa\u010dem.<\/p>\n","protected":false},"excerpt":{"rendered":"<p>Pove\u0107ajte mogu\u0107nosti pohrane na radnoj stanici HP Z600 ili Z800 s originalnim HP 506601-001 nosa\u010dem nosa\u010da nosa\u010da tvrdog diska. Ova visokokvalitetna ladica osigurava sigurno pristajanje za va\u0161 tvrdi disk, pru\u017eaju\u0107i optimalnu izvedbu i pouzdanost. Kompatibilna s modelima HP Z600 i Z800, ova je ladica autenti\u010dni zamjenski dio koji jam\u010di besprijekornu integraciju. Nadogradite pohranu svoje radne stanice bez napora s ovim pouzdanim HDD nosa\u010dem.<\/p>\n","protected":false},"featured_media":22574,"template":"","meta":[],"product_brand":[],"product_cat":[51],"product_tag":[60],"class_list":{"0":"post-22511","1":"product","2":"type-product","3":"status-publish","4":"has-post-thumbnail","6":"product_cat-laptop-housing","7":"product_tag-hp","9":"first","10":"instock","11":"taxable","12":"shipping-taxable","13":"purchasable","14":"product-type-simple"},"_links":{"self":[{"href":"https:\/\/boreait.com\/hr\/wp-json\/wp\/v2\/product\/22511","targetHints":{"allow":["GET"]}}],"collection":[{"href":"https:\/\/boreait.com\/hr\/wp-json\/wp\/v2\/product"}],"about":[{"href":"https:\/\/boreait.com\/hr\/wp-json\/wp\/v2\/types\/product"}],"wp:featuredmedia":[{"embeddable":true,"href":"https:\/\/boreait.com\/hr\/wp-json\/wp\/v2\/media\/22574"}],"wp:attachment":[{"href":"https:\/\/boreait.com\/hr\/wp-json\/wp\/v2\/media?parent=22511"}],"wp:term":[{"taxonomy":"product_brand","embeddable":true,"href":"https:\/\/boreait.com\/hr\/wp-json\/wp\/v2\/product_brand?post=22511"},{"taxonomy":"product_cat","embeddable":true,"href":"https:\/\/boreait.com\/hr\/wp-json\/wp\/v2\/product_cat?post=22511"},{"taxonomy":"product_tag","embeddable":true,"href":"https:\/\/boreait.com\/hr\/wp-json\/wp\/v2\/product_tag?post=22511"}],"curies":[{"name":"wp","href":"https:\/\/api.w.org\/{rel}","templated":true}]}}