{"id":22487,"date":"2025-07-25T11:55:16","date_gmt":"2025-07-25T11:55:16","guid":{"rendered":"https:\/\/boreait.com\/hr\/?post_type=product&#038;p=22487"},"modified":"2025-07-25T11:56:18","modified_gmt":"2025-07-25T11:56:18","slug":"originalni-pogon-za-prijenosno-racunalo-dell-inspiron-1525-1526-i-okvir-nm087-testirano","status":"publish","type":"product","link":"https:\/\/boreait.com\/hr\/product\/originalni-pogon-za-prijenosno-racunalo-dell-inspiron-1525-1526-i-okvir-nm087-testirano\/","title":{"rendered":"Originalni pogon za prijenosno ra\u010dunalo Dell Inspiron 1525 1526 i okvir NM087 &#8211; testirano"},"content":{"rendered":"<p>Preobrazite svoj Dell Inspiron 1525 ili 1526 s na\u0161im autenti\u010dnim Laptop Drive &amp; Okvir NM087. Pa\u017eljivo ispitana u\u010dinkovitost i izdr\u017eljivost, ova \u0107e kombinacija zajam\u010deno ispuniti va\u0161a o\u010dekivanja.<\/p>\n<p><strong>Pojedinosti o proizvodu:<\/strong><\/p>\n<ul>\n<li>Model: NM087<\/li>\n<li>Kompatibilnost: Dell Inspiron 1525, 1526<\/li>\n<li>Stanje: ispitano i certificirano<\/li>\n<\/ul>\n<p><strong>Klju\u010dne zna\u010dajke:<\/strong><\/p>\n<ul>\n<li><strong>Pouzdana izvedba:<\/strong> Projektiran da pru\u017ei dosljednu i pouzdanu izvedbu, osiguravaju\u0107i nesmetan rad.<\/li>\n<li><strong>Jednostavna nadogradnja:<\/strong> Bez napora zamijenite postoje\u0107i pogon i okvir, pobolj\u0161avaju\u0107i funkcionalnost prijenosnog ra\u010dunala.<\/li>\n<li><strong>Provjerena kvaliteta:<\/strong> Strogo testirana na izdr\u017eljivost, osiguravaju\u0107i dugotrajnost i odr\u017eive performanse.<\/li>\n<\/ul>\n<p><strong>Napomena:<\/strong><\/p>\n<ul>\n<li>Upute za instalaciju nisu uklju\u010dene, ali slobodno se obratite ako trebate pomo\u0107.<\/li>\n<li>Prave fotografije prikazuju stvarne dijelove koje \u0107ete dobiti.<\/li>\n<li>Dostava diljem svijeta: isporu\u010dujemo u Europu i \u0161ire, osiguravaju\u0107i da na\u0161i kvalitetni proizvodi stignu do vas gdje god se nalazili.<\/li>\n<\/ul>\n<p>Nadogradite svoj Dell Inspiron 1525 ili 1526 s povjerenjem. Kupujte sada i osjetite razliku!<\/p>\n","protected":false},"excerpt":{"rendered":"<p>Pobolj\u0161ajte svoj Dell Inspiron 1525 ili 1526 ovom originalnom kombinacijom pogona i okvira za prijenosno ra\u010dunalo. Testiran na pouzdanost, ovaj model NM087 osigurava optimalne performanse. Nadogradite svoje prijenosno ra\u010dunalo neprimjetno i osjetite razliku.<\/p>\n","protected":false},"featured_media":22551,"template":"","meta":[],"product_brand":[],"product_cat":[62],"product_tag":[52],"class_list":{"0":"post-22487","1":"product","2":"type-product","3":"status-publish","4":"has-post-thumbnail","6":"product_cat-motherboards-board-parts","7":"product_tag-dell","9":"first","10":"instock","11":"taxable","12":"shipping-taxable","13":"purchasable","14":"product-type-simple"},"_links":{"self":[{"href":"https:\/\/boreait.com\/hr\/wp-json\/wp\/v2\/product\/22487","targetHints":{"allow":["GET"]}}],"collection":[{"href":"https:\/\/boreait.com\/hr\/wp-json\/wp\/v2\/product"}],"about":[{"href":"https:\/\/boreait.com\/hr\/wp-json\/wp\/v2\/types\/product"}],"wp:featuredmedia":[{"embeddable":true,"href":"https:\/\/boreait.com\/hr\/wp-json\/wp\/v2\/media\/22551"}],"wp:attachment":[{"href":"https:\/\/boreait.com\/hr\/wp-json\/wp\/v2\/media?parent=22487"}],"wp:term":[{"taxonomy":"product_brand","embeddable":true,"href":"https:\/\/boreait.com\/hr\/wp-json\/wp\/v2\/product_brand?post=22487"},{"taxonomy":"product_cat","embeddable":true,"href":"https:\/\/boreait.com\/hr\/wp-json\/wp\/v2\/product_cat?post=22487"},{"taxonomy":"product_tag","embeddable":true,"href":"https:\/\/boreait.com\/hr\/wp-json\/wp\/v2\/product_tag?post=22487"}],"curies":[{"name":"wp","href":"https:\/\/api.w.org\/{rel}","templated":true}]}}