{"id":22469,"date":"2025-07-25T11:54:54","date_gmt":"2025-07-25T11:54:54","guid":{"rendered":"https:\/\/boreait.com\/hr\/?post_type=product&#038;p=22469"},"modified":"2026-01-19T09:15:53","modified_gmt":"2026-01-19T09:15:53","slug":"originalni-hp-elitebook-8570p-686302-001-poklopac-straznjeg-gornjeg-poklopca-lcd-a-dijelovi-prijenosnog-racunala","status":"publish","type":"product","link":"https:\/\/boreait.com\/hr\/product\/originalni-hp-elitebook-8570p-686302-001-poklopac-straznjeg-gornjeg-poklopca-lcd-a-dijelovi-prijenosnog-racunala\/","title":{"rendered":"Originalni HP EliteBook 8570P 686302-001 poklopac stra\u017enjeg gornjeg poklopca LCD-a &#8211; dijelovi prijenosnog ra\u010dunala"},"content":{"rendered":"<p><strong>Ovaj omot ima neka o\u0161te\u0107enja. Pogledajte fotografiju u opisu!<\/strong><\/p>\n<p>Nadogradite svoj HP EliteBook 8570P s autenti\u010dnim HP 686302-001 LCD stra\u017enjim gornjim poklopcem. Ovaj gornji poklopac originalni je zamjenski dio koji osigurava savr\u0161eno pristajanje, nude\u0107i besprijekornu obnovu estetike va\u0161eg prijenosnog ra\u010dunala. Izra\u0111en imaju\u0107i na umu preciznost i izdr\u017eljivost, ne samo da pobolj\u0161ava vizualnu privla\u010dnost, ve\u0107 i \u0161titi vrijedne komponente iznutra.<\/p>\n<p><strong>Klju\u010dne zna\u010dajke:<\/strong><\/p>\n<ul>\n<li>Originalni HP-ov dio: Ovaj 686302-001 LCD poklopac stra\u017enjeg gornjeg poklopca autenti\u010dan je HP-ov proizvod koji osigurava kompatibilnost i optimalnu izvedbu s va\u0161im EliteBook 8570P.<\/li>\n<li>Jednostavna zamjena: Dizajniran za jednostavnu instalaciju, omogu\u0107uje vam da bez napora zamijenite postoje\u0107i poklopac bez potrebe za stru\u010dnom pomo\u0107i.<\/li>\n<li>Estetski ugodan: elegantan dizajn i visokokvalitetna konstrukcija podi\u017eu cjelokupni izgled va\u0161eg prijenosnog ra\u010dunala, pru\u017eaju\u0107i dotjeran i profesionalan izgled.<\/li>\n<li>Izdr\u017eljiva izrada: Izra\u0111en imaju\u0107i na umu trajnost, ovaj poklopac nudi za\u0161titu za zaslon prijenosnog ra\u010dunala i unutarnje komponente, osiguravaju\u0107i dugovje\u010dnost i pouzdanost.<\/li>\n<li>Kompatibilnost diljem svijeta: idealno za korisnike u Europi i svijetu, nudimo pouzdanu dostavu kako bismo osigurali da originalni HP-ov dio dobijete na svom pragu.<\/li>\n<\/ul>\n<p>Nadogradite svoje prijenosno ra\u010dunalo bez napora i u\u017eivajte u obnovljenoj vizualnoj privla\u010dnosti va\u0161eg HP EliteBook 8570P. Imajte na umu da detaljne upute za zamjenu nisu navedene, ali slobodno se obratite ako imate pitanja ili trebate pomo\u0107. Slike u popisu stvarne su fotografije dijela koji \u0107ete dobiti, prikazuju\u0107i njegovu kvalitetu i stanje. Ako trebate dodatnu podr\u0161ku ili imate specifi\u010dne upite, ne ustru\u010davajte se poslati nam poruku. Hvala \u0161to ste odabrali Siggmo za svoje potrebe za dijelovima prijenosnog ra\u010dunala!<\/p>\n","protected":false},"excerpt":{"rendered":"<p>Pobolj\u0161ajte estetiku svog HP EliteBook 8570P s originalnim 686302-001 poklopcem gornjeg stra\u017enjeg LCD zaslona. Izra\u0111en za preciznost, ovaj poklopac za gornji poklopac dizajniran je da neprimjetno zamijeni postoje\u0107i, vra\u0107aju\u0107i va\u0161em prijenosnom ra\u010dunalu njegov izvorni sjaj. Izdr\u017eljiv, elegantan i potkrijepljen HP-ovom kvalitetom, savr\u0161en je dio prijenosnog ra\u010dunala za pobolj\u0161anje stila i funkcionalnosti.<\/p>\n","protected":false},"featured_media":22527,"template":"","meta":[],"product_brand":[],"product_cat":[51],"product_tag":[60],"class_list":{"0":"post-22469","1":"product","2":"type-product","3":"status-publish","4":"has-post-thumbnail","6":"product_cat-laptop-housing","7":"product_tag-hp","9":"first","10":"instock","11":"taxable","12":"shipping-taxable","13":"purchasable","14":"product-type-simple"},"_links":{"self":[{"href":"https:\/\/boreait.com\/hr\/wp-json\/wp\/v2\/product\/22469","targetHints":{"allow":["GET"]}}],"collection":[{"href":"https:\/\/boreait.com\/hr\/wp-json\/wp\/v2\/product"}],"about":[{"href":"https:\/\/boreait.com\/hr\/wp-json\/wp\/v2\/types\/product"}],"wp:featuredmedia":[{"embeddable":true,"href":"https:\/\/boreait.com\/hr\/wp-json\/wp\/v2\/media\/22527"}],"wp:attachment":[{"href":"https:\/\/boreait.com\/hr\/wp-json\/wp\/v2\/media?parent=22469"}],"wp:term":[{"taxonomy":"product_brand","embeddable":true,"href":"https:\/\/boreait.com\/hr\/wp-json\/wp\/v2\/product_brand?post=22469"},{"taxonomy":"product_cat","embeddable":true,"href":"https:\/\/boreait.com\/hr\/wp-json\/wp\/v2\/product_cat?post=22469"},{"taxonomy":"product_tag","embeddable":true,"href":"https:\/\/boreait.com\/hr\/wp-json\/wp\/v2\/product_tag?post=22469"}],"curies":[{"name":"wp","href":"https:\/\/api.w.org\/{rel}","templated":true}]}}