{"id":22445,"date":"2025-07-25T11:54:32","date_gmt":"2025-07-25T11:54:32","guid":{"rendered":"https:\/\/boreait.com\/hr\/?post_type=product&#038;p=22445"},"modified":"2025-07-25T11:55:33","modified_gmt":"2025-07-25T11:55:33","slug":"originalna-hp-compaq-nx7300-tipkovnica-za-prijenosno-racunalo-417525-ba1-komplet-zamjenskih-kljuceva","status":"publish","type":"product","link":"https:\/\/boreait.com\/hr\/product\/originalna-hp-compaq-nx7300-tipkovnica-za-prijenosno-racunalo-417525-ba1-komplet-zamjenskih-kljuceva\/","title":{"rendered":"Originalna HP Compaq nx7300 tipkovnica za prijenosno ra\u010dunalo 417525-BA1 komplet zamjenskih klju\u010deva"},"content":{"rendered":"<p>Pobolj\u0161ajte performanse i dugovje\u010dnost va\u0161eg prijenosnog ra\u010dunala HP Compaq nx7300 s na\u0161om precizno izra\u0111enom zamjenskom tipkovnicom, model 417525-BA1. Izra\u0111ena prema slovenskim standardima rasporeda, ova tipkovnica osigurava besprijekorno pristajanje va\u0161em ure\u0111aju &#8211; tako\u0111er je kompatibilna s drugim zemljama i jezicima. Kompatibilni brojevi dijelova: 413554-061 413554-141 413554-171 417525-001<\/p>\n<p><strong>Kompatibilnost i osiguranje kvalitete:<\/strong> Na\u0161a zamjena za tipkovnicu originalni je HP-ov dio, koji vam pru\u017ea pouzdanost i jamstvo kvalitete koje dolazi s pouzdanom markom HP. Izra\u0111en s precizno\u0161\u0107u, svaki je klju\u010d dizajniran za izdr\u017eljivost i optimalnu izvedbu.<\/p>\n<p><strong>Jednostavna instalacija:<\/strong> Revitalizacija prijenosnog ra\u010dunala nikada nije bila lak\u0161a. Na\u0161a zamjenska tipkovnica dolazi s dizajnom prilago\u0111enim korisniku za jednostavnu instalaciju. Iako ne pru\u017eamo upute korak po korak, na\u0161 je proizvod dizajniran za pogodnost zamjene kod ku\u0107e. Ako vam je potrebna dodatna pomo\u0107, slobodno se obratite na\u0161em posve\u0107enom timu za podr\u0161ku.<\/p>\n<p><strong>Dostava \u0161irom svijeta:<\/strong> Bez obzira gdje se nalazite, Siggmo osigurava da su vam originalni dijelovi prijenosnog ra\u010dunala dostupni. Nudimo dostavu diljem svijeta, donose\u0107i na\u0161e kvalitetne proizvode pravo na ku\u0107ni prag.<\/p>\n<p><strong>Prave fotografije proizvoda:<\/strong> Slike u ovom popisu originalne su fotografije tipkovnice koju \u0107ete dobiti. Vjerujemo u transparentnost i \u017eelimo da imate jasan uvid u proizvod u koji ula\u017eete.<\/p>\n<p>Nadogradite svoje prijenosno ra\u010dunalo HP Compaq nx7300 s povjerenjem. Naru\u010dite svoju zamjensku tipkovnicu danas od Siggma, va\u0161eg pouzdanog izvora za vrhunske dijelove za prijenosna ra\u010dunala. Ako imate bilo kakvih pitanja ili trebate pomo\u0107, ne ustru\u010davajte se poslati nam poruku. Va\u0161e zadovoljstvo na\u0161 je prioritet.<\/p>\n","protected":false},"excerpt":{"rendered":"<p>Pobolj\u0161ajte svoje iskustvo prijenosnog ra\u010dunala HP Compaq nx7300 s na\u0161im autenti\u010dnim kompletom za zamjenu tipkovnice. Model 417525-BA1, dizajniran s precizno\u0161\u0107u za slovenski raspored, osigurava besprijekornu kompatibilnost. Vratite funkcionalnost svog prijenosnog ra\u010dunala s ovim originalnim HP dijelom. Vjerujte Siggmu za kvalitetne dijelove za prijenosna ra\u010dunala, isporu\u010dene \u0161irom svijeta.<\/p>\n","protected":false},"featured_media":22504,"template":"","meta":[],"product_brand":[],"product_cat":[70],"product_tag":[60],"class_list":{"0":"post-22445","1":"product","2":"type-product","3":"status-publish","4":"has-post-thumbnail","6":"product_cat-laptop-keyboard","7":"product_tag-hp","9":"first","10":"instock","11":"taxable","12":"shipping-taxable","13":"purchasable","14":"product-type-simple"},"_links":{"self":[{"href":"https:\/\/boreait.com\/hr\/wp-json\/wp\/v2\/product\/22445","targetHints":{"allow":["GET"]}}],"collection":[{"href":"https:\/\/boreait.com\/hr\/wp-json\/wp\/v2\/product"}],"about":[{"href":"https:\/\/boreait.com\/hr\/wp-json\/wp\/v2\/types\/product"}],"wp:featuredmedia":[{"embeddable":true,"href":"https:\/\/boreait.com\/hr\/wp-json\/wp\/v2\/media\/22504"}],"wp:attachment":[{"href":"https:\/\/boreait.com\/hr\/wp-json\/wp\/v2\/media?parent=22445"}],"wp:term":[{"taxonomy":"product_brand","embeddable":true,"href":"https:\/\/boreait.com\/hr\/wp-json\/wp\/v2\/product_brand?post=22445"},{"taxonomy":"product_cat","embeddable":true,"href":"https:\/\/boreait.com\/hr\/wp-json\/wp\/v2\/product_cat?post=22445"},{"taxonomy":"product_tag","embeddable":true,"href":"https:\/\/boreait.com\/hr\/wp-json\/wp\/v2\/product_tag?post=22445"}],"curies":[{"name":"wp","href":"https:\/\/api.w.org\/{rel}","templated":true}]}}