{"id":22388,"date":"2025-07-25T11:53:47","date_gmt":"2025-07-25T11:53:47","guid":{"rendered":"https:\/\/boreait.com\/hr\/?post_type=product&#038;p=22388"},"modified":"2025-07-25T11:54:34","modified_gmt":"2025-07-25T11:54:34","slug":"fujitsu-lifebook-e546-web-kamera-zamjenski-originalni-dijelovi-za-prijenosna-racunala","status":"publish","type":"product","link":"https:\/\/boreait.com\/hr\/product\/fujitsu-lifebook-e546-web-kamera-zamjenski-originalni-dijelovi-za-prijenosna-racunala\/","title":{"rendered":"Fujitsu Lifebook E546 web kamera, zamjenski originalni dijelovi za prijenosna ra\u010dunala"},"content":{"rendered":"<p>Nadogradite svoj Fujitsu Lifebook E546 s na\u0161om vrhunskom zamjenom za web kameru. Na\u0161 originalni prijenosni dio dizajniran je kako bi vam pru\u017eio besprijekorno iskustvo video komunikacije. Bilo da imate virtualne sastanke, online predavanja ili jednostavno \u017eelite uhvatiti visokokvalitetne trenutke, na\u0161a web kamera savr\u0161eno je rje\u0161enje.<\/p>\n<p><strong>Klju\u010dne zna\u010dajke:<\/strong><\/p>\n<ul>\n<li>Originalna zamjena za web kameru Fujitsu Lifebook E546<\/li>\n<li>Kristalno jasni videopozivi: Neka va\u0161i videopozivi budu o\u0161tri i \u017eivi.<\/li>\n<li>Jednostavna instalacija: nadogradnja bez muke za tehnolo\u0161ke entuzijaste.<\/li>\n<li>Pouzdana kvaliteta: Siggmo je va\u0161 pouzdani izvor originalnih dijelova za prijenosna ra\u010dunala.<\/li>\n<\/ul>\n<p><strong>Kompatibilnost:<\/strong> Ova web-kamera je posebno dizajnirana za model Fujitsu Lifebook E546. Prije kupnje provjerite kompatibilnost.<\/p>\n<p><strong>Savjeti za instalaciju:<\/strong> Iako ne pru\u017eamo upute korak po korak, zamjena kamere web kamere op\u0107enito je jednostavna. Ako nai\u0111ete na bilo kakve probleme ili trebate pomo\u0107, slobodno nam po\u0161aljite poruku. Ovdje smo da pomognemo!<\/p>\n<p><strong>Prave fotografije, stvarni dijelovi:<\/strong> Slike u ovom popisu originalne su fotografije web kamere koju \u0107ete dobiti. Ono \u0161to vidite to i dobivate \u2013 visokokvalitetan, autenti\u010dan dio prijenosnog ra\u010dunala.<\/p>\n<p>Nadogradite svoj Fujitsu Lifebook E546 s povjerenjem. Ulo\u017eite u originalne dijelove prijenosnih ra\u010dunala tvrtke Siggmo za pouzdano i vrhunsko ra\u010dunalno iskustvo.<\/p>\n","protected":false},"excerpt":{"rendered":"<p>Pobolj\u0161ajte svoj Fujitsu Lifebook E546 s na\u0161om originalnom zamjenskom web kamerom. Osigurajte kristalno jasne video pozive i uhvatite nezaboravne trenutke. Lako se instalira za nadogradnju bez muke. Vjerujte u kvalitetu, vjerujte u Siggmo.<\/p>\n","protected":false},"featured_media":22452,"template":"","meta":[],"product_brand":[],"product_cat":[58],"product_tag":[],"class_list":{"0":"post-22388","1":"product","2":"type-product","3":"status-publish","4":"has-post-thumbnail","6":"product_cat-laptop-camera","8":"first","9":"instock","10":"taxable","11":"shipping-taxable","12":"purchasable","13":"product-type-simple"},"_links":{"self":[{"href":"https:\/\/boreait.com\/hr\/wp-json\/wp\/v2\/product\/22388","targetHints":{"allow":["GET"]}}],"collection":[{"href":"https:\/\/boreait.com\/hr\/wp-json\/wp\/v2\/product"}],"about":[{"href":"https:\/\/boreait.com\/hr\/wp-json\/wp\/v2\/types\/product"}],"wp:featuredmedia":[{"embeddable":true,"href":"https:\/\/boreait.com\/hr\/wp-json\/wp\/v2\/media\/22452"}],"wp:attachment":[{"href":"https:\/\/boreait.com\/hr\/wp-json\/wp\/v2\/media?parent=22388"}],"wp:term":[{"taxonomy":"product_brand","embeddable":true,"href":"https:\/\/boreait.com\/hr\/wp-json\/wp\/v2\/product_brand?post=22388"},{"taxonomy":"product_cat","embeddable":true,"href":"https:\/\/boreait.com\/hr\/wp-json\/wp\/v2\/product_cat?post=22388"},{"taxonomy":"product_tag","embeddable":true,"href":"https:\/\/boreait.com\/hr\/wp-json\/wp\/v2\/product_tag?post=22388"}],"curies":[{"name":"wp","href":"https:\/\/api.w.org\/{rel}","templated":true}]}}