{"id":22385,"date":"2025-07-25T11:53:47","date_gmt":"2025-07-25T11:53:47","guid":{"rendered":"https:\/\/boreait.com\/hr\/?post_type=product&#038;p=22385"},"modified":"2025-07-25T11:54:29","modified_gmt":"2025-07-25T11:54:29","slug":"zamjena-ploce-s-gumbom-za-napajanje-fujitsu-lifebook-e546-originalni-dijelovi-za-prijenosno-racunalo","status":"publish","type":"product","link":"https:\/\/boreait.com\/hr\/product\/zamjena-ploce-s-gumbom-za-napajanje-fujitsu-lifebook-e546-originalni-dijelovi-za-prijenosno-racunalo\/","title":{"rendered":"Zamjena plo\u010de s gumbom za napajanje Fujitsu Lifebook E546 &#8211; originalni dijelovi za prijenosno ra\u010dunalo"},"content":{"rendered":"<p>Pove\u0107ajte funkcionalnost svog Fujitsu Lifebook E546 s na\u0161om originalnom OEM zamjenskom plo\u010dom gumba za uklju\u010divanje. Izra\u0111ena za preciznost i kompatibilnost, ova plo\u010da s gumbom za napajanje jam\u010di besprijekorno pristajanje i pouzdan rad.<\/p>\n<p><strong>Kompatibilnost:<\/strong><\/p>\n<p>Ova plo\u010da s gumbom za uklju\u010divanje posebno je dizajnirana za model Fujitsu Lifebook E546, osiguravaju\u0107i savr\u0161eno podudaranje. Reagira li va\u0161 gumb za napajanje ili ne radi ispravno, ovaj zamjenski dio je va\u0161e rje\u0161enje.<\/p>\n<p><strong>Jamstvo kvalitete:<\/strong><\/p>\n<p>U Siggmu prioritet dajemo kvaliteti i pouzdanosti. Na\u0161a plo\u010da s gumbom za napajanje podvrgava se rigoroznom testiranju kako bi zadovoljila industrijske standarde. Budite uvjereni, dobivate proizvod koji zadovoljava ili prema\u0161uje izvorne specifikacije.<\/p>\n<p><strong>Jednostavna instalacija:<\/strong><\/p>\n<p>Ne morate biti tehni\u010dki stru\u010dnjak \u2013 na\u0161a plo\u010da s gumbom za uklju\u010divanje dolazi s jednostavnom instalacijom. Me\u0111utim, ako vam je potrebna pomo\u0107, slobodno nam se obratite. Iako ne pru\u017eamo upute korak po korak, tu smo da vam pomognemo kroz proces.<\/p>\n<p><strong>Dostava diljem svijeta:<\/strong><\/p>\n<p>Sa sjedi\u0161tem u Europi, nudimo globalnu dostavu kako bismo kupcima diljem svijeta mogli pristupiti originalnim dijelovima prijenosnog ra\u010dunala. Primite to\u010dno onu plo\u010du s gumbom za uklju\u010divanje koju vidite na fotografijama \u2013 stvarne slike proizvoda koje \u0107ete dobiti.<\/p>\n<p>Pove\u0107ajte dugovje\u010dnost svog Fujitsu Lifebook E546 s ovom zamjenskom plo\u010dom gumba za uklju\u010divanje. Vjerujte Siggmu za pouzdane dijelove za prijenosna ra\u010dunala i u\u017eivajte u besprijekornom iskustvu online kupovine. Ako imate pitanja ili trebate dodatnu podr\u0161ku, ne ustru\u010davajte se poslati nam poruku.<\/p>\n","protected":false},"excerpt":{"rendered":"<p>Zamijenite svoju Fujitsu Lifebook E546 plo\u010du gumba za napajanje ovom originalnom OEM zamjenom. Dizajnirana za jednostavnu instalaciju, ova plo\u010da s gumbom za napajanje osigurava optimalne performanse. Pokrenite svoje prijenosno ra\u010dunalo s visokokvalitetnim dijelovima za prijenosna ra\u010dunala tvrtke Siggmo.<\/p>\n","protected":false},"featured_media":22432,"template":"","meta":[],"product_brand":[],"product_cat":[62],"product_tag":[63],"class_list":{"0":"post-22385","1":"product","2":"type-product","3":"status-publish","4":"has-post-thumbnail","6":"product_cat-motherboards-board-parts","7":"product_tag-fujitsu","9":"first","10":"instock","11":"taxable","12":"shipping-taxable","13":"purchasable","14":"product-type-simple"},"_links":{"self":[{"href":"https:\/\/boreait.com\/hr\/wp-json\/wp\/v2\/product\/22385","targetHints":{"allow":["GET"]}}],"collection":[{"href":"https:\/\/boreait.com\/hr\/wp-json\/wp\/v2\/product"}],"about":[{"href":"https:\/\/boreait.com\/hr\/wp-json\/wp\/v2\/types\/product"}],"wp:featuredmedia":[{"embeddable":true,"href":"https:\/\/boreait.com\/hr\/wp-json\/wp\/v2\/media\/22432"}],"wp:attachment":[{"href":"https:\/\/boreait.com\/hr\/wp-json\/wp\/v2\/media?parent=22385"}],"wp:term":[{"taxonomy":"product_brand","embeddable":true,"href":"https:\/\/boreait.com\/hr\/wp-json\/wp\/v2\/product_brand?post=22385"},{"taxonomy":"product_cat","embeddable":true,"href":"https:\/\/boreait.com\/hr\/wp-json\/wp\/v2\/product_cat?post=22385"},{"taxonomy":"product_tag","embeddable":true,"href":"https:\/\/boreait.com\/hr\/wp-json\/wp\/v2\/product_tag?post=22385"}],"curies":[{"name":"wp","href":"https:\/\/api.w.org\/{rel}","templated":true}]}}