{"id":22359,"date":"2025-07-25T11:53:24","date_gmt":"2025-07-25T11:53:24","guid":{"rendered":"https:\/\/boreait.com\/hr\/?post_type=product&#038;p=22359"},"modified":"2025-07-25T11:54:17","modified_gmt":"2025-07-25T11:54:17","slug":"dijelovi-ploce-za-prijenosno-racunalo-dell-inspiron-15-latitude-3580-3585-g4jk9-s-ugradenom-kamerom-i-web-kamerom","status":"publish","type":"product","link":"https:\/\/boreait.com\/hr\/product\/dijelovi-ploce-za-prijenosno-racunalo-dell-inspiron-15-latitude-3580-3585-g4jk9-s-ugradenom-kamerom-i-web-kamerom\/","title":{"rendered":"Dijelovi plo\u010de za prijenosno ra\u010dunalo Dell Inspiron 15 Latitude 3580 3585 G4JK9 s ugra\u0111enom kamerom i web kamerom"},"content":{"rendered":"<p>Nadogradite svoj Dell\u00a0 13 3300 originalnom plo\u010dom s ugra\u0111enom kamerom G4JK9, dostupnom isklju\u010divo u Siggmu. Ovaj originalni Dell dio osigurava besprijekornu kompatibilnost, jam\u010de\u0107i optimalnu izvedbu i instalaciju bez muke.<\/p>\n<p><strong>Zna\u010dajke proizvoda:<\/strong><\/p>\n<ul>\n<li><strong>Kompatibilnost:<\/strong> Dizajnirano posebno za Dell Inspiron 15 Latitude 3580 3585<\/li>\n<li><strong>Originalni Dell dio:<\/strong> Osigurajte pouzdanost s autenti\u010dnom G4JK9 plo\u010dom web kamere.<\/li>\n<li><strong>Kristalno \u010dista slika:<\/strong> Zamijenite neispravnu kameru i u\u017eivajte u jasnim videopozivima i visokokvalitetnom snimanju slika.<\/li>\n<li><strong>Jednostavna instalacija:<\/strong> Nema potrebe za kompliciranim uputama; zamijenite dio bez napora.<\/li>\n<li><strong>Dostava diljem svijeta:<\/strong> Isporu\u010dujemo u Europu i \u0161ire, osiguravaju\u0107i da dobijete dio koji vam je potreban gdje god se nalazili.<\/li>\n<\/ul>\n<p>U Siggmu smo ponosni na pru\u017eanje dijelova za prijenosna ra\u010dunala vrhunske kvalitete. Svaki artikl je pa\u017eljivo pregledan, a stvarne fotografije u popisu pokazuju to\u010dno ono \u0161to \u0107ete dobiti. Budite mirni znaju\u0107i da dobivate originalnu plo\u010du Dell Inspiron 15 Latitude 3580 3585 G4JK9 s ugra\u0111enom kamerom iz provjerenog izvora.<\/p>\n<p>Imajte na umu da iako ne dajemo upute za zamjenu dijelova, na\u0161 ljubazni tim spreman je pomo\u0107i. Slobodno nam po\u0161aljite poruku za bilo kakvu dodatnu pomo\u0107 ili informacije koje vam mogu zatrebati. Nadogradite svoje prijenosno ra\u010dunalo s povjerenjem i kupujte u Siggmu ve\u0107 danas!<\/p>\n","protected":false},"excerpt":{"rendered":"<p>Pobolj\u0161ajte svoj Dell Inspiron 15 Latitude 3580 3585 ovom originalnom G4JK9 plo\u010dom za web kameru s ugra\u0111enom kamerom. Autenti\u010dan Dell dio za besprijekornu kompatibilnost i optimalne performanse. Zamijenite svoju neispravnu kameru kako biste u\u017eivali u kristalno jasnim video pozivima i uhvatili nezaboravne trenutke. Vjerujte Siggmo.com za kvalitetne dijelove prijenosnog ra\u010dunala.<\/p>\n","protected":false},"featured_media":22421,"template":"","meta":[],"product_brand":[],"product_cat":[58],"product_tag":[52],"class_list":{"0":"post-22359","1":"product","2":"type-product","3":"status-publish","4":"has-post-thumbnail","6":"product_cat-laptop-camera","7":"product_tag-dell","9":"first","10":"instock","11":"taxable","12":"shipping-taxable","13":"purchasable","14":"product-type-simple"},"_links":{"self":[{"href":"https:\/\/boreait.com\/hr\/wp-json\/wp\/v2\/product\/22359","targetHints":{"allow":["GET"]}}],"collection":[{"href":"https:\/\/boreait.com\/hr\/wp-json\/wp\/v2\/product"}],"about":[{"href":"https:\/\/boreait.com\/hr\/wp-json\/wp\/v2\/types\/product"}],"wp:featuredmedia":[{"embeddable":true,"href":"https:\/\/boreait.com\/hr\/wp-json\/wp\/v2\/media\/22421"}],"wp:attachment":[{"href":"https:\/\/boreait.com\/hr\/wp-json\/wp\/v2\/media?parent=22359"}],"wp:term":[{"taxonomy":"product_brand","embeddable":true,"href":"https:\/\/boreait.com\/hr\/wp-json\/wp\/v2\/product_brand?post=22359"},{"taxonomy":"product_cat","embeddable":true,"href":"https:\/\/boreait.com\/hr\/wp-json\/wp\/v2\/product_cat?post=22359"},{"taxonomy":"product_tag","embeddable":true,"href":"https:\/\/boreait.com\/hr\/wp-json\/wp\/v2\/product_tag?post=22359"}],"curies":[{"name":"wp","href":"https:\/\/api.w.org\/{rel}","templated":true}]}}