{"id":22333,"date":"2025-07-25T11:53:01","date_gmt":"2025-07-25T11:53:01","guid":{"rendered":"https:\/\/boreait.com\/hr\/?post_type=product&#038;p=22333"},"modified":"2025-07-25T11:53:58","modified_gmt":"2025-07-25T11:53:58","slug":"originalni-okvir-lcd-zaslona-prijenosnog-racunala-dell-latitude-e7470-0tjmhf-ap1dl000700","status":"publish","type":"product","link":"https:\/\/boreait.com\/hr\/product\/originalni-okvir-lcd-zaslona-prijenosnog-racunala-dell-latitude-e7470-0tjmhf-ap1dl000700\/","title":{"rendered":"Originalni okvir LCD zaslona prijenosnog ra\u010dunala Dell Latitude E7470 0TJMHF AP1DL000700"},"content":{"rendered":"<p>Nadogradite izgled i za\u0161titu svog prijenosnog ra\u010dunala Dell Latitude E7470 s na\u0161im originalnim Dell okvirom LCD zaslona, broj dijela 0TJMHF AP1DL000700. Ovaj okvir je autenti\u010dna zamjena, pa\u017eljivo izra\u0111en kako bi odgovarao Dellovim standardima kvalitete i preciznosti.<\/p>\n<p><strong>Klju\u010dne zna\u010dajke:<\/strong><\/p>\n<ul>\n<li><strong>Kompatibilnost:<\/strong> Dizajnirano posebno za model Dell Latitude E7470.<\/li>\n<li><strong>Originalni Dell dio:<\/strong> Ovaj okvir LCD zaslona je autenti\u010dni Dell zamjenski dio, koji osigurava savr\u0161eno pristajanje i beskompromisnu kvalitetu.<\/li>\n<li><strong>Jednostavna instalacija:<\/strong> Nadogradite svoje prijenosno ra\u010dunalo bez napora. Okvir je dizajniran za jednostavnu instalaciju, \u0161to vam omogu\u0107uje da pobolj\u0161ate estetiku svog prijenosnog ra\u010dunala u tren oka.<\/li>\n<li><strong>\u010cvrsta konstrukcija:<\/strong> Izra\u0111en imaju\u0107i na umu izdr\u017eljivost, ovaj okvir ne samo da pobolj\u0161ava izgled va\u0161eg prijenosnog ra\u010dunala, ve\u0107 tako\u0111er pru\u017ea dodatnu za\u0161titu LCD zaslonu.<\/li>\n<\/ul>\n<p><strong>Informacije o otpremi:<\/strong><\/p>\n<ul>\n<li><strong>Dostava diljem svijeta:<\/strong> Nudimo me\u0111unarodnu dostavu kako bismo ovaj originalni Dell zamjenski dio donijeli kupcima diljem svijeta.<\/li>\n<li><strong>Brza isporuka:<\/strong> Budite uvjereni da \u0107e va\u0161a narud\u017eba biti obra\u0111ena odmah, a na\u0161e sigurno pakiranje osigurava da va\u0161 okvir stigne u savr\u0161enom stanju.<\/li>\n<\/ul>\n<p><strong>Napomena:<\/strong><\/p>\n<ul>\n<li>Ovaj popis uklju\u010duje stvarne fotografije LCD zaslona prijenosnog ra\u010dunala Dell Latitude E7470 koje \u0107ete dobiti.<\/li>\n<li>Upute za zamjenu nisu dane, ali slobodno nam po\u0161aljite poruku ako vam je potrebna pomo\u0107.<\/li>\n<\/ul>\n<p>Unaprijedite svoje iskustvo s Dell Latitude E7470 s na\u0161im originalnim okvirom LCD zaslona. Naru\u010dite sada i u\u017eivajte u kvaliteti i pouzdanosti koje dolaze s originalnim Dell zamjenskim dijelovima.<\/p>\n","protected":false},"excerpt":{"rendered":"<p>Pobolj\u0161ajte izgled i funkcionalnost svog prijenosnog ra\u010dunala Dell Latitude E7470 s na\u0161im originalnim okvirom LCD zaslona. Precizno izra\u0111en, ovaj okvir, broj dijela 0TJMHF AP1DL000700, autenti\u010dna je Dell zamjena koja osigurava savr\u0161eno pristajanje. Podignite estetiku svog prijenosnog ra\u010dunala i za\u0161titite LCD zaslon ovim okvirom visoke kvalitete. Jednostavna instalacija omogu\u0107uje vam besprijekornu nadogradnju. Dostupna dostava diljem svijeta.<\/p>\n","protected":false},"featured_media":22396,"template":"","meta":[],"product_brand":[],"product_cat":[51],"product_tag":[52],"class_list":{"0":"post-22333","1":"product","2":"type-product","3":"status-publish","4":"has-post-thumbnail","6":"product_cat-laptop-housing","7":"product_tag-dell","9":"first","10":"instock","11":"taxable","12":"shipping-taxable","13":"purchasable","14":"product-type-simple"},"_links":{"self":[{"href":"https:\/\/boreait.com\/hr\/wp-json\/wp\/v2\/product\/22333","targetHints":{"allow":["GET"]}}],"collection":[{"href":"https:\/\/boreait.com\/hr\/wp-json\/wp\/v2\/product"}],"about":[{"href":"https:\/\/boreait.com\/hr\/wp-json\/wp\/v2\/types\/product"}],"wp:featuredmedia":[{"embeddable":true,"href":"https:\/\/boreait.com\/hr\/wp-json\/wp\/v2\/media\/22396"}],"wp:attachment":[{"href":"https:\/\/boreait.com\/hr\/wp-json\/wp\/v2\/media?parent=22333"}],"wp:term":[{"taxonomy":"product_brand","embeddable":true,"href":"https:\/\/boreait.com\/hr\/wp-json\/wp\/v2\/product_brand?post=22333"},{"taxonomy":"product_cat","embeddable":true,"href":"https:\/\/boreait.com\/hr\/wp-json\/wp\/v2\/product_cat?post=22333"},{"taxonomy":"product_tag","embeddable":true,"href":"https:\/\/boreait.com\/hr\/wp-json\/wp\/v2\/product_tag?post=22333"}],"curies":[{"name":"wp","href":"https:\/\/api.w.org\/{rel}","templated":true}]}}