{"id":22311,"date":"2025-07-25T11:52:37","date_gmt":"2025-07-25T11:52:37","guid":{"rendered":"https:\/\/boreait.com\/hr\/?post_type=product&#038;p=22311"},"modified":"2025-07-25T11:53:44","modified_gmt":"2025-07-25T11:53:44","slug":"originalni-dell-latitude-e5430-e5530-touchpad-tipke-pk37b00bx00-a11d01-dijelovi-prijenosnog-racunala","status":"publish","type":"product","link":"https:\/\/boreait.com\/hr\/product\/originalni-dell-latitude-e5430-e5530-touchpad-tipke-pk37b00bx00-a11d01-dijelovi-prijenosnog-racunala\/","title":{"rendered":"Originalni Dell Latitude E5430\/E5530 Touchpad tipke PK37B00BX00 A11D01 | Dijelovi prijenosnog ra\u010dunala"},"content":{"rendered":"<p>Nadogradite svoj Dell Latitude E5430 &amp; Prijenosno ra\u010dunalo E5530 s na\u0161om originalnom Dell Touchpad lijevom\/desnom tipkom mi\u0161a (PK37B00BX00 A11D01). Ako tipke va\u0161e dodirne podloge ne reagiraju ili pokazuju znakove istro\u0161enosti, ovaj zamjenski dio osigurava brz i pouzdan popravak, vra\u0107aju\u0107i punu funkcionalnost va\u0161eg prijenosnog ra\u010dunala.<\/p>\n<p><strong>Kompatibilnost:<\/strong><\/p>\n<ul>\n<li>Dizajniran posebno za modele Dell Latitude E5430 i E5530.<\/li>\n<\/ul>\n<p><strong>Jednostavna instalacija:<\/strong><\/p>\n<ul>\n<li>Ne morate biti tehni\u010dki stru\u010dnjak; na\u0161i zamjenski gumbi touchpada jednostavni su za kori\u0161tenje i dolaze sa stvarnim, detaljnim fotografijama za vizualno vodstvo.<\/li>\n<li>Napomena: Upute nisu uklju\u010dene, ali tu smo da vam pomognemo ako trebate pomo\u0107. Samo nam po\u0161aljite poruku.<\/li>\n<\/ul>\n<p><strong>Autenti\u010dna Dellova kvaliteta:<\/strong><\/p>\n<ul>\n<li>Osigurajte preciznost i izdr\u017eljivost s originalnim Dell komponentama.<\/li>\n<li>Osje\u0107ajte se sigurni u svoju kupnju sa stvarnim fotografijama to\u010dnih dijelova koje \u0107ete dobiti.<\/li>\n<\/ul>\n<p><strong>Dostava diljem svijeta:<\/strong><\/p>\n<ul>\n<li>Bez obzira jeste li u Europi ili bilo gdje u svijetu, nudimo pouzdanu dostavu diljem svijeta.<\/li>\n<\/ul>\n<p>O\u017eivite svoje Dell Latitude E5430 i E5530 uz pouzdanost i preciznost koju o\u010dekujete od Della. Ne dopustite da vas istro\u0161eni gumbi touchpada usporavaju. Nadogradite danas s na\u0161im autenti\u010dnim Dell zamjenskim dijelovima!<\/p>\n","protected":false},"excerpt":{"rendered":"<p>Zamijenite svoje istro\u0161ene gumbe touchpada ovim originalnim Dell Latitude E5430 &amp; E5530 dijelovi. Dizajnirani za jednostavnu instalaciju, ovi gumbi (PK37B00BX00 A11D01) vra\u0107aju funkcionalnost dodirne podloge va\u0161eg prijenosnog ra\u010dunala, osiguravaju\u0107i glatku navigaciju. Autenti\u010dna Dellova kvaliteta za preciznost i izdr\u017eljivost. Dostupna dostava diljem svijeta. Vratite svoje Dell prijenosno ra\u010dunalo na vrhunske performanse danas!<\/p>\n","protected":false},"featured_media":22375,"template":"","meta":[],"product_brand":[],"product_cat":[77],"product_tag":[52],"class_list":{"0":"post-22311","1":"product","2":"type-product","3":"status-publish","4":"has-post-thumbnail","6":"product_cat-laptop-touchpads","7":"product_tag-dell","9":"first","10":"instock","11":"taxable","12":"shipping-taxable","13":"purchasable","14":"product-type-simple"},"_links":{"self":[{"href":"https:\/\/boreait.com\/hr\/wp-json\/wp\/v2\/product\/22311","targetHints":{"allow":["GET"]}}],"collection":[{"href":"https:\/\/boreait.com\/hr\/wp-json\/wp\/v2\/product"}],"about":[{"href":"https:\/\/boreait.com\/hr\/wp-json\/wp\/v2\/types\/product"}],"wp:featuredmedia":[{"embeddable":true,"href":"https:\/\/boreait.com\/hr\/wp-json\/wp\/v2\/media\/22375"}],"wp:attachment":[{"href":"https:\/\/boreait.com\/hr\/wp-json\/wp\/v2\/media?parent=22311"}],"wp:term":[{"taxonomy":"product_brand","embeddable":true,"href":"https:\/\/boreait.com\/hr\/wp-json\/wp\/v2\/product_brand?post=22311"},{"taxonomy":"product_cat","embeddable":true,"href":"https:\/\/boreait.com\/hr\/wp-json\/wp\/v2\/product_cat?post=22311"},{"taxonomy":"product_tag","embeddable":true,"href":"https:\/\/boreait.com\/hr\/wp-json\/wp\/v2\/product_tag?post=22311"}],"curies":[{"name":"wp","href":"https:\/\/api.w.org\/{rel}","templated":true}]}}