{"id":22310,"date":"2025-07-25T11:52:37","date_gmt":"2025-07-25T11:52:37","guid":{"rendered":"https:\/\/boreait.com\/hr\/?post_type=product&#038;p=22310"},"modified":"2025-07-25T11:53:42","modified_gmt":"2025-07-25T11:53:42","slug":"originalni-dell-latitude-e5530-cpu-ventilator-i-hladnjak-09htyd-09hg8x-dijelovi-za-prijenosna-racunala","status":"publish","type":"product","link":"https:\/\/boreait.com\/hr\/product\/originalni-dell-latitude-e5530-cpu-ventilator-i-hladnjak-09htyd-09hg8x-dijelovi-za-prijenosna-racunala\/","title":{"rendered":"Originalni Dell Latitude E5530 CPU ventilator i hladnjak 09htyd 09HG8X &#8211; dijelovi za prijenosna ra\u010dunala"},"content":{"rendered":"<p>Nadogradite svoje prijenosno ra\u010dunalo Dell Latitude E5530 s originalnim Dell Latitude E5530 CPU ventilatorom i hladnjakom (Broj dijela: 09HG8X i 09htyd) dostupnim u Siggmo. Ovaj visokokvalitetni zamjenski dio dizajniran je za odr\u017eavanje CPU-a va\u0161eg prijenosnog ra\u010dunala hladnim, osiguravaju\u0107i optimalne performanse.<\/p>\n<p><strong>Pojedinosti o proizvodu:<\/strong><\/p>\n<ul>\n<li><strong>Broj dijela:<\/strong> 09HG8X &amp; 09htyd<\/li>\n<li><strong>Kompatibilnost:<\/strong> prijenosna ra\u010dunala serije Dell Latitude E5530<\/li>\n<li><strong>Stanje:<\/strong> Originalno, potpuno novo<\/li>\n<li><strong>Jamstvo kvalitete:<\/strong> Na\u0161i proizvodi dolaze izravno od renomiranih proizvo\u0111a\u010da, jam\u010de\u0107i autenti\u010dnost i u\u010dinkovitost.<\/li>\n<\/ul>\n<p><strong>Klju\u010dne zna\u010dajke:<\/strong><\/p>\n<ul>\n<li><strong>U\u010dinkovito hla\u0111enje:<\/strong> Sprije\u010dite pregrijavanje i odr\u017eite u\u010dinkovitost prijenosnog ra\u010dunala s ovim ventilatorom i hladnjakom CPU-a.<\/li>\n<li><strong>Izdr\u017eljiva izrada:<\/strong> Izra\u0111eno od kvalitetnih materijala za dugotrajnu izvedbu.<\/li>\n<li><strong>Jednostavna instalacija:<\/strong> Lako zamijenite svoj stari ventilator i hladnjak. Iako ne pru\u017eamo upute za instalaciju, slobodno nam se obratite ako imate pitanja.<\/li>\n<\/ul>\n<p><strong>Za\u0161to odabrati Siggmo:<\/strong> U Siggmu smo specijalizirani za pru\u017eanje vrhunskih dijelova za prijenosna ra\u010dunala kupcima u Europi i \u0161irom svijeta. Na\u0161i proizvodi pa\u017eljivo su odabrani kako bi zadovoljili najvi\u0161e standarde kvalitete. Budite uvjereni, fotografije u popisu su originalne i prikazuju to\u010dno one dijelove koje \u0107ete dobiti.<\/p>\n<p>Nadogradite svoje prijenosno ra\u010dunalo Dell Latitude E5530 danas s originalnim Dell Latitude E5530 CPU ventilatorom i hladnjakom iz Siggma. Do\u017eivite pobolj\u0161ane performanse i pouzdanost s na\u0161im pouzdanim dijelovima za prijenosna ra\u010dunala.<\/p>\n","protected":false},"excerpt":{"rendered":"<p>Osigurajte optimalnu izvedbu s ovim originalnim Dell Latitude E5530 CPU ventilatorom i hladnjakom (Broj dijela: 09HG8X, 09htyd). Neka va\u0161e prijenosno ra\u010dunalo bude hladno i u\u010dinkovito uz na\u0161e kvalitetne zamjenske dijelove. Kompatibilan s prijenosnim ra\u010dunalima serije Dell Latitude E5530. Vjerujte Siggmo.com za pouzdane dijelove za prijenosna ra\u010dunala.<\/p>\n","protected":false},"featured_media":22374,"template":"","meta":[],"product_brand":[],"product_cat":[68],"product_tag":[52],"class_list":{"0":"post-22310","1":"product","2":"type-product","3":"status-publish","4":"has-post-thumbnail","6":"product_cat-cpu-fans-heatsinks","7":"product_tag-dell","9":"first","10":"instock","11":"taxable","12":"shipping-taxable","13":"purchasable","14":"product-type-simple"},"_links":{"self":[{"href":"https:\/\/boreait.com\/hr\/wp-json\/wp\/v2\/product\/22310","targetHints":{"allow":["GET"]}}],"collection":[{"href":"https:\/\/boreait.com\/hr\/wp-json\/wp\/v2\/product"}],"about":[{"href":"https:\/\/boreait.com\/hr\/wp-json\/wp\/v2\/types\/product"}],"wp:featuredmedia":[{"embeddable":true,"href":"https:\/\/boreait.com\/hr\/wp-json\/wp\/v2\/media\/22374"}],"wp:attachment":[{"href":"https:\/\/boreait.com\/hr\/wp-json\/wp\/v2\/media?parent=22310"}],"wp:term":[{"taxonomy":"product_brand","embeddable":true,"href":"https:\/\/boreait.com\/hr\/wp-json\/wp\/v2\/product_brand?post=22310"},{"taxonomy":"product_cat","embeddable":true,"href":"https:\/\/boreait.com\/hr\/wp-json\/wp\/v2\/product_cat?post=22310"},{"taxonomy":"product_tag","embeddable":true,"href":"https:\/\/boreait.com\/hr\/wp-json\/wp\/v2\/product_tag?post=22310"}],"curies":[{"name":"wp","href":"https:\/\/api.w.org\/{rel}","templated":true}]}}