{"id":22294,"date":"2025-07-25T11:52:14","date_gmt":"2025-07-25T11:52:14","guid":{"rendered":"https:\/\/boreait.com\/hr\/?post_type=product&#038;p=22294"},"modified":"2025-07-25T11:53:33","modified_gmt":"2025-07-25T11:53:33","slug":"originalna-tipkovnica-dell-latitude-e5520-e5530-e6520-m6600-05t7vt-zamjenski-dijelovi-prijenosnog-racunala-brza-dostava","status":"publish","type":"product","link":"https:\/\/boreait.com\/hr\/product\/originalna-tipkovnica-dell-latitude-e5520-e5530-e6520-m6600-05t7vt-zamjenski-dijelovi-prijenosnog-racunala-brza-dostava\/","title":{"rendered":"Originalna tipkovnica Dell LATITUDE E5520 E5530 E6520 M6600 05t7vt | Zamjenski dijelovi prijenosnog ra\u010dunala | Brza dostava"},"content":{"rendered":"<p>Nadogradite svoje prijenosno ra\u010dunalo Dell LATITUDE E5530 s na\u0161om originalnom tipkovnicom Dell LATITUDE E5530, osiguravaju\u0107i optimalne performanse i udobnost za va\u0161e potrebe tipkanja. Ovaj visokokvalitetni zamjenski dio to\u010dno odgovara originalnoj tipkovnici koju ste dobili s va\u0161im prijenosnim ra\u010dunalom.<\/p>\n<p><strong>Klju\u010dne zna\u010dajke:<\/strong><\/p>\n<ul>\n<li>Originalna Dell LATITUDE E5520 E5530 E6520 M6600 tipkovnica<\/li>\n<li>Izravna zamjena za o\u0161te\u0107ene ili nefunkcionalne tipkovnice<\/li>\n<li>Jednostavan za instalaciju \u2013 nije potrebna stru\u010dna pomo\u0107<\/li>\n<li>Pobolj\u0161ajte svoje iskustvo tipkanja s pouzdanom tipkovnicom<\/li>\n<li>Dostupna je brza i sigurna dostava diljem svijeta<\/li>\n<li>Dell brojevi dijelova: PN: MP-1016s06698w PK130lh2e19 05t7vt<\/li>\n<li>Izgled: Nordijski<\/li>\n<\/ul>\n<p><strong>Kompatibilnost:<\/strong> Ova je tipkovnica posebno dizajnirana za model Dell LATITUDE E5530, osiguravaju\u0107i besprijekornu integraciju i kompatibilnost. Zadovoljava Dell-ove stroge standarde kvalitete, jam\u010de\u0107i nesmetan i u\u010dinkovit proces zamjene.<\/p>\n<p><strong>Jamstvo kvalitete:<\/strong> Budite uvjereni da dobivate originalni Dell proizvod, budu\u0107i da na\u0161e tipkovnice nabavljamo izravno od Della. Na\u0161a predanost kvaliteti osigurava da \u0107ete dobiti pouzdanu i izdr\u017eljivu zamjenu za svoje prijenosno ra\u010dunalo.<\/p>\n<p><strong>Upute za instalaciju:<\/strong> Iako ne dajemo posebne upute za instalaciju, zamjena tipkovnice prijenosnog ra\u010dunala op\u0107enito je jednostavan postupak. Ako nai\u0111ete na probleme ili imate pitanja, slobodno nam po\u0161aljite poruku za pomo\u0107. Ovdje smo da vam pomognemo da najbolje iskoristite svoju kupnju.<\/p>\n<p><strong>Fotografije stvarnih proizvoda:<\/strong> Slike u ovom popisu prikazuju stvarnu tipkovnicu Dell LATITUDE E5530 koju \u0107ete dobiti. Vjerujemo u transparentnost, a ove fotografije stvarnih proizvoda prikazuju kvalitetu i stanje tipkovnice koje mo\u017eete o\u010dekivati.<\/p>\n<p>Nadogradite svoje prijenosno ra\u010dunalo danas s originalnom tipkovnicom Dell LATITUDE E5530 \u2013 do\u017eivite razliku u performansama i udobnosti tipkanja. Naru\u010dite sada i u\u017eivajte u brzoj i sigurnoj dostavi na svoju lokaciju diljem svijeta. Ako imate bilo kakvih pitanja ili trebate dodatnu pomo\u0107, ne ustru\u010davajte se poslati nam poruku.<\/p>\n","protected":false},"excerpt":{"rendered":"<p>Zamijenite svoju o\u0161te\u0107enu ili istro\u0161enu tipkovnicu ovom originalnom tipkovnicom Dell LATITUDE E5530. Dobavljena izravno iz Della, ova tipkovnica savr\u0161eno odgovara va\u0161em prijenosnom ra\u010dunalu. Dostupna brza i sigurna dostava.<\/p>\n","protected":false},"featured_media":22367,"template":"","meta":[],"product_brand":[],"product_cat":[70],"product_tag":[52],"class_list":{"0":"post-22294","1":"product","2":"type-product","3":"status-publish","4":"has-post-thumbnail","6":"product_cat-laptop-keyboard","7":"product_tag-dell","9":"first","10":"instock","11":"taxable","12":"shipping-taxable","13":"purchasable","14":"product-type-simple"},"_links":{"self":[{"href":"https:\/\/boreait.com\/hr\/wp-json\/wp\/v2\/product\/22294","targetHints":{"allow":["GET"]}}],"collection":[{"href":"https:\/\/boreait.com\/hr\/wp-json\/wp\/v2\/product"}],"about":[{"href":"https:\/\/boreait.com\/hr\/wp-json\/wp\/v2\/types\/product"}],"wp:featuredmedia":[{"embeddable":true,"href":"https:\/\/boreait.com\/hr\/wp-json\/wp\/v2\/media\/22367"}],"wp:attachment":[{"href":"https:\/\/boreait.com\/hr\/wp-json\/wp\/v2\/media?parent=22294"}],"wp:term":[{"taxonomy":"product_brand","embeddable":true,"href":"https:\/\/boreait.com\/hr\/wp-json\/wp\/v2\/product_brand?post=22294"},{"taxonomy":"product_cat","embeddable":true,"href":"https:\/\/boreait.com\/hr\/wp-json\/wp\/v2\/product_cat?post=22294"},{"taxonomy":"product_tag","embeddable":true,"href":"https:\/\/boreait.com\/hr\/wp-json\/wp\/v2\/product_tag?post=22294"}],"curies":[{"name":"wp","href":"https:\/\/api.w.org\/{rel}","templated":true}]}}