{"id":22274,"date":"2025-07-25T11:51:53","date_gmt":"2025-07-25T11:51:53","guid":{"rendered":"https:\/\/boreait.com\/hr\/?post_type=product&#038;p=22274"},"modified":"2025-07-25T11:53:16","modified_gmt":"2025-07-25T11:53:16","slug":"originalna-hp-kamera-za-chromebook-x360-11-g3-ee-zamjena-za-originalne-dijelove-prijenosnog-racunala","status":"publish","type":"product","link":"https:\/\/boreait.com\/hr\/product\/originalna-hp-kamera-za-chromebook-x360-11-g3-ee-zamjena-za-originalne-dijelove-prijenosnog-racunala\/","title":{"rendered":"Originalna HP kamera za Chromebook X360 11 G3 EE &#8211; zamjena za originalne dijelove prijenosnog ra\u010dunala"},"content":{"rendered":"<p>Nadogradite svoj HP Chromebook X360 11 G3 EE s originalnom zamjenom kamere iz Siggma. Ovaj originalni dio osigurava optimalnu izvedbu i kompatibilnost s va\u0161im ure\u0111ajem.<\/p>\n<p><strong>Klju\u010dne zna\u010dajke:<\/strong><\/p>\n<ul>\n<li><strong>Originalni HP dio:<\/strong> Autenti\u010dnost je va\u017ena. Ova zamjena za kameru originalni je HP proizvod koji vam jam\u010di kvalitetu i kompatibilnost.<\/li>\n<li><strong>Kompatibilnost:<\/strong> Posebno dizajnirano za HP Chromebook X360 11 G3 EE, jam\u010di besprijekorno pristajanje i funkciju.<\/li>\n<li><strong>Jednostavna instalacija:<\/strong> Iako ne dajemo upute za instalaciju, na\u0161i su originalni dijelovi jednostavni za kori\u0161tenje. Ako trebate pomo\u0107, slobodno nam po\u0161aljite poruku.<\/li>\n<li><strong>Prave fotografije proizvoda:<\/strong> Ono \u0161to vidite to i dobivate. Na\u0161i popisi sadr\u017ee stvarne fotografije proizvoda koje \u0107ete dobiti, pru\u017eaju\u0107i transparentnost i povjerenje u va\u0161u kupnju.<\/li>\n<li><strong>Dostava diljem svijeta:<\/strong> Bez obzira gdje se nalazite, nudimo pouzdanu dostavu diljem svijeta kako bismo osigurali da \u0107ete dobiti dijelove koji su vam potrebni.<\/li>\n<\/ul>\n<p>Vratite punu funkcionalnost svog prijenosnog ra\u010dunala zamjenom kamere ovim originalnim dijelom. Imajte na umu da ne dajemo posebne upute za zamjenu dijelova, ali na\u0161 tim je tu da vam pomogne sa svim upitima koje imate. Kupujte s povjerenjem od Siggma, va\u0161eg pouzdanog izvora originalnih dijelova za prijenosna ra\u010dunala.<\/p>\n","protected":false},"excerpt":{"rendered":"<p>Pobolj\u0161ajte svoj HP Chromebook X360 11 G3 EE ovom originalnom zamjenom za kameru. Vratite funkcionalnost svog prijenosnog ra\u010dunala s originalnim Siggmo dijelom. Kupujte s povjerenjem; prave fotografije proizvoda osiguravaju da dobijete ono \u0161to vidite. Dostupna dostava diljem svijeta.<\/p>\n","protected":false},"featured_media":22344,"template":"","meta":[],"product_brand":[],"product_cat":[58],"product_tag":[60],"class_list":{"0":"post-22274","1":"product","2":"type-product","3":"status-publish","4":"has-post-thumbnail","6":"product_cat-laptop-camera","7":"product_tag-hp","9":"first","10":"instock","11":"taxable","12":"shipping-taxable","13":"purchasable","14":"product-type-simple"},"_links":{"self":[{"href":"https:\/\/boreait.com\/hr\/wp-json\/wp\/v2\/product\/22274","targetHints":{"allow":["GET"]}}],"collection":[{"href":"https:\/\/boreait.com\/hr\/wp-json\/wp\/v2\/product"}],"about":[{"href":"https:\/\/boreait.com\/hr\/wp-json\/wp\/v2\/types\/product"}],"wp:featuredmedia":[{"embeddable":true,"href":"https:\/\/boreait.com\/hr\/wp-json\/wp\/v2\/media\/22344"}],"wp:attachment":[{"href":"https:\/\/boreait.com\/hr\/wp-json\/wp\/v2\/media?parent=22274"}],"wp:term":[{"taxonomy":"product_brand","embeddable":true,"href":"https:\/\/boreait.com\/hr\/wp-json\/wp\/v2\/product_brand?post=22274"},{"taxonomy":"product_cat","embeddable":true,"href":"https:\/\/boreait.com\/hr\/wp-json\/wp\/v2\/product_cat?post=22274"},{"taxonomy":"product_tag","embeddable":true,"href":"https:\/\/boreait.com\/hr\/wp-json\/wp\/v2\/product_tag?post=22274"}],"curies":[{"name":"wp","href":"https:\/\/api.w.org\/{rel}","templated":true}]}}