{"id":22270,"date":"2025-07-25T11:51:52","date_gmt":"2025-07-25T11:51:52","guid":{"rendered":"https:\/\/boreait.com\/hr\/?post_type=product&#038;p=22270"},"modified":"2025-07-25T11:53:09","modified_gmt":"2025-07-25T11:53:09","slug":"originalni-donji-poklopac-chromebook-x360-11-g3-ee-originalni-oem-dijelovi-za-prijenosno-racunalo","status":"publish","type":"product","link":"https:\/\/boreait.com\/hr\/product\/originalni-donji-poklopac-chromebook-x360-11-g3-ee-originalni-oem-dijelovi-za-prijenosno-racunalo\/","title":{"rendered":"Originalni donji poklopac CHROMEBOOK X360 11 G3 EE &#8211; originalni OEM dijelovi za prijenosno ra\u010dunalo"},"content":{"rendered":"<div>Neke ogrebotine kao \u0161to je prikazano na fotografijama u popisu.<\/div>\n<p>Nadogradite svoj CHROMEBOOK X360 11 G3 EE originalnim donjim poklopcem &#8211; originalnim OEM dijelom prijenosnog ra\u010dunala dizajniranim za besprijekorno pristajanje. Izra\u0111en s precizno\u0161\u0107u, ovaj donji poklopac ne samo da pobolj\u0161ava estetiku va\u0161eg prijenosnog ra\u010dunala, ve\u0107 tako\u0111er pru\u017ea bitnu za\u0161titu unutarnjih komponenti.<\/p>\n<p><strong>Klju\u010dne zna\u010dajke:<\/strong><\/p>\n<ul>\n<li><strong>Kompatibilnost:<\/strong> Dizajnirano posebno za CHROMEBOOK X360 11 G3 EE.<\/li>\n<li><strong>Materijal:<\/strong> Izra\u0111en od izdr\u017eljivih materijala za dugotrajnu izvedbu.<\/li>\n<li><strong>Savr\u0161eno pristajanje:<\/strong> Osigurava precizno pristajanje, ba\u0161 kao i originalni donji poklopac.<\/li>\n<li><strong>Jednostavna nadogradnja:<\/strong> Bez napora zamijenite postoje\u0107i poklopac ovim originalnim dijelom.<\/li>\n<\/ul>\n<p><strong>Dostava:<\/strong> Nudimo dostavu \u0161irom svijeta kako bismo na\u0161e kvalitetne dijelove prijenosnog ra\u010dunala donijeli na ku\u0107ni prag. Budite uvjereni da su slike proizvoda koje vidite stvarne fotografije dijelova koje \u0107ete dobiti.<\/p>\n<p><strong>Napomena:<\/strong><\/p>\n<ul>\n<li>Ovaj popis uklju\u010duje samo donji poklopac. Nema uputa za zamjenu, ali slobodno se obratite ako trebate pomo\u0107.<\/li>\n<li>Prava OEM kvaliteta jam\u010di kompatibilnost i performanse.<\/li>\n<\/ul>\n<p>Nadogradite svoj CHROMEBOOK X360 11 G3 EE s povjerenjem. Naru\u010dite sada i osjetite razliku s na\u0161im vrhunskim dijelovima za prijenosna ra\u010dunala. Ako imate bilo kakvih pitanja ili trebate dodatnu pomo\u0107, ne ustru\u010davajte se kontaktirati nas.<\/p>\n","protected":false},"excerpt":{"rendered":"<p>Pobolj\u0161ajte izdr\u017eljivost i estetiku svog CHROMEBOOK X360 11 G3 EE s na\u0161im originalnim donjim poklopcem. Izra\u0111en s precizno\u0161\u0107u, ovaj OEM dio prijenosnog ra\u010dunala osigurava savr\u0161eno pristajanje. Nadogradite svoje prijenosno ra\u010dunalo bez napora visokokvalitetnim komponentama. Dostupna dostava diljem svijeta.<\/p>\n","protected":false},"featured_media":22338,"template":"","meta":[],"product_brand":[],"product_cat":[51],"product_tag":[],"class_list":{"0":"post-22270","1":"product","2":"type-product","3":"status-publish","4":"has-post-thumbnail","6":"product_cat-laptop-housing","8":"first","9":"instock","10":"taxable","11":"shipping-taxable","12":"purchasable","13":"product-type-simple"},"_links":{"self":[{"href":"https:\/\/boreait.com\/hr\/wp-json\/wp\/v2\/product\/22270","targetHints":{"allow":["GET"]}}],"collection":[{"href":"https:\/\/boreait.com\/hr\/wp-json\/wp\/v2\/product"}],"about":[{"href":"https:\/\/boreait.com\/hr\/wp-json\/wp\/v2\/types\/product"}],"wp:featuredmedia":[{"embeddable":true,"href":"https:\/\/boreait.com\/hr\/wp-json\/wp\/v2\/media\/22338"}],"wp:attachment":[{"href":"https:\/\/boreait.com\/hr\/wp-json\/wp\/v2\/media?parent=22270"}],"wp:term":[{"taxonomy":"product_brand","embeddable":true,"href":"https:\/\/boreait.com\/hr\/wp-json\/wp\/v2\/product_brand?post=22270"},{"taxonomy":"product_cat","embeddable":true,"href":"https:\/\/boreait.com\/hr\/wp-json\/wp\/v2\/product_cat?post=22270"},{"taxonomy":"product_tag","embeddable":true,"href":"https:\/\/boreait.com\/hr\/wp-json\/wp\/v2\/product_tag?post=22270"}],"curies":[{"name":"wp","href":"https:\/\/api.w.org\/{rel}","templated":true}]}}