{"id":22251,"date":"2025-07-25T11:51:31","date_gmt":"2025-07-25T11:51:31","guid":{"rendered":"https:\/\/boreait.com\/hr\/?post_type=product&#038;p=22251"},"modified":"2025-07-25T11:53:04","modified_gmt":"2025-07-25T11:53:04","slug":"dell-latitude-e5500-e3540-e3541-lcd-okvir-0pyh4j-pyh4j-originalni-dijelovi-prijenosnog-racunala","status":"publish","type":"product","link":"https:\/\/boreait.com\/hr\/product\/dell-latitude-e5500-e3540-e3541-lcd-okvir-0pyh4j-pyh4j-originalni-dijelovi-prijenosnog-racunala\/","title":{"rendered":"Dell Latitude E5500 E3540 E3541 LCD okvir 0PYH4J PYH4J Originalni dijelovi prijenosnog ra\u010dunala"},"content":{"rendered":"<p>Pove\u0107ajte vizualnu privla\u010dnost svog Dell Latitude E5500, E3540 ili E3541 s originalnim LCD okvirom, broj dijela 0PYH4J (PYH4J). Precizno izra\u0111en, ovaj okvir savr\u0161eno pristaje i savr\u0161eno se stapa s dizajnom va\u0161eg prijenosnog ra\u010dunala.<\/p>\n<p><strong>Klju\u010dne zna\u010dajke:<\/strong><\/p>\n<ul>\n<li><strong>Kompatibilnost:<\/strong> Dizajnirano posebno za modele Dell Latitude E5500, E3540, E3541.<\/li>\n<li><strong>Broj dijela:<\/strong> Originalni Dell dio s brojem dijela 0PYH4J (PYH4J).<\/li>\n<li><strong>Estetska nadogradnja:<\/strong> Zamijenite svoj istro\u0161eni ili o\u0161te\u0107eni okvir za svje\u017e, ugla\u0111en izgled.<\/li>\n<\/ul>\n<p><strong>Napomena:<\/strong> Ne dajemo upute za instalaciju, ali slobodno nam po\u0161aljite poruku ako vam je potrebna pomo\u0107. Prave fotografije proizvoda prikazuju to\u010dno ono \u0161to \u0107ete dobiti. Va\u0161e zadovoljstvo na\u0161 je prioritet.<\/p>\n<p>Nadogradite svoje prijenosno ra\u010dunalo s povjerenjem, znaju\u0107i da dobivate kvalitetne dijelove za prijenosno ra\u010dunalo. Naru\u010dite svoj Dell Latitude E5500 E3540 E3541 LCD okvir ve\u0107 danas!<\/p>\n","protected":false},"excerpt":{"rendered":"<p>Pobolj\u0161ajte izgled svog Dell Latitude E5500, E3540 ili E3541 ovim originalnim LCD okvirom. Broj dijela 0PYH4J (PYH4J). Kvalitetni dijelovi prijenosnog ra\u010dunala za besprijekornu zamjenu. Nadogradite estetiku svog prijenosnog ra\u010dunala bez napora.<\/p>\n","protected":false},"featured_media":22334,"template":"","meta":[],"product_brand":[],"product_cat":[51],"product_tag":[52],"class_list":{"0":"post-22251","1":"product","2":"type-product","3":"status-publish","4":"has-post-thumbnail","6":"product_cat-laptop-housing","7":"product_tag-dell","9":"first","10":"instock","11":"taxable","12":"shipping-taxable","13":"purchasable","14":"product-type-simple"},"_links":{"self":[{"href":"https:\/\/boreait.com\/hr\/wp-json\/wp\/v2\/product\/22251","targetHints":{"allow":["GET"]}}],"collection":[{"href":"https:\/\/boreait.com\/hr\/wp-json\/wp\/v2\/product"}],"about":[{"href":"https:\/\/boreait.com\/hr\/wp-json\/wp\/v2\/types\/product"}],"wp:featuredmedia":[{"embeddable":true,"href":"https:\/\/boreait.com\/hr\/wp-json\/wp\/v2\/media\/22334"}],"wp:attachment":[{"href":"https:\/\/boreait.com\/hr\/wp-json\/wp\/v2\/media?parent=22251"}],"wp:term":[{"taxonomy":"product_brand","embeddable":true,"href":"https:\/\/boreait.com\/hr\/wp-json\/wp\/v2\/product_brand?post=22251"},{"taxonomy":"product_cat","embeddable":true,"href":"https:\/\/boreait.com\/hr\/wp-json\/wp\/v2\/product_cat?post=22251"},{"taxonomy":"product_tag","embeddable":true,"href":"https:\/\/boreait.com\/hr\/wp-json\/wp\/v2\/product_tag?post=22251"}],"curies":[{"name":"wp","href":"https:\/\/api.w.org\/{rel}","templated":true}]}}