{"id":22246,"date":"2025-07-25T11:51:30","date_gmt":"2025-07-25T11:51:30","guid":{"rendered":"https:\/\/boreait.com\/hr\/?post_type=product&#038;p=22246"},"modified":"2025-07-25T11:52:53","modified_gmt":"2025-07-25T11:52:53","slug":"individualna-tipka-za-tipkovnicu-prijenosnog-racunala-za-hp-17-by1053dx-originalni-americki-izgled-crna-dio-l22751-001","status":"publish","type":"product","link":"https:\/\/boreait.com\/hr\/product\/individualna-tipka-za-tipkovnicu-prijenosnog-racunala-za-hp-17-by1053dx-originalni-americki-izgled-crna-dio-l22751-001\/","title":{"rendered":"Individualna tipka za tipkovnicu prijenosnog ra\u010dunala za HP 17-by1053dx &#8211; originalni ameri\u010dki izgled, crna &#8211; dio L22751-001"},"content":{"rendered":"<p><strong>DOSTUPNE KLJU\u010cEVE MO\u017dETE VIDJETI NA FOTOGRAFIJI U POPISU!<\/strong><\/p>\n<p>Po\u0161aljite nam poruku nakon \u0161to napravite narud\u017ebu i recite nam koji klju\u010d\/klju\u010deve trebate.<\/p>\n<p>Pobolj\u0161ajte svoje iskustvo prijenosnog ra\u010dunala HP 17-by1053dx s na\u0161om originalnom ameri\u010dkom tipkom crne tipkovnice s katalo\u0161kim brojem L22751-001. Skrojen za zamjenu klju\u010deva koji nedostaju ili su o\u0161te\u0107eni, ovaj popis pru\u017ea stvarne fotografije, nude\u0107i to\u010dan prikaz dijela koji \u0107ete dobiti.<\/p>\n<p>Za pametnog traga\u010da za &#8220;dijelovima za prijenosna ra\u010dunala&#8221;, na\u0161a originalna HP tipka tipkovnice je savr\u0161eno rje\u0161enje. Paket se sastoji od pojedina\u010dne tipke i bitnih kop\u010di tipkovnice (\u0161arki) za potpuno iskustvo zamjene.<\/p>\n<p>Imajte na umu da uz tipku tipkovnice nisu uklju\u010dene upute. Me\u0111utim, ako vam je potrebna pomo\u0107 tijekom postupka zamjene, slobodno se obratite putem poruke. Na\u0161 predani tim za podr\u0161ku je tu da vam pomogne.<\/p>\n<p>Prilikom postavljanja novog klju\u010da, pa\u017eljivo rukujte njime i izbjegavajte ga na silu jer su \u0161arke osjetljive. Osigurajte kompatibilnost provjerom prilo\u017eenih brojeva dijelova (L22751-001) i uskla\u0111ivanjem priklju\u010daka s va\u0161om postoje\u0107om tipkovnicom.<\/p>\n<p>Sve dostupne tipke tipkovnice prikazane su na fotografijama popisa, \u0161to vam omogu\u0107uje da s pouzdanjem odaberete tipke koje trebate. Pobolj\u0161ajte svoje HP prijenosno ra\u010dunalo s na\u0161im visokokvalitetnim pojedina\u010dnim tipkama na tipkovnici \u2013 naru\u010dite svoje danas!<\/p>\n","protected":false},"excerpt":{"rendered":"<p>Unaprijedite svoje prijenosno ra\u010dunalo HP 17-by1053dx pomo\u0107u na\u0161e pojedina\u010dne crne tipke tipkovnice s originalnim ameri\u010dkim izgledom. Prave fotografije u popisu nude detaljan prikaz, uklju\u010duju\u0107i isje\u010dke tipkovnice (\u0161arke). Paket uklju\u010duje klju\u010d za besprijekornu zamjenu. Napomena: Upute nisu dane, ali pomo\u0107 je udaljena samo jednom porukom. Osjetljive \u0161arke \u2013 pa\u017eljivo rukujte!<\/p>\n","protected":false},"featured_media":22319,"template":"","meta":[],"product_brand":[],"product_cat":[59],"product_tag":[60],"class_list":{"0":"post-22246","1":"product","2":"type-product","3":"status-publish","4":"has-post-thumbnail","6":"product_cat-individual-keyboard-keys","7":"product_tag-hp","9":"first","10":"instock","11":"taxable","12":"shipping-taxable","13":"purchasable","14":"product-type-simple"},"_links":{"self":[{"href":"https:\/\/boreait.com\/hr\/wp-json\/wp\/v2\/product\/22246","targetHints":{"allow":["GET"]}}],"collection":[{"href":"https:\/\/boreait.com\/hr\/wp-json\/wp\/v2\/product"}],"about":[{"href":"https:\/\/boreait.com\/hr\/wp-json\/wp\/v2\/types\/product"}],"wp:featuredmedia":[{"embeddable":true,"href":"https:\/\/boreait.com\/hr\/wp-json\/wp\/v2\/media\/22319"}],"wp:attachment":[{"href":"https:\/\/boreait.com\/hr\/wp-json\/wp\/v2\/media?parent=22246"}],"wp:term":[{"taxonomy":"product_brand","embeddable":true,"href":"https:\/\/boreait.com\/hr\/wp-json\/wp\/v2\/product_brand?post=22246"},{"taxonomy":"product_cat","embeddable":true,"href":"https:\/\/boreait.com\/hr\/wp-json\/wp\/v2\/product_cat?post=22246"},{"taxonomy":"product_tag","embeddable":true,"href":"https:\/\/boreait.com\/hr\/wp-json\/wp\/v2\/product_tag?post=22246"}],"curies":[{"name":"wp","href":"https:\/\/api.w.org\/{rel}","templated":true}]}}