{"id":22231,"date":"2025-07-25T11:51:09","date_gmt":"2025-07-25T11:51:09","guid":{"rendered":"https:\/\/boreait.com\/hr\/?post_type=product&#038;p=22231"},"modified":"2025-07-25T11:52:40","modified_gmt":"2025-07-25T11:52:40","slug":"pojedinacna-tipka-za-tipkovnicu-prijenosnog-racunala-za-asus-f552-seriju-uk-raspored-bez-pozadinskog-osvjetljenja-dio-oknbo-612bwb00","status":"publish","type":"product","link":"https:\/\/boreait.com\/hr\/product\/pojedinacna-tipka-za-tipkovnicu-prijenosnog-racunala-za-asus-f552-seriju-uk-raspored-bez-pozadinskog-osvjetljenja-dio-oknbo-612bwb00\/","title":{"rendered":"Pojedina\u010dna tipka za tipkovnicu prijenosnog ra\u010dunala za Asus F552 seriju &#8211; UK raspored, bez pozadinskog osvjetljenja &#8211; dio OKNBO-612BWB00"},"content":{"rendered":"<div class=\"flex-1 overflow-hidden\">\n<div class=\"react-scroll-to-bottom--css-ecnvr-79elbk h-full\">\n<div class=\"react-scroll-to-bottom--css-ecnvr-1n7m0yu\">\n<div class=\"flex flex-col pb-9 text-sm\">\n<div class=\"w-full text-token-text-primary\" data-testid=\"conversation-turn-5\">\n<div class=\"px-4 py-2 justify-center text-base md:gap-6 m-auto\">\n<div class=\"flex flex-1 text-base mx-auto gap-3 md:px-5 lg:px-1 xl:px-5 md:max-w-3xl lg:max-w-[40rem] xl:max-w-[48rem] final-completion grupe\">\n<div class=\"relative flex w-full flex-col lg:w-[calc(100%-115px)] agent-turn\">\n<div class=\"flex-col gap-1 md:gap-3\">\n<div class=\"flex flex-grow flex-col max-w-full\">\n<div class=\"min-h-[20px] text-message flex flex-col items-start gap-3 whitespace-pre-wrap break-words [.text-message+&amp;]:mt-5 overflow-x-auto\" data-message-author-role=\"asistent\" data-message-id=\"5d27c772-5e7e-4da0-a38f-e66a3e17acf7\">\n<div class=\"markdown prose w-full break-words dark:prose-invert light\">\n<p><strong>DOSTUPNE KLJU\u010cEVE MO\u017dETE VIDJETI NA FOTOGRAFIJI U OPISU!<\/strong><\/p>\n<p>Po\u0161aljite nam poruku nakon \u0161to napravite narud\u017ebu i recite nam koji klju\u010d\/klju\u010deve trebate.<\/p>\n<p>Revitalizirajte svoje prijenosno ra\u010dunalo iz serije Asus F552 pomo\u0107u na\u0161e tipke tipkovnice s individualnim rasporedom tipki za UK. Dizajnirana za kompatibilnost s modelima F552L, F552LAV, F552LD, F552M, F552MD, F552MJ, F552V, F552VL i F552W, na\u0161a tipkovnica je idealno rje\u0161enje za zamjenu o\u0161te\u0107enih tipki ili tipki koje nedostaju.<\/p>\n<p>Ovaj popis sadr\u017ei prave fotografije to\u010dnih dijelova koje \u0107ete dobiti \u2013 osiguravaju\u0107i transparentan i to\u010dan prikaz na\u0161eg proizvoda. Kao prodava\u010d koji je predan pru\u017eanju kvalitetnih dijelova za prijenosna ra\u010dunala, \u017eelimo da donesete informiranu odluku.<\/p>\n<p>Imajte na umu da uz tipku tipkovnice nisu uklju\u010dene upute. Me\u0111utim, ako trebate pomo\u0107 tijekom postupka zamjene, slobodno se obratite putem poruke. Na\u0161 predani tim za podr\u0161ku je tu da vam pomogne.<\/p>\n<p>Paket uklju\u010duje pojedina\u010dnu tipku tipkovnice i osnovne kop\u010de tipkovnice (\u0161arke) za besprijekorno iskustvo zamjene. Sve dostupne tipke tipkovnice vidljive su na fotografijama popisa, \u0161to vam omogu\u0107uje da s pouzdanjem odaberete tipke koje trebate.<\/p>\n<p>Kao prodavatelj koji vodi ra\u010duna o SEO-u, razumijemo va\u017enost kori\u0161tenja klju\u010dnih rije\u010di kao \u0161to su &#8220;dijelovi prijenosnog ra\u010dunala&#8221;. Na\u0161e originalne tipke tipkovnice Asus nude ne samo zamjenu, ve\u0107 i rje\u0161enje za odr\u017eavanje funkcionalnosti i estetike va\u0161eg prijenosnog ra\u010dunala.<\/p>\n<p>Prilikom postavljanja novog klju\u010da, pa\u017eljivo rukujte njime i izbjegavajte ga na silu jer su \u0161arke osjetljive. Kako biste osigurali savr\u0161eno podudaranje, provjerite navedeni broj dijela (OKNBO-612BWB00) i usporedite priklju\u010dke s postoje\u0107om tipkovnicom.<\/p>\n<p>Pregledajte fotografije popisa, obra\u0107aju\u0107i posebnu pozornost na mehanizam klju\u010da, kako biste jam\u010dili kompatibilnost s va\u0161im prijenosnim ra\u010dunalom Asus F552. Nadogradite svoje iskustvo prijenosnog ra\u010dunala s na\u0161im visokokvalitetnim pojedina\u010dnim tipkama tipkovnice \u2013 naru\u010dite svoje danas!<\/p>\n<\/div>\n<\/div>\n<\/div>\n<div class=\"mt-1 flex justify-start gap-3 empty:hidden\">\n<div class=\"text-gray-400 flex self-end lg:self-center justify-center lg:justify-start mt-0 gap-1 visible\">\n<p>&nbsp;<\/p>\n<div class=\"flex gap-1\"><\/div>\n<div class=\"flex items-center gap-1.5 text-xs\"><\/div>\n<\/div>\n<\/div>\n<\/div>\n<\/div>\n<\/div>\n<\/div>\n<\/div>\n<\/div>\n<\/div>\n<\/div>\n<\/div>\n<div class=\"w-full pt-2 md:pt-0 dark:border-white\/20 md:border-transparent md:dark:border-transparent md:w-[calc(100%-.5rem)]\">\n<div class=\"relative flex h-full flex-1 items-stretch md:flex-col\">\n<div class=\"flex w-full items-center\">\n<div class=\"overflow-hidden [&amp;:has(textarea:focus)]:border-token-border-xheavy [&amp;:has(textarea:focus)]:shadow-[0_2px_6px_rgba(0,0,0,.05)] flex flex-col w-full dark:border-token-border-heavy flex-grow relativna granica border-token-border-heavy tamno:text-white rounded-2xl bg-white tamno:bg-gray-800 shadow-[0_0_0_2px_rgba(255,255,255,0.95)] tamno:shadow-[0_0_0_2px_rgba(52,53,65,0.95)]\">\n<div data-grammarly-part=\"button\">\n<div>\n<div>\n<div class=\"amkYk\">\n<div>\n<div class=\"ptGJG\"><\/div>\n<\/div>\n<\/div>\n<\/div>\n<\/div>\n<\/div>\n<\/div>\n<\/div>\n<\/div>\n<\/div>\n","protected":false},"excerpt":{"rendered":"<p>Unaprijedite svoje prijenosno ra\u010dunalo Asus F552 s na\u0161om tipkom tipkovnice s individualnim UK rasporedom \u2013 savr\u0161ena zamjena za o\u0161te\u0107ene tipke ili tipke koje nedostaju. Prave fotografije u popisu osiguravaju transparentnost, a paket uklju\u010duje klju\u010d i bitne kop\u010de tipkovnice (\u0161arke). Napomena: Upute nisu dane, ali pomo\u0107 je udaljena samo jednom porukom. Rukujte pa\u017eljivo \u2013 osjetljive \u0161arke!<\/p>\n","protected":false},"featured_media":22312,"template":"","meta":[],"product_brand":[],"product_cat":[59],"product_tag":[65],"class_list":{"0":"post-22231","1":"product","2":"type-product","3":"status-publish","4":"has-post-thumbnail","6":"product_cat-individual-keyboard-keys","7":"product_tag-asus","9":"first","10":"instock","11":"taxable","12":"shipping-taxable","13":"purchasable","14":"product-type-simple"},"_links":{"self":[{"href":"https:\/\/boreait.com\/hr\/wp-json\/wp\/v2\/product\/22231","targetHints":{"allow":["GET"]}}],"collection":[{"href":"https:\/\/boreait.com\/hr\/wp-json\/wp\/v2\/product"}],"about":[{"href":"https:\/\/boreait.com\/hr\/wp-json\/wp\/v2\/types\/product"}],"wp:featuredmedia":[{"embeddable":true,"href":"https:\/\/boreait.com\/hr\/wp-json\/wp\/v2\/media\/22312"}],"wp:attachment":[{"href":"https:\/\/boreait.com\/hr\/wp-json\/wp\/v2\/media?parent=22231"}],"wp:term":[{"taxonomy":"product_brand","embeddable":true,"href":"https:\/\/boreait.com\/hr\/wp-json\/wp\/v2\/product_brand?post=22231"},{"taxonomy":"product_cat","embeddable":true,"href":"https:\/\/boreait.com\/hr\/wp-json\/wp\/v2\/product_cat?post=22231"},{"taxonomy":"product_tag","embeddable":true,"href":"https:\/\/boreait.com\/hr\/wp-json\/wp\/v2\/product_tag?post=22231"}],"curies":[{"name":"wp","href":"https:\/\/api.w.org\/{rel}","templated":true}]}}