{"id":22226,"date":"2025-07-25T11:51:08","date_gmt":"2025-07-25T11:51:08","guid":{"rendered":"https:\/\/boreait.com\/hr\/?post_type=product&#038;p=22226"},"modified":"2025-09-25T05:58:45","modified_gmt":"2025-09-25T05:58:45","slug":"tipkovnica-prijenosnog-racunala-za-hp-elitebook-840-g1-g2-850-g1-g2-zbook-14-g1-g2-15u-g2-6037boo85805-uk-raspored-individualni-kljuc","status":"publish","type":"product","link":"https:\/\/boreait.com\/hr\/product\/tipkovnica-prijenosnog-racunala-za-hp-elitebook-840-g1-g2-850-g1-g2-zbook-14-g1-g2-15u-g2-6037boo85805-uk-raspored-individualni-kljuc\/","title":{"rendered":"Tipkovnica prijenosnog ra\u010dunala za HP EliteBook 840 G1 G2, 850 G1 G2, ZBook 14 G1\/G2, 15u G2 | 6037BOO85805 | UK raspored | Individualni klju\u010d"},"content":{"rendered":"<div class=\"flex-1 overflow-hidden\">\n<div class=\"react-scroll-to-bottom--css-jgrcx-79elbk h-full\">\n<div class=\"react-scroll-to-bottom--css-jgrcx-1n7m0yu\">\n<div class=\"flex flex-col pb-9 text-sm\">\n<div class=\"w-full text-token-text-primary\" data-testid=\"conversation-turn-13\">\n<div class=\"px-4 py-2 justify-center text-base md:gap-6 m-auto\">\n<div class=\"flex flex-1 text-base mx-auto gap-3 md:px-5 lg:px-1 xl:px-5 md:max-w-3xl lg:max-w-[40rem] xl:max-w-[48rem] final-completion grupe\">\n<div class=\"relative flex w-full flex-col lg:w-[calc(100%-115px)] agent-turn\">\n<div class=\"flex-col gap-1 md:gap-3\">\n<div class=\"flex flex-grow flex-col max-w-full\">\n<div class=\"min-h-[20px] text-message flex flex-col items-start gap-3 whitespace-pre-wrap break-words [.text-message+&amp;]:mt-5 overflow-x-auto\" data-message-author-role=\"asistent\" data-message-id=\"9e0c8187-f4c8-4090-a084-845fe12600c8\">\n<div class=\"markdown prose w-full break-words dark:prose-invert light\">\n<p>Pretvorite svoje prijenosno ra\u010dunalo HP EliteBook ili ZBook s na\u0161im originalnim klju\u010dem za tipkovnicu prijenosnog ra\u010dunala dizajniranim za modele kao \u0161to su 840 G1 G2, 850 G1 G2, ZBook 14 G1\/G2, 15u G2. Ovaj pojedina\u010dni dio za prijenosno ra\u010dunalo (6037BOO85805) s rasporedom za UK idealno je rje\u0161enje za zamjenu klju\u010deva koji nedostaju ili su o\u0161te\u0107eni.<\/p>\n<p>Autenti\u010dnost je najva\u017enija, a na\u0161e prave fotografije proizvoda u popisu daju jasan pogled na klju\u010d i \u0161arke uklju\u010dene u paket. Sveobuhvatni set uklju\u010duje tipku tipkovnice i kop\u010de (\u0161arke), \u010dime se osigurava lak postupak zamjene.<\/p>\n<p>Va\u017ena napomena: Iako ne pru\u017eamo upute korak po korak, tu smo da vam pomognemo. Slobodno nam po\u0161aljite poruku za personaliziranu pomo\u0107. Kako biste o\u010duvali integritet svog prijenosnog ra\u010dunala, izbjegavajte silu stavljanja novog klju\u010da na mjesto jer su \u0161arke osjetljive. Sve dostupne tipke tipkovnice prikazane su na fotografiji popisa, \u0161to vam poma\u017ee u odabiru savr\u0161enog spoja za va\u0161 model HP EliteBook ili ZBook.<\/p>\n<p>Za osiguranje kompatibilnosti, unakrsne reference na brojeve dijelova, uklju\u010duju\u0107i 6037BOO85805, i provjerite raspored za UK. Svaka tipka je autenti\u010dna zamjena, izra\u0111ena s precizno\u0161\u0107u za ugodno iskustvo tipkanja.<\/p>\n<p>Kada postavljate novu tipku, budite oprezni i pogledajte fotografiju koja prikazuje mehanizam tipke kako biste osigurali kompatibilnost s va\u0161im modelom tipkovnice.<\/p>\n<p>Odaberite na\u0161 klju\u010d za tipkovnicu prijenosnog ra\u010dunala za HP EliteBook i ZBook za kvalitetu, autenti\u010dnost i glatki proces zamjene. Unaprijedite funkcionalnost svog prijenosnog ra\u010dunala ve\u0107 danas i budite uvjereni da smo tu da vam pru\u017eimo podr\u0161ku tijekom cijelog va\u0161eg puta kupnje.<\/p>\n<\/div>\n<\/div>\n<\/div>\n<div class=\"mt-1 flex justify-start gap-3 empty:hidden\">\n<div class=\"text-gray-400 flex self-end lg:self-center justify-center lg:justify-start mt-0 gap-1 visible\">\n<p>&nbsp;<\/p>\n<div class=\"flex gap-1\"><\/div>\n<div class=\"flex items-center gap-1.5 text-xs\"><\/div>\n<\/div>\n<\/div>\n<\/div>\n<\/div>\n<\/div>\n<\/div>\n<\/div>\n<\/div>\n<\/div>\n<\/div>\n<\/div>\n<div class=\"w-full pt-2 md:pt-0 dark:border-white\/20 md:border-transparent md:dark:border-transparent md:w-[calc(100%-.5rem)]\">\n<div class=\"relative flex h-full flex-1 items-stretch md:flex-col\">\n<div class=\"flex w-full items-center\">\n<div class=\"overflow-hidden [&amp;:has(textarea:focus)]:border-token-border-xheavy [&amp;:has(textarea:focus)]:shadow-[0_2px_6px_rgba(0,0,0,.05)] flex flex-col w-full dark:border-token-border-heavy flex-grow relativna granica border-token-border-heavy tamno:text-white rounded-2xl bg-white tamno:bg-gray-800 shadow-[0_0_0_2px_rgba(255,255,255,0.95)] tamno:shadow-[0_0_0_2px_rgba(52,53,65,0.95)]\">\n<div data-grammarly-part=\"button\">\n<div>\n<div>\n<div class=\"amkYk\">\n<div>\n<div class=\"ptGJG\"><\/div>\n<\/div>\n<\/div>\n<\/div>\n<\/div>\n<\/div>\n<\/div>\n<\/div>\n<\/div>\n<\/div>\n","protected":false},"excerpt":{"rendered":"<p>Revitalizirajte svoje HP EliteBook ili ZBook prijenosno ra\u010dunalo s na\u0161im originalnim pojedina\u010dnim klju\u010dem tipkovnice (6037BOO85805) za modele kao \u0161to su 840 G1 G2, 850 G1 G2, ZBook 14 G1\/G2, 15u G2. Ova tipka s rasporedom u Velikoj Britaniji savr\u0161eno odgovara va\u0161oj tipkovnici, uklju\u010duju\u0107i tipku i kop\u010de tipkovnice za jednostavnu instalaciju. Stvarne fotografije proizvoda jam\u010de autenti\u010dnost. Obratite nam se za personaliziranu pomo\u0107 jer nema uputa.<\/p>\n","protected":false},"featured_media":29485,"template":"","meta":[],"product_brand":[],"product_cat":[59],"product_tag":[],"class_list":{"0":"post-22226","1":"product","2":"type-product","3":"status-publish","4":"has-post-thumbnail","6":"product_cat-individual-keyboard-keys","8":"first","9":"instock","10":"taxable","11":"shipping-taxable","12":"purchasable","13":"product-type-simple"},"_links":{"self":[{"href":"https:\/\/boreait.com\/hr\/wp-json\/wp\/v2\/product\/22226","targetHints":{"allow":["GET"]}}],"collection":[{"href":"https:\/\/boreait.com\/hr\/wp-json\/wp\/v2\/product"}],"about":[{"href":"https:\/\/boreait.com\/hr\/wp-json\/wp\/v2\/types\/product"}],"wp:featuredmedia":[{"embeddable":true,"href":"https:\/\/boreait.com\/hr\/wp-json\/wp\/v2\/media\/29485"}],"wp:attachment":[{"href":"https:\/\/boreait.com\/hr\/wp-json\/wp\/v2\/media?parent=22226"}],"wp:term":[{"taxonomy":"product_brand","embeddable":true,"href":"https:\/\/boreait.com\/hr\/wp-json\/wp\/v2\/product_brand?post=22226"},{"taxonomy":"product_cat","embeddable":true,"href":"https:\/\/boreait.com\/hr\/wp-json\/wp\/v2\/product_cat?post=22226"},{"taxonomy":"product_tag","embeddable":true,"href":"https:\/\/boreait.com\/hr\/wp-json\/wp\/v2\/product_tag?post=22226"}],"curies":[{"name":"wp","href":"https:\/\/api.w.org\/{rel}","templated":true}]}}