{"id":22224,"date":"2025-07-25T11:51:07","date_gmt":"2025-07-25T11:51:07","guid":{"rendered":"https:\/\/boreait.com\/hr\/?post_type=product&#038;p=22224"},"modified":"2025-07-25T11:52:06","modified_gmt":"2025-07-25T11:52:06","slug":"tipkovnica-hp-701986-001-prijenosnog-racunala-za-elitebook-8570p-550125w00-035-g-uk-raspored-dijelovi-prijenosnog-racunala","status":"publish","type":"product","link":"https:\/\/boreait.com\/hr\/product\/tipkovnica-hp-701986-001-prijenosnog-racunala-za-elitebook-8570p-550125w00-035-g-uk-raspored-dijelovi-prijenosnog-racunala\/","title":{"rendered":"Tipkovnica HP 701986-001 prijenosnog ra\u010dunala za EliteBook 8570p | 550125W00-035-G | UK raspored | Dijelovi prijenosnog ra\u010dunala"},"content":{"rendered":"<div class=\"flex-1 overflow-hidden\">\n<div class=\"react-scroll-to-bottom--css-jgrcx-79elbk h-full\">\n<div class=\"react-scroll-to-bottom--css-jgrcx-1n7m0yu\">\n<div class=\"flex flex-col pb-9 text-sm\">\n<div class=\"w-full text-token-text-primary\" data-testid=\"conversation-turn-9\">\n<div class=\"px-4 py-2 justify-center text-base md:gap-6 m-auto\">\n<div class=\"flex flex-1 text-base mx-auto gap-3 md:px-5 lg:px-1 xl:px-5 md:max-w-3xl lg:max-w-[40rem] xl:max-w-[48rem] final-completion grupe\">\n<div class=\"relative flex w-full flex-col lg:w-[calc(100%-115px)] agent-turn\">\n<div class=\"flex-col gap-1 md:gap-3\">\n<div class=\"flex flex-grow flex-col max-w-full\">\n<div class=\"min-h-[20px] text-message flex flex-col items-start gap-3 whitespace-pre-wrap break-words [.text-message+&amp;]:mt-5 overflow-x-auto\" data-message-author-role=\"asistent\" data-message-id=\"a962f754-2b31-493b-bd3c-1c9df5120eef\">\n<div class=\"markdown prose w-full break-words dark:prose-invert light\">\n<p><strong>DOSTUPNE KLJU\u010cEVE MO\u017dETE VIDJETI NA FOTOGRAFIJI U OPISU!<\/strong><\/p>\n<p>Po\u0161aljite nam poruku nakon \u0161to napravite narud\u017ebu i recite nam koji klju\u010d\/klju\u010deve trebate.<\/p>\n<p>Revitalizirajte svoje prijenosno ra\u010dunalo EliteBook 8570p s na\u0161im originalnim HP 701986-001 klju\u010dem za tipkovnicu prijenosnog ra\u010dunala. Ovaj pojedina\u010dni dio za prijenosno ra\u010dunalo, s rasporedom za UK (550125W00-035-G), dizajniran je za besprijekornu integraciju u va\u0161u postoje\u0107u tipkovnicu, pru\u017eaju\u0107i pouzdano rje\u0161enje za tipke koje nedostaju ili su o\u0161te\u0107ene.<\/p>\n<p>Autenti\u010dnost je najva\u017enija, a na\u0161e prave fotografije proizvoda u popisu nude jasan pogled na klju\u010d i \u0161arke uklju\u010dene u paket. Sveobuhvatni set uklju\u010duje tipku tipkovnice i kop\u010de (\u0161arke), \u010dime se osigurava lak postupak zamjene.<\/p>\n<p>Va\u017ena napomena: Iako ne pru\u017eamo upute korak po korak, tu smo da vam pomognemo. Slobodno nam po\u0161aljite poruku za personaliziranu pomo\u0107. Kako biste odr\u017eali integritet va\u0161eg prijenosnog ra\u010dunala, nemojte silom stavljati novi klju\u010d na mjesto jer su \u0161arke osjetljive. Sve dostupne tipke tipkovnice prikazane su na fotografiji popisa, \u0161to vam poma\u017ee u odabiru savr\u0161enog spoja za va\u0161 model EliteBook.<\/p>\n<p>Za osiguranje kompatibilnosti, unakrsne reference na brojeve dijelova, uklju\u010duju\u0107i 550125W00-035-G, i provjerite raspored za UK. Svaka tipka je autenti\u010dna zamjena, izra\u0111ena s precizno\u0161\u0107u za ugodno iskustvo tipkanja.<\/p>\n<p>Kada postavljate novu tipku, budite oprezni i pogledajte fotografiju koja prikazuje mehanizam tipke kako biste osigurali kompatibilnost s va\u0161im modelom tipkovnice.<\/p>\n<p>Odaberite na\u0161 HP 701986-001 tipkovni\u010dki klju\u010d za prijenosno ra\u010dunalo za EliteBook 8570p za kvalitetu, autenti\u010dnost i glatki proces zamjene. Unaprijedite funkcionalnost svog prijenosnog ra\u010dunala ve\u0107 danas i budite uvjereni da smo tu da vam pru\u017eimo podr\u0161ku tijekom cijelog va\u0161eg puta kupnje.<\/p>\n<\/div>\n<\/div>\n<\/div>\n<div class=\"mt-1 flex justify-start gap-3 empty:hidden\">\n<div class=\"text-gray-400 flex self-end lg:self-center justify-center lg:justify-start mt-0 gap-1 visible\">\n<p>&nbsp;<\/p>\n<div class=\"flex gap-1\"><\/div>\n<div class=\"flex items-center gap-1.5 text-xs\"><\/div>\n<\/div>\n<\/div>\n<\/div>\n<\/div>\n<\/div>\n<\/div>\n<\/div>\n<\/div>\n<\/div>\n<\/div>\n<\/div>\n<div class=\"w-full pt-2 md:pt-0 dark:border-white\/20 md:border-transparent md:dark:border-transparent md:w-[calc(100%-.5rem)]\">\n<div class=\"relative flex h-full flex-1 items-stretch md:flex-col\">\n<div class=\"flex w-full items-center\">\n<div class=\"overflow-hidden [&amp;:has(textarea:focus)]:border-token-border-xheavy [&amp;:has(textarea:focus)]:shadow-[0_2px_6px_rgba(0,0,0,.05)] flex flex-col w-full dark:border-token-border-heavy flex-grow relativna granica border-token-border-heavy tamno:text-white rounded-2xl bg-white tamno:bg-gray-800 shadow-[0_0_0_2px_rgba(255,255,255,0.95)] tamno:shadow-[0_0_0_2px_rgba(52,53,65,0.95)]\">\n<div data-grammarly-part=\"button\">\n<div>\n<div>\n<div class=\"amkYk\">\n<div>\n<div class=\"ptGJG\"><\/div>\n<\/div>\n<\/div>\n<\/div>\n<\/div>\n<\/div>\n<\/div>\n<\/div>\n<\/div>\n<\/div>\n","protected":false},"excerpt":{"rendered":"<p>Zamijenite tipke koje nedostaju ili su o\u0161te\u0107ene na va\u0161em EliteBook 8570p na\u0161im originalnim HP 701986-001 klju\u010dem za tipkovnicu prijenosnog ra\u010dunala. Ovaj UK layout klju\u010d (550125W00-035-G) savr\u0161eno odgovara va\u0161em prijenosnom ra\u010dunalu. Paket uklju\u010duje tipku i kop\u010de za tipkovnicu za jednostavno postavljanje. Prave fotografije proizvoda jam\u010de pouzdanu kupnju. Obratite nam se za personaliziranu pomo\u0107 jer nema uputa.<\/p>\n","protected":false},"featured_media":22286,"template":"","meta":[],"product_brand":[],"product_cat":[59],"product_tag":[60],"class_list":{"0":"post-22224","1":"product","2":"type-product","3":"status-publish","4":"has-post-thumbnail","6":"product_cat-individual-keyboard-keys","7":"product_tag-hp","9":"first","10":"instock","11":"taxable","12":"shipping-taxable","13":"purchasable","14":"product-type-simple"},"_links":{"self":[{"href":"https:\/\/boreait.com\/hr\/wp-json\/wp\/v2\/product\/22224","targetHints":{"allow":["GET"]}}],"collection":[{"href":"https:\/\/boreait.com\/hr\/wp-json\/wp\/v2\/product"}],"about":[{"href":"https:\/\/boreait.com\/hr\/wp-json\/wp\/v2\/types\/product"}],"wp:featuredmedia":[{"embeddable":true,"href":"https:\/\/boreait.com\/hr\/wp-json\/wp\/v2\/media\/22286"}],"wp:attachment":[{"href":"https:\/\/boreait.com\/hr\/wp-json\/wp\/v2\/media?parent=22224"}],"wp:term":[{"taxonomy":"product_brand","embeddable":true,"href":"https:\/\/boreait.com\/hr\/wp-json\/wp\/v2\/product_brand?post=22224"},{"taxonomy":"product_cat","embeddable":true,"href":"https:\/\/boreait.com\/hr\/wp-json\/wp\/v2\/product_cat?post=22224"},{"taxonomy":"product_tag","embeddable":true,"href":"https:\/\/boreait.com\/hr\/wp-json\/wp\/v2\/product_tag?post=22224"}],"curies":[{"name":"wp","href":"https:\/\/api.w.org\/{rel}","templated":true}]}}