{"id":22208,"date":"2025-07-25T11:50:45","date_gmt":"2025-07-25T11:50:45","guid":{"rendered":"https:\/\/boreait.com\/hr\/?post_type=product&#038;p=22208"},"modified":"2025-07-25T11:52:02","modified_gmt":"2025-07-25T11:52:02","slug":"rtdpart-tipka-na-tipkovnici-prijenosnog-racunala-za-lenovo-thinkpad-13-gen-2-t470s-t460s-uk-pozadinsko-osvjetljenje-sn20q84155-quertz-raspored-zamjenski-kljuc","status":"publish","type":"product","link":"https:\/\/boreait.com\/hr\/product\/rtdpart-tipka-na-tipkovnici-prijenosnog-racunala-za-lenovo-thinkpad-13-gen-2-t470s-t460s-uk-pozadinsko-osvjetljenje-sn20q84155-quertz-raspored-zamjenski-kljuc\/","title":{"rendered":"RTDpart tipka na tipkovnici prijenosnog ra\u010dunala za Lenovo Thinkpad 13 Gen 2 T470S T460S UK &#8211; pozadinsko osvjetljenje | SN20Q84155 | QUERTZ Raspored | Zamjenski klju\u010d"},"content":{"rendered":"<p><strong>DOSTUPNE KLJU\u010cEVE MO\u017dETE VIDJETI NA FOTOGRAFIJI U POPISU!<\/strong><\/p>\n<p>Po\u0161aljite nam poruku nakon \u0161to napravite narud\u017ebu i recite nam koji klju\u010d\/klju\u010deve trebate.<\/p>\n<p>Pobolj\u0161ajte svoje iskustvo prijenosnog ra\u010dunala s na\u0161im RTDpart klju\u010dem tipkovnice za prijenosno ra\u010dunalo dizajniranim posebno za modele Lenovo Thinkpad 13 Gen 2, T470S i T460S. Ova zamjenska tipka (SN20Q84155) ima QUERTZ raspored s pozadinskim osvjetljenjem, pru\u017eaju\u0107i besprijekornu integraciju u va\u0161u postoje\u0107u tipkovnicu.<\/p>\n<p>Autenti\u010dnost i preciznost su na\u0161i prioriteti. Sve fotografije proizvoda u popisu su originalne, nude\u0107i vam jasan pogled na klju\u010d i \u0161arke koje \u0107ete dobiti. Paket uklju\u010duje tipku tipkovnice i kop\u010de (\u0161arke), osiguravaju\u0107i sveobuhvatno rje\u0161enje za potrebe tipkovnice va\u0161eg prijenosnog ra\u010dunala.<\/p>\n<p>Va\u017ena napomena: Ne dajemo upute korak po korak, ali va\u0161e zadovoljstvo na\u0161 je glavni prioritet. Ako vam je potrebna pomo\u0107, slobodno nam po\u0161aljite poruku. Budite oprezni tijekom postavljanja kako biste izbjegli o\u0161te\u0107enje osjetljivih \u0161arki. Sve dostupne tipke na tipkovnici prikazane su na fotografiji popisa, \u0161to vam poma\u017ee da prona\u0111ete savr\u0161enu kombinaciju za va\u0161e prijenosno ra\u010dunalo Lenovo.<\/p>\n<p>Za osiguranje kompatibilnosti, unakrsne reference na brojeve dijelova, uklju\u010duju\u0107i SN20Q84155, i provjerite QUERTZ izgled. Svaka tipka je originalna zamjena, pomno izra\u0111ena da pru\u017ei besprijekorno iskustvo tipkanja.<\/p>\n<p>Kada postavljate novi klju\u010d, nemojte ga silom postavljati na mjesto jer su \u0161arke osjetljive. Pa\u017eljivo pogledajte fotografiju koja prikazuje mehanizam tipke kako biste bili sigurni da odgovara va\u0161em modelu tipkovnice.<\/p>\n<p>Odaberite na\u0161 RTDpart klju\u010d za tipkovnicu prijenosnog ra\u010dunala za kvalitetu, autenti\u010dnost i postupak zamjene bez muke. Pobolj\u0161ajte funkcionalnost svog prijenosnog ra\u010dunala ve\u0107 danas i budite uvjereni da smo tu da vam pru\u017eimo podr\u0161ku tijekom cijelog va\u0161eg puta kupnje.<\/p>\n","protected":false},"excerpt":{"rendered":"<p>Nadogradite svoje prijenosno ra\u010dunalo Lenovo Thinkpad 13 Gen 2 T470S ili T460S s na\u0161om vrhunskom QUERTZ tipkom tipkovnice s pozadinskim osvjetljenjem (SN20Q84155). Ovaj zamjenski klju\u010d, uklju\u010duju\u0107i kop\u010de za tipkovnicu (\u0161arke), savr\u0161eno odgovara va\u0161em prijenosnom ra\u010dunalu. Autenti\u010dne fotografije proizvoda, oprez tijekom instalacije i jamstvo kompatibilnosti \u010dine ga idealnim izborom. Kontaktirajte nas za personaliziranu pomo\u0107 pri kupnji.<\/p>\n","protected":false},"featured_media":22282,"template":"","meta":[],"product_brand":[],"product_cat":[59],"product_tag":[61],"class_list":{"0":"post-22208","1":"product","2":"type-product","3":"status-publish","4":"has-post-thumbnail","6":"product_cat-individual-keyboard-keys","7":"product_tag-lenovo","9":"first","10":"instock","11":"taxable","12":"shipping-taxable","13":"purchasable","14":"product-type-simple"},"_links":{"self":[{"href":"https:\/\/boreait.com\/hr\/wp-json\/wp\/v2\/product\/22208","targetHints":{"allow":["GET"]}}],"collection":[{"href":"https:\/\/boreait.com\/hr\/wp-json\/wp\/v2\/product"}],"about":[{"href":"https:\/\/boreait.com\/hr\/wp-json\/wp\/v2\/types\/product"}],"wp:featuredmedia":[{"embeddable":true,"href":"https:\/\/boreait.com\/hr\/wp-json\/wp\/v2\/media\/22282"}],"wp:attachment":[{"href":"https:\/\/boreait.com\/hr\/wp-json\/wp\/v2\/media?parent=22208"}],"wp:term":[{"taxonomy":"product_brand","embeddable":true,"href":"https:\/\/boreait.com\/hr\/wp-json\/wp\/v2\/product_brand?post=22208"},{"taxonomy":"product_cat","embeddable":true,"href":"https:\/\/boreait.com\/hr\/wp-json\/wp\/v2\/product_cat?post=22208"},{"taxonomy":"product_tag","embeddable":true,"href":"https:\/\/boreait.com\/hr\/wp-json\/wp\/v2\/product_tag?post=22208"}],"curies":[{"name":"wp","href":"https:\/\/api.w.org\/{rel}","templated":true}]}}