{"id":22201,"date":"2025-07-25T11:50:44","date_gmt":"2025-07-25T11:50:44","guid":{"rendered":"https:\/\/boreait.com\/hr\/?post_type=product&#038;p=22201"},"modified":"2026-01-19T08:04:36","modified_gmt":"2026-01-19T08:04:36","slug":"originalni-dijelovi-za-prijenosna-racunala-0gp262-ram-memorija-poklopac-kucista-za-dell-inspiron-15-1525-1526","status":"publish","type":"product","link":"https:\/\/boreait.com\/hr\/product\/originalni-dijelovi-za-prijenosna-racunala-0gp262-ram-memorija-poklopac-kucista-za-dell-inspiron-15-1525-1526\/","title":{"rendered":"Originalni dijelovi za prijenosna ra\u010dunala &#8211; 0gp262 RAM memorija, poklopac ku\u0107i\u0161ta za Dell Inspiron 15 &#8211; 1525\/1526"},"content":{"rendered":"<p>Otkrijte snagu besprijekornih nadogradnji s na\u0161im originalnim poklopcem ku\u0107i\u0161ta RAM memorije za Dell Inspiron 15 &#8211; 1525\/1526 (broj dijela: 0gp262). Kao entuzijasti prijenosnih ra\u010dunala, razumijemo va\u017enost pouzdanih performansi, a ovaj poklopac je dizajniran da podigne va\u0161e iskustvo.<\/p>\n<p><strong>Kompatibilnost i osiguranje kvalitete:<\/strong> Izra\u0111en s precizno\u0161\u0107u, ovaj poklopac je kompatibilan sa \u0161irokim rasponom prijenosnih ra\u010dunala, osiguravaju\u0107i svestranost u njegovoj upotrebi. Podvrgava se rigoroznim provjerama kvalitete, \u0161to jam\u010di da \u0107ete dobiti originalan i pouzdan proizvod za svoje prijenosno ra\u010dunalo.<\/p>\n<p><strong>Pobolj\u0161ana izvedba:<\/strong> Otklju\u010dajte pravi potencijal svog prijenosnog ra\u010dunala nadogradnjom njegove memorije. Ovaj pokrovni poklopac omogu\u0107uje jednostavan pristup RAM-u, omogu\u0107uju\u0107i vam neometanu instalaciju i nadogradnju memorije prijenosnog ra\u010dunala. Iskusite ve\u0107e brzine obrade i pobolj\u0161ane mogu\u0107nosti multitaskinga.<\/p>\n<p><strong>Jednostavna instalacija:<\/strong> Ne morate biti tehni\u010dki stru\u010dnjak! Na\u0161 pokrovni poklopac dizajniran je za jednostavnu monta\u017eu, \u0161to ga \u010dini dostupnim svim korisnicima. Iako ne dajemo posebne upute, slobodno nam po\u0161aljite poruku ako trebate dodatne smjernice ili imate pitanja.<\/p>\n<p><strong>Optimalna za\u0161tita:<\/strong> komponente va\u0161eg prijenosnog ra\u010dunala zaslu\u017euju najbolju za\u0161titu. Na\u0161 poklopac ne samo da olak\u0161ava nadogradnju, ve\u0107 tako\u0111er osigurava da RAM memorija ostane za\u0161ti\u0107ena od pra\u0161ine i vanjskih elemenata.<\/p>\n<p><strong>Dostava diljem svijeta:<\/strong> Bilo da se nalazite u Europi ili bilo gdje drugdje u svijetu, tu smo da zadovoljimo potrebe va\u0161eg prijenosnog ra\u010dunala. Iskoristite na\u0161u brzu i pouzdanu uslugu dostave diljem svijeta.<\/p>\n<p><strong>Prave fotografije, stvarna garancija:<\/strong> fotografije koje vidite autenti\u010dne su slike proizvoda koji \u0107ete dobiti. Vjerujemo u transparentnost, a ono \u0161to vidite je upravo ono \u0161to \u0107ete i dobiti.<\/p>\n<p>Nadogradite svoje prijenosno ra\u010dunalo s povjerenjem &#8211; odaberite na\u0161 originalni poklopac ku\u0107i\u0161ta RAM memorije danas. Ako imate pitanja ili trebate pomo\u0107, slobodno nam po\u0161aljite poruku. Otklju\u010dajte pravi potencijal svog prijenosnog ra\u010dunala uz Siggmo.<\/p>\n","protected":false},"excerpt":{"rendered":"<p>Pobolj\u0161ajte mogu\u0107nosti svog prijenosnog ra\u010dunala s na\u0161im originalnim poklopcem ku\u0107i\u0161ta RAM memorije. Nadogradite memoriju svog prijenosnog ra\u010dunala neprimjetno i do\u017eivite pobolj\u0161ane performanse. Visokokvalitetan i jednostavan za postavljanje, ovaj pokrovni poklopac osigurava optimalnu za\u0161titu za klju\u010dne komponente va\u0161eg prijenosnog ra\u010dunala.<\/p>\n","protected":false},"featured_media":22262,"template":"","meta":[],"product_brand":[],"product_cat":[51],"product_tag":[52],"class_list":{"0":"post-22201","1":"product","2":"type-product","3":"status-publish","4":"has-post-thumbnail","6":"product_cat-laptop-housing","7":"product_tag-dell","9":"first","10":"instock","11":"taxable","12":"shipping-taxable","13":"purchasable","14":"product-type-simple"},"_links":{"self":[{"href":"https:\/\/boreait.com\/hr\/wp-json\/wp\/v2\/product\/22201","targetHints":{"allow":["GET"]}}],"collection":[{"href":"https:\/\/boreait.com\/hr\/wp-json\/wp\/v2\/product"}],"about":[{"href":"https:\/\/boreait.com\/hr\/wp-json\/wp\/v2\/types\/product"}],"wp:featuredmedia":[{"embeddable":true,"href":"https:\/\/boreait.com\/hr\/wp-json\/wp\/v2\/media\/22262"}],"wp:attachment":[{"href":"https:\/\/boreait.com\/hr\/wp-json\/wp\/v2\/media?parent=22201"}],"wp:term":[{"taxonomy":"product_brand","embeddable":true,"href":"https:\/\/boreait.com\/hr\/wp-json\/wp\/v2\/product_brand?post=22201"},{"taxonomy":"product_cat","embeddable":true,"href":"https:\/\/boreait.com\/hr\/wp-json\/wp\/v2\/product_cat?post=22201"},{"taxonomy":"product_tag","embeddable":true,"href":"https:\/\/boreait.com\/hr\/wp-json\/wp\/v2\/product_tag?post=22201"}],"curies":[{"name":"wp","href":"https:\/\/api.w.org\/{rel}","templated":true}]}}