{"id":22183,"date":"2025-07-25T11:50:20","date_gmt":"2025-07-25T11:50:20","guid":{"rendered":"https:\/\/boreait.com\/hr\/?post_type=product&#038;p=22183"},"modified":"2026-01-19T08:03:34","modified_gmt":"2026-01-19T08:03:34","slug":"dell-vostro-1015-interna-kartica-bluetooth-modula-s-kabelom-0cw725-dijelovi-prijenosnog-racunala","status":"publish","type":"product","link":"https:\/\/boreait.com\/hr\/product\/dell-vostro-1015-interna-kartica-bluetooth-modula-s-kabelom-0cw725-dijelovi-prijenosnog-racunala\/","title":{"rendered":"Dell Vostro 1015 interna kartica Bluetooth modula s kabelom 0CW725 Dijelovi prijenosnog ra\u010dunala"},"content":{"rendered":"<p>Otklju\u010dajte pobolj\u0161anu povezivost za svoje prijenosno ra\u010dunalo Dell Vostro 1015 s na\u0161om visokokvalitetnom karticom internog Bluetooth modula s pouzdanim kabelom &#8211; broj dijela 0CW725. Ovaj originalni Dell proizvod osigurava kompatibilnost i optimalnu izvedbu, pru\u017eaju\u0107i vam besprijekoran Bluetooth do\u017eivljaj.<\/p>\n<p><strong>Klju\u010dne zna\u010dajke:<\/strong><\/p>\n<ul>\n<li><strong>Kompatibilnost:<\/strong> Posebno dizajnirano za prijenosna ra\u010dunala Dell Vostro 1015.<\/li>\n<li><strong>Brza dostava:<\/strong> Razumijemo hitnost va\u0161ih potreba. Na\u0161a u\u010dinkovita dostava osigurava da va\u0161 dio stigne brzo.<\/li>\n<li><strong>Prava kvaliteta:<\/strong> Vjerujte u autenti\u010dnost Bluetooth modula Dell 0CW725 za besprijekornu integraciju i performanse.<\/li>\n<li><strong>Jednostavna instalacija:<\/strong> Iako ne dajemo upute za instalaciju, slobodno se obratite ako trebate pomo\u0107.<\/li>\n<\/ul>\n<p>Nadogradite svoje prijenosno ra\u010dunalo danas i u\u017eivajte u pogodnostima Bluetooth povezivanja. Napominjemo da su fotografije u popisu stvarne slike dijelova koje \u0107ete dobiti, \u010dime se osigurava transparentnost i povjerenje u va\u0161u kupnju.<\/p>\n<p>Za sve upite ili dodatnu podr\u0161ku, ne ustru\u010davajte se poslati nam poruku. Unaprijedite svoj Dell Vostro 1015 najnovijom Bluetooth tehnologijom!<\/p>\n","protected":false},"excerpt":{"rendered":"<p>Pove\u0107ajte mogu\u0107nosti svog prijenosnog ra\u010dunala Dell Vostro 1015 s na\u0161om karticom unutarnjeg Bluetooth modula! Originalni dio 0CW725 osigurava besprijekornu povezanost, a mi jam\u010dimo brzu isporuku. Nadogradite danas!<\/p>\n","protected":false},"featured_media":22254,"template":"","meta":[],"product_brand":[],"product_cat":[62],"product_tag":[52],"class_list":{"0":"post-22183","1":"product","2":"type-product","3":"status-publish","4":"has-post-thumbnail","6":"product_cat-motherboards-board-parts","7":"product_tag-dell","9":"first","10":"instock","11":"taxable","12":"shipping-taxable","13":"purchasable","14":"product-type-simple"},"_links":{"self":[{"href":"https:\/\/boreait.com\/hr\/wp-json\/wp\/v2\/product\/22183","targetHints":{"allow":["GET"]}}],"collection":[{"href":"https:\/\/boreait.com\/hr\/wp-json\/wp\/v2\/product"}],"about":[{"href":"https:\/\/boreait.com\/hr\/wp-json\/wp\/v2\/types\/product"}],"wp:featuredmedia":[{"embeddable":true,"href":"https:\/\/boreait.com\/hr\/wp-json\/wp\/v2\/media\/22254"}],"wp:attachment":[{"href":"https:\/\/boreait.com\/hr\/wp-json\/wp\/v2\/media?parent=22183"}],"wp:term":[{"taxonomy":"product_brand","embeddable":true,"href":"https:\/\/boreait.com\/hr\/wp-json\/wp\/v2\/product_brand?post=22183"},{"taxonomy":"product_cat","embeddable":true,"href":"https:\/\/boreait.com\/hr\/wp-json\/wp\/v2\/product_cat?post=22183"},{"taxonomy":"product_tag","embeddable":true,"href":"https:\/\/boreait.com\/hr\/wp-json\/wp\/v2\/product_tag?post=22183"}],"curies":[{"name":"wp","href":"https:\/\/api.w.org\/{rel}","templated":true}]}}