{"id":22165,"date":"2025-07-25T11:49:58","date_gmt":"2025-07-25T11:49:58","guid":{"rendered":"https:\/\/boreait.com\/hr\/?post_type=product&#038;p=22165"},"modified":"2026-01-19T08:02:03","modified_gmt":"2026-01-19T08:02:03","slug":"originalni-dell-inspiron-1525-lcd-kabel-led-zaslon-sa-savitljivom-trakom-0wk447-50-4w001-301","status":"publish","type":"product","link":"https:\/\/boreait.com\/hr\/product\/originalni-dell-inspiron-1525-lcd-kabel-led-zaslon-sa-savitljivom-trakom-0wk447-50-4w001-301\/","title":{"rendered":"Originalni Dell Inspiron 1525 LCD kabel &#8211; LED zaslon sa savitljivom trakom 0WK447 50.4W001.301"},"content":{"rendered":"<p>Pobolj\u0161ajte vizualni do\u017eivljaj svog prijenosnog ra\u010dunala Dell Inspiron 1525 s na\u0161im originalnim Dell LCD kabelom. Ovaj visokokvalitetni kabel, s brojem dijela 0WK447, dizajniran je za pru\u017eanje pouzdane i sigurne veze za savitljivu vrpcu LED zaslona, osiguravaju\u0107i optimalnu izvedbu.<\/p>\n<p><strong>Kompatibilnost:<\/strong> Ovaj LCD kabel posebno je dizajniran za kori\u0161tenje s prijenosnim ra\u010dunalima Dell Inspiron 1525. Provjerite kompatibilnost sa svojim ure\u0111ajem prije kupnje kako biste u\u017eivali u besprijekornom procesu instalacije.<\/p>\n<p><strong>Kvaliteta u koju mo\u017eete vjerovati:<\/strong> u [Naziv va\u0161e web-lokacije] dajemo prednost kvaliteti. Ovaj Dell LCD kabel originalni je dio koji nudi garanciju kompatibilnosti i performansi. Svaki je kabel pa\u017eljivo pregledan kako bi zadovoljio najvi\u0161e standarde, pru\u017eaju\u0107i vam trajno i u\u010dinkovito rje\u0161enje za va\u0161e prijenosno ra\u010dunalo.<\/p>\n<p><strong>Jednostavna instalacija:<\/strong> Iako ne dajemo posebne upute za zamjenu, ovaj Dell LCD kabel dizajniran je za jednostavnu instalaciju. Ako nai\u0111ete na bilo kakve probleme ili imate pitanja tijekom postupka, slobodno nam se obratite za pomo\u0107. Ovdje smo da vam pomognemo da izvu\u010dete maksimum iz svoje kupnje.<\/p>\n<p><strong>Pravi proizvod, stvarne fotografije:<\/strong> Prikazane slike proizvoda su autenti\u010dne fotografije LCD kabela Dell Inspiron 1525 koji \u0107ete dobiti. Vjerujemo u transparentnost, a ove stvarne fotografije prikazuju to\u010dan proizvod koji mo\u017eete o\u010dekivati.<\/p>\n<p>Nadogradite svoj Dell Inspiron 1525 s povjerenjem \u2013 ulo\u017eite u originalni Dell LCD kabel za vrhunski vizualni do\u017eivljaj. Ako trebate dodatnu pomo\u0107 ili imate bilo kakvih pitanja, slobodno nas kontaktirajte. Va\u0161e zadovoljstvo na\u0161 je prioritet.<\/p>\n","protected":false},"excerpt":{"rendered":"<p>Nadogradite svoj Dell Inspiron 1525 ovim originalnim LCD kabelom, broj dijela 0WK447. U\u017eivajte u jasnim slikama i pouzdanim performansama uz ovaj savitljivi LED zaslon. Kompatibilan s prijenosnim ra\u010dunalima Dell Inspiron 1525, ovaj kabel osigurava besprijekornu vezu za \u017eivopisno iskustvo gledanja. Vjerujte u kvalitetu, vjerujte u originalne Dell dijelove.<\/p>\n","protected":false},"featured_media":22238,"template":"","meta":[],"product_brand":[],"product_cat":[55],"product_tag":[52],"class_list":{"0":"post-22165","1":"product","2":"type-product","3":"status-publish","4":"has-post-thumbnail","6":"product_cat-cables","7":"product_tag-dell","9":"first","10":"instock","11":"taxable","12":"shipping-taxable","13":"purchasable","14":"product-type-simple"},"_links":{"self":[{"href":"https:\/\/boreait.com\/hr\/wp-json\/wp\/v2\/product\/22165","targetHints":{"allow":["GET"]}}],"collection":[{"href":"https:\/\/boreait.com\/hr\/wp-json\/wp\/v2\/product"}],"about":[{"href":"https:\/\/boreait.com\/hr\/wp-json\/wp\/v2\/types\/product"}],"wp:featuredmedia":[{"embeddable":true,"href":"https:\/\/boreait.com\/hr\/wp-json\/wp\/v2\/media\/22238"}],"wp:attachment":[{"href":"https:\/\/boreait.com\/hr\/wp-json\/wp\/v2\/media?parent=22165"}],"wp:term":[{"taxonomy":"product_brand","embeddable":true,"href":"https:\/\/boreait.com\/hr\/wp-json\/wp\/v2\/product_brand?post=22165"},{"taxonomy":"product_cat","embeddable":true,"href":"https:\/\/boreait.com\/hr\/wp-json\/wp\/v2\/product_cat?post=22165"},{"taxonomy":"product_tag","embeddable":true,"href":"https:\/\/boreait.com\/hr\/wp-json\/wp\/v2\/product_tag?post=22165"}],"curies":[{"name":"wp","href":"https:\/\/api.w.org\/{rel}","templated":true}]}}