{"id":22159,"date":"2025-07-25T11:49:58","date_gmt":"2025-07-25T11:49:58","guid":{"rendered":"https:\/\/boreait.com\/hr\/?post_type=product&#038;p=22159"},"modified":"2026-01-13T13:52:15","modified_gmt":"2026-01-13T13:52:15","slug":"originalni-lcd-fleksibilni-kabel-za-prijenosno-racunalo-lenovo-thinkpad-t430s-2355-0b41092-led-zamjenski-dio","status":"publish","type":"product","link":"https:\/\/boreait.com\/hr\/product\/originalni-lcd-fleksibilni-kabel-za-prijenosno-racunalo-lenovo-thinkpad-t430s-2355-0b41092-led-zamjenski-dio\/","title":{"rendered":"Originalni LCD fleksibilni kabel za prijenosno ra\u010dunalo Lenovo Thinkpad T430s-2355 0B41092 LED &#8211; zamjenski dio"},"content":{"rendered":"<p>Pobolj\u0161ajte vizualni do\u017eivljaj svog prijenosnog ra\u010dunala Lenovo Thinkpad T430s-2355 s originalnim Lenovo LCD savitljivim kabelom 0B41092 LED. Ovaj visokokvalitetni zamjenski dio dizajniran je za besprijekornu vezu izme\u0111u mati\u010dne plo\u010de va\u0161eg prijenosnog ra\u010dunala i zaslona, osiguravaju\u0107i optimalnu izvedbu i jasno\u0107u.<\/p>\n<p><strong>Kompatibilnost:<\/strong> Ovaj LCD fleksibilni kabel posebno je dizajniran za model Lenovo Thinkpad T430s-2355, jam\u010de\u0107i savr\u0161eno pristajanje i pouzdane performanse. To je autenti\u010dni Lenovo dio koji vam jam\u010di istu kvalitetu kao i original.<\/p>\n<p><strong>Jednostavna instalacija:<\/strong> Lako zamijenite svoj stari ili neispravni LCD Flex kabel. Iako ne pru\u017eamo upute korak po korak, na\u0161i su originalni dijelovi jednostavni za korisnike s osnovnim tehni\u010dkim vje\u0161tinama. Ako nai\u0111ete na probleme ili imate pitanja, slobodno nam po\u0161aljite poruku za pomo\u0107.<\/p>\n<p><strong>Jamstvo kvalitete:<\/strong> U Siggmu prioritet nam je kvaliteta. Na\u0161 originalni LCD fleksibilni kabel za Lenovo Thinkpad T430s-2355 temeljito je testiran kako bi zadovoljio industrijske standarde, osiguravaju\u0107i izdr\u017eljivu i pouzdanu vezu za zaslon va\u0161eg prijenosnog ra\u010dunala.<\/p>\n<p><strong>Dostava diljem svijeta:<\/strong> Bilo da se nalazite u Europi ili bilo gdje drugdje u svijetu, nudimo brzu i pouzdanu dostavu. Budite mirni znaju\u0107i da su stvarne fotografije u popisu to\u010dan prikaz proizvoda koji \u0107ete dobiti.<\/p>\n<p>Nadogradite svoj zaslon prijenosnog ra\u010dunala ve\u0107 danas s originalnim Lenovo Thinkpad T430s-2355 LCD savitljivim kabelom 0B41092 LED. Vjerujte Siggmu\u00a0 za autenti\u010dne dijelove prijenosnog ra\u010dunala, kvalitetnu uslugu i dostavu \u0161irom svijeta. Ako imate bilo kakvih pitanja ili vam je potrebna pomo\u0107, ne ustru\u010davajte se obratiti nam se. Va\u0161e zadovoljstvo na\u0161 je prioritet.<\/p>\n","protected":false},"excerpt":{"rendered":"<p>Nadogradite ili zamijenite LCD Flex kabel svog prijenosnog ra\u010dunala ovim originalnim modelom Lenovo Thinkpad T430s-2355 0B41092 LED. Osigurajte jasan zaslon i besprijekornu funkcionalnost za prijenosno ra\u010dunalo Lenovo Thinkpad T430s-2355. Vjerujte u kvalitetu i kompatibilnost \u2013 kupujte originalne dijelove za prijenosna ra\u010dunala na Siggmo.com.<\/p>\n","protected":false},"featured_media":22219,"template":"","meta":[],"product_brand":[],"product_cat":[55],"product_tag":[61],"class_list":{"0":"post-22159","1":"product","2":"type-product","3":"status-publish","4":"has-post-thumbnail","6":"product_cat-cables","7":"product_tag-lenovo","9":"first","10":"instock","11":"taxable","12":"shipping-taxable","13":"purchasable","14":"product-type-simple"},"_links":{"self":[{"href":"https:\/\/boreait.com\/hr\/wp-json\/wp\/v2\/product\/22159","targetHints":{"allow":["GET"]}}],"collection":[{"href":"https:\/\/boreait.com\/hr\/wp-json\/wp\/v2\/product"}],"about":[{"href":"https:\/\/boreait.com\/hr\/wp-json\/wp\/v2\/types\/product"}],"wp:featuredmedia":[{"embeddable":true,"href":"https:\/\/boreait.com\/hr\/wp-json\/wp\/v2\/media\/22219"}],"wp:attachment":[{"href":"https:\/\/boreait.com\/hr\/wp-json\/wp\/v2\/media?parent=22159"}],"wp:term":[{"taxonomy":"product_brand","embeddable":true,"href":"https:\/\/boreait.com\/hr\/wp-json\/wp\/v2\/product_brand?post=22159"},{"taxonomy":"product_cat","embeddable":true,"href":"https:\/\/boreait.com\/hr\/wp-json\/wp\/v2\/product_cat?post=22159"},{"taxonomy":"product_tag","embeddable":true,"href":"https:\/\/boreait.com\/hr\/wp-json\/wp\/v2\/product_tag?post=22159"}],"curies":[{"name":"wp","href":"https:\/\/api.w.org\/{rel}","templated":true}]}}