{"id":22132,"date":"2025-07-25T11:49:37","date_gmt":"2025-07-25T11:49:37","guid":{"rendered":"https:\/\/boreait.com\/hr\/?post_type=product&#038;p=22132"},"modified":"2026-01-19T07:13:10","modified_gmt":"2026-01-19T07:13:10","slug":"originalna-donja-baza-dell-pp41l-cn-0u499f-38561-9av-dijelovi-za-prijenosna-racunala","status":"publish","type":"product","link":"https:\/\/boreait.com\/hr\/product\/originalna-donja-baza-dell-pp41l-cn-0u499f-38561-9av-dijelovi-za-prijenosna-racunala\/","title":{"rendered":"Originalna donja baza Dell PP41L CN-0U499F-38561-9AV &#8211; dijelovi za prijenosna ra\u010dunala"},"content":{"rendered":"<p>Transformirajte i pobolj\u0161ajte svoje Dell prijenosno ra\u010dunalo s na\u0161om originalnom donjom bazom Dell PP41L. Izra\u0111en za izvrsnost, ovaj dio prijenosnog ra\u010dunala dizajniran je da pru\u017ei optimalne performanse, izdr\u017eljivost i besprijekornu integraciju.<\/p>\n<p><strong>Klju\u010dne zna\u010dajke:<\/strong><\/p>\n<ul>\n<li>Originalna donja baza Dell PP41L<\/li>\n<li>Jamstvo kvalitete za pouzdanost<\/li>\n<li>Jednostavan za instalaciju za brze nadogradnje<\/li>\n<\/ul>\n<p><strong>Kompatibilnost:<\/strong> Ovaj dio prijenosnog ra\u010dunala posebno je dizajniran za Dell prijenosna ra\u010dunala, osiguravaju\u0107i savr\u0161eno pristajanje i funkcionalnost. Provjerite je li va\u0161 model prijenosnog ra\u010dunala kompatibilan.<\/p>\n<p><strong>Dostava diljem svijeta:<\/strong> Shva\u0107amo va\u017enost pristupa\u010dnosti. Zato nudimo dostavu \u0161irom svijeta, donose\u0107i na\u0161e kvalitetne dijelove za prijenosna ra\u010dunala to\u010dno na va\u0161 prag, gdje god se nalazili.<\/p>\n<p><strong>Napomena:<\/strong> Ovaj popis proizvoda uklju\u010duje prave fotografije donje baze Dell PP41L. Budite uvjereni, ono \u0161to vidite to i dobivate.<\/p>\n<p>Nadogradite svoje Dell prijenosno ra\u010dunalo bez napora s ovom originalnom donjom bazom Dell PP41L. Ukoliko imate bilo kakvih pitanja ili trebate pomo\u0107 oko instalacije, slobodno nam se obratite porukom. Ne dajemo upute, ali smo tu da vam pomognemo da svoju kupnju iskoristite na najbolji na\u010din.<\/p>\n<p><strong>Naru\u010dite sada i pobolj\u0161ajte performanse svog Dell prijenosnog ra\u010dunala!<\/strong><\/p>\n","protected":false},"excerpt":{"rendered":"<p>Nadogradite svoje prijenosno ra\u010dunalo Dell ovom originalnom donjom bazom PP41L. Osiguranje kvalitete s CN-0U499F-38561-9AV. Pobolj\u0161ajte performanse i trajnost. Dostupna dostava diljem svijeta.<\/p>\n","protected":false},"featured_media":22194,"template":"","meta":[],"product_brand":[],"product_cat":[51,62],"product_tag":[61],"class_list":{"0":"post-22132","1":"product","2":"type-product","3":"status-publish","4":"has-post-thumbnail","6":"product_cat-laptop-housing","7":"product_cat-motherboards-board-parts","8":"product_tag-lenovo","10":"first","11":"instock","12":"taxable","13":"shipping-taxable","14":"purchasable","15":"product-type-simple"},"_links":{"self":[{"href":"https:\/\/boreait.com\/hr\/wp-json\/wp\/v2\/product\/22132","targetHints":{"allow":["GET"]}}],"collection":[{"href":"https:\/\/boreait.com\/hr\/wp-json\/wp\/v2\/product"}],"about":[{"href":"https:\/\/boreait.com\/hr\/wp-json\/wp\/v2\/types\/product"}],"wp:featuredmedia":[{"embeddable":true,"href":"https:\/\/boreait.com\/hr\/wp-json\/wp\/v2\/media\/22194"}],"wp:attachment":[{"href":"https:\/\/boreait.com\/hr\/wp-json\/wp\/v2\/media?parent=22132"}],"wp:term":[{"taxonomy":"product_brand","embeddable":true,"href":"https:\/\/boreait.com\/hr\/wp-json\/wp\/v2\/product_brand?post=22132"},{"taxonomy":"product_cat","embeddable":true,"href":"https:\/\/boreait.com\/hr\/wp-json\/wp\/v2\/product_cat?post=22132"},{"taxonomy":"product_tag","embeddable":true,"href":"https:\/\/boreait.com\/hr\/wp-json\/wp\/v2\/product_tag?post=22132"}],"curies":[{"name":"wp","href":"https:\/\/api.w.org\/{rel}","templated":true}]}}