{"id":22109,"date":"2025-07-25T11:49:14","date_gmt":"2025-07-25T11:49:14","guid":{"rendered":"https:\/\/boreait.com\/hr\/?post_type=product&#038;p=22109"},"modified":"2026-01-19T07:10:12","modified_gmt":"2026-01-19T07:10:12","slug":"vrata-poklopca-kucista-tvrdog-diska-za-originalno-prijenosno-racunalo-lenovo-3000-n100-oem-zamjenski-dio","status":"publish","type":"product","link":"https:\/\/boreait.com\/hr\/product\/vrata-poklopca-kucista-tvrdog-diska-za-originalno-prijenosno-racunalo-lenovo-3000-n100-oem-zamjenski-dio\/","title":{"rendered":"Vrata poklopca ku\u0107i\u0161ta tvrdog diska za originalno prijenosno ra\u010dunalo Lenovo 3000 N100 &#8211; OEM zamjenski dio"},"content":{"rendered":"<p>Nadogradite i za\u0161titite svoje prijenosno ra\u010dunalo Lenovo 3000 N100 s na\u0161im autenti\u010dnim poklopcem ku\u0107i\u0161ta HDD-a, dizajniranim kao OEM zamjenski dio koji zadovoljava najvi\u0161e standarde. Izra\u0111ena s precizno\u0161\u0107u, ova pokrovna vrata\u0161ca osiguravaju dobro pristajanje, nude\u0107i robusnu za\u0161titu za tvrdi disk va\u0161eg prijenosnog ra\u010dunala.<\/p>\n<p><strong>Klju\u010dne zna\u010dajke:<\/strong><\/p>\n<ul>\n<li><strong>Originalna OEM zamjena:<\/strong> Ova vrata\u0161ca poklopca ku\u0107i\u0161ta HDD-a autenti\u010dni su Lenovo zamjenski dio, koji jam\u010di kompatibilnost i kvalitetu.<\/li>\n<li><strong>Optimalno pristajanje:<\/strong> Projektirano da besprijekorno pristaje modelu Lenovo 3000 N100, osiguravaju\u0107i sigurno i precizno pristajanje za tvrdi disk prijenosnog ra\u010dunala.<\/li>\n<li><strong>Pobolj\u0161ana za\u0161tita:<\/strong> Za\u0161titite tvrdi disk svog prijenosnog ra\u010dunala od pra\u0161ine, ogrebotina i mogu\u0107ih o\u0161te\u0107enja ovim \u010dvrstim poklopcem ku\u0107i\u0161ta.<\/li>\n<li><strong>Jednostavna instalacija:<\/strong> Nema potrebe za kompliciranim uputama \u2013 lako instalirajte pokrovna vrata kako biste produljili vijek trajanja prijenosnog ra\u010dunala.<\/li>\n<li><strong>Pouzdana izvedba:<\/strong> Odr\u017eite optimalnu izvedbu svog prijenosnog ra\u010dunala zamjenom istro\u0161enih ili o\u0161te\u0107enih dijelova s ovim visokokvalitetnim poklopcem ku\u0107i\u0161ta HDD-a.<\/li>\n<\/ul>\n<p>Ula\u017eite u dugovje\u010dnost svog prijenosnog ra\u010dunala \u2013 kupite na\u0161a originalna vrata\u0161ca poklopca ku\u0107i\u0161ta HDD prijenosnog ra\u010dunala Lenovo 3000 N100 ve\u0107 danas. Ako imate pitanja ili trebate dodatnu pomo\u0107, slobodno nam po\u0161aljite poruku. Uz to, imajte na umu da su prikazane slike proizvoda stvarne fotografije dijela koji \u0107ete dobiti.<\/p>\n","protected":false},"excerpt":{"rendered":"<p>Pove\u0107ajte dugovje\u010dnost svog prijenosnog ra\u010dunala Lenovo 3000 N100 s na\u0161im originalnim poklopcem ku\u0107i\u0161ta za HDD. Izra\u0111ena kao OEM zamjenski dio, ova pokrovna vrata\u0161ca savr\u0161eno odgovaraju tvrdom disku va\u0161eg prijenosnog ra\u010dunala, pru\u017eaju\u0107i optimalnu za\u0161titu i funkcionalnost. Jednostavan za instalaciju, to je pouzdano rje\u0161enje za odr\u017eavanje performansi va\u0161eg prijenosnog ra\u010dunala. Nabavite svoje sada i odr\u017eavajte svoje prijenosno ra\u010dunalo u vrhunskom stanju!<\/p>\n","protected":false},"featured_media":22169,"template":"","meta":[],"product_brand":[],"product_cat":[51],"product_tag":[61],"class_list":{"0":"post-22109","1":"product","2":"type-product","3":"status-publish","4":"has-post-thumbnail","6":"product_cat-laptop-housing","7":"product_tag-lenovo","9":"first","10":"instock","11":"taxable","12":"shipping-taxable","13":"purchasable","14":"product-type-simple"},"_links":{"self":[{"href":"https:\/\/boreait.com\/hr\/wp-json\/wp\/v2\/product\/22109","targetHints":{"allow":["GET"]}}],"collection":[{"href":"https:\/\/boreait.com\/hr\/wp-json\/wp\/v2\/product"}],"about":[{"href":"https:\/\/boreait.com\/hr\/wp-json\/wp\/v2\/types\/product"}],"wp:featuredmedia":[{"embeddable":true,"href":"https:\/\/boreait.com\/hr\/wp-json\/wp\/v2\/media\/22169"}],"wp:attachment":[{"href":"https:\/\/boreait.com\/hr\/wp-json\/wp\/v2\/media?parent=22109"}],"wp:term":[{"taxonomy":"product_brand","embeddable":true,"href":"https:\/\/boreait.com\/hr\/wp-json\/wp\/v2\/product_brand?post=22109"},{"taxonomy":"product_cat","embeddable":true,"href":"https:\/\/boreait.com\/hr\/wp-json\/wp\/v2\/product_cat?post=22109"},{"taxonomy":"product_tag","embeddable":true,"href":"https:\/\/boreait.com\/hr\/wp-json\/wp\/v2\/product_tag?post=22109"}],"curies":[{"name":"wp","href":"https:\/\/api.w.org\/{rel}","templated":true}]}}