{"id":22047,"date":"2025-07-25T11:48:10","date_gmt":"2025-07-25T11:48:10","guid":{"rendered":"https:\/\/boreait.com\/hr\/?post_type=product&#038;p=22047"},"modified":"2025-07-25T11:49:16","modified_gmt":"2025-07-25T11:49:16","slug":"au-optronics-15-4-1280x800-mat-lcd-zaslon-b154ew08-v-0-zaslon-prijenosnog-racunala","status":"publish","type":"product","link":"https:\/\/boreait.com\/hr\/product\/au-optronics-15-4-1280x800-mat-lcd-zaslon-b154ew08-v-0-zaslon-prijenosnog-racunala\/","title":{"rendered":"AU Optronics 15.4&#8243; 1280&#215;800 Mat LCD zaslon B154EW08 V.0 Zaslon prijenosnog ra\u010dunala"},"content":{"rendered":"<p><strong>AU Optronics B154EW08 V.0 15,4-in\u010dni mat LCD zaslon prijenosnog ra\u010dunala 1280&#215;800 za pobolj\u0161anu udobnost gledanja<\/strong> Nadogradite svoje prijenosno ra\u010dunalo s AU Optronics B154EW08 V.0, 15,4-in\u010dnim mat LCD zaslonom dizajniranim za pru\u017eanje udobnog i visokokvalitetnog iskustva gledanja. Njegova rezolucija od 1280&#215;800 i mat zavr\u0161etak protiv odsjaja \u010dine ga odli\u010dnim izborom za profesionalnu i osobnu upotrebu, smanjuju\u0107i naprezanje o\u010diju i pobolj\u0161avaju\u0107i vidljivost u razli\u010ditim uvjetima osvjetljenja.<\/p>\n<p><strong>Klju\u010dne zna\u010dajke:<\/strong><\/p>\n<ul>\n<li><strong>Zaslon visoke razlu\u010divosti:<\/strong> U\u017eivajte u jasnim i o\u0161trim slikama s razlu\u010divo\u0161\u0107u od 1280&#215;800, idealnim za svakodnevne ra\u010dunalne potrebe.<\/li>\n<li><strong>Mat fini\u0161:<\/strong> povr\u0161ina protiv odsjaja smanjuje refleksije, nude\u0107i bolju vidljivost u svijetlim okru\u017eenjima i smanjuju\u0107i naprezanje o\u010diju.<\/li>\n<li><strong>Optimalna veli\u010dina:<\/strong> Veli\u010dina zaslona od 15,4 in\u010da savr\u0161ena je za produktivnost i multimedijske aplikacije, pru\u017eaju\u0107i dovoljno prostora za multitasking.<\/li>\n<li><strong>Jednostavna instalacija:<\/strong> Dizajniran za jednostavnu instalaciju, ovaj zaslon omogu\u0107uje nadogradnju ili zamjenu va\u0161eg trenutnog zaslona bez muke.<\/li>\n<\/ul>\n","protected":false},"excerpt":{"rendered":"<p>Pobolj\u0161ajte zaslon svog prijenosnog ra\u010dunala s AU Optronics 15,4-in\u010dnim mat LCD zaslonom, model B154EW08 V.0. Nude\u0107i razlu\u010divost od 1280&#215;800, savr\u0161en je za jasan i o\u0161tar vizualni do\u017eivljaj bez odsjaja.<\/p>\n","protected":false},"featured_media":22117,"template":"","meta":[],"product_brand":[],"product_cat":[85,56],"product_tag":[],"class_list":{"0":"post-22047","1":"product","2":"type-product","3":"status-publish","4":"has-post-thumbnail","6":"product_cat-15-4","7":"product_cat-laptop-screens-lcd-panels","9":"first","10":"instock","11":"taxable","12":"shipping-taxable","13":"purchasable","14":"product-type-simple"},"_links":{"self":[{"href":"https:\/\/boreait.com\/hr\/wp-json\/wp\/v2\/product\/22047","targetHints":{"allow":["GET"]}}],"collection":[{"href":"https:\/\/boreait.com\/hr\/wp-json\/wp\/v2\/product"}],"about":[{"href":"https:\/\/boreait.com\/hr\/wp-json\/wp\/v2\/types\/product"}],"wp:featuredmedia":[{"embeddable":true,"href":"https:\/\/boreait.com\/hr\/wp-json\/wp\/v2\/media\/22117"}],"wp:attachment":[{"href":"https:\/\/boreait.com\/hr\/wp-json\/wp\/v2\/media?parent=22047"}],"wp:term":[{"taxonomy":"product_brand","embeddable":true,"href":"https:\/\/boreait.com\/hr\/wp-json\/wp\/v2\/product_brand?post=22047"},{"taxonomy":"product_cat","embeddable":true,"href":"https:\/\/boreait.com\/hr\/wp-json\/wp\/v2\/product_cat?post=22047"},{"taxonomy":"product_tag","embeddable":true,"href":"https:\/\/boreait.com\/hr\/wp-json\/wp\/v2\/product_tag?post=22047"}],"curies":[{"name":"wp","href":"https:\/\/api.w.org\/{rel}","templated":true}]}}